{"id":11754,"date":"2025-04-08T02:18:25","date_gmt":"2025-04-08T02:18:25","guid":{"rendered":"https:\/\/toprisesafety.com\/?post_type=product&#038;p=11754"},"modified":"2025-04-14T04:19:33","modified_gmt":"2025-04-14T04:19:33","slug":"winter-latex-sandy-fully-coated-gloves","status":"publish","type":"product","link":"https:\/\/toprisesafety.com\/es\/producto\/winter-latex-sandy-fully-coated-gloves\/","title":{"rendered":"Guantes de invierno de l\u00e1tex recubiertos de arena"},"content":{"rendered":"<h2>Guantes de invierno de l\u00e1tex recubiertos de arena<\/h2>\n<ul>\n<li data-pm-slice=\"1 1 []\">Excelente protecci\u00f3n: El n\u00facleo del guante de punto de cachemira de galga 13 y el dise\u00f1o de doble ba\u00f1o de l\u00e1tex proporcionan una excelente resistencia al desgaste.<\/li>\n<li>Dise\u00f1o impermeable: El revestimiento de l\u00e1tex garantiza la resistencia al agua, es adecuado para su uso en entornos h\u00famedos y mantiene las manos secas.<\/li>\n<li>C\u00f3modo y transpirable: El material de punto de cachemira proporciona una buena permeabilidad al aire, lo que reduce la sensaci\u00f3n de congesti\u00f3n del uso a largo plazo.<\/li>\n<li>Efecto antideslizante: la parte de la mano adopta el proceso de glaseado para mejorar la fuerza de agarre y garantizar un funcionamiento estable.<\/li>\n<li>Servicios personalizados: Apoyar LOGO personalizado y embalaje para satisfacer las necesidades de promoci\u00f3n de la marca y la personalizaci\u00f3n, la mejora de la competitividad del mercado.<\/li>\n<\/ul>\n<table style=\"height: 654px;\" width=\"748\">\n<tbody>\n<tr>\n<td width=\"284\">ART NO.<\/td>\n<td width=\"335\">LXG23<\/td>\n<\/tr>\n<tr>\n<td width=\"284\">Material<\/td>\n<td width=\"335\">Cachemira de galga 13 con revestimiento de l\u00e1tex de doble capa<\/td>\n<\/tr>\n<tr>\n<td width=\"284\">Acabado<\/td>\n<td width=\"335\">L\u00e1tex de arena<\/td>\n<\/tr>\n<tr>\n<td width=\"284\">Peso<\/td>\n<td width=\"335\">M\u00e1s de 120 g\/par<\/td>\n<\/tr>\n<tr>\n<td width=\"284\">Talla<\/td>\n<td width=\"335\">26 CM<\/td>\n<\/tr>\n<tr>\n<td width=\"284\">Logotipo<\/td>\n<td width=\"335\">Serigraf\u00eda, impresi\u00f3n por transferencia t\u00e9rmica a elegir.<\/td>\n<\/tr>\n<tr>\n<td width=\"284\">Color<\/td>\n<td width=\"335\">Soporte personalizado<\/td>\n<\/tr>\n<tr>\n<td width=\"284\">MOQ<\/td>\n<td width=\"335\">500 DOZ (6000 PARES)<\/td>\n<\/tr>\n<tr>\n<td width=\"284\">Embalaje<\/td>\n<td width=\"335\">12 pares por bolsa de polietileno, 120 pares por caja de cart\u00f3n o personalizados<\/td>\n<\/tr>\n<tr>\n<td width=\"284\">Aplicaci\u00f3n<\/td>\n<td width=\"335\">Construcci\u00f3n, mantenimiento mec\u00e1nico, petroqu\u00edmica, carpinter\u00eda, etc.<\/td>\n<\/tr>\n<\/tbody>\n<\/table>\n<p>TOPRISE admite varios estilos de personalizaci\u00f3n de guantes de l\u00e1tex; haga clic para <a href=\"https:\/\/toprisesafety.com\/es\/categoria-producto\/personal-protective-equipment\/hand-protection\/latex-gloves\/\">ver m\u00e1s estilos de guantes de l\u00e1tex.<\/a><\/p>\n<p>Si no encuentra los guantes de l\u00e1tex que necesita, <a href=\"https:\/\/toprisesafety.com\/es\/contact-us\/\">Contacto<\/a>; apoyamos la personalizaci\u00f3n especial.<\/p>","protected":false},"excerpt":{"rendered":"<p>Art No.: LXG23<\/p>\n<p>Material:\u00a013 guage\u00a0cashmere with\u00a0double layer latex coated<\/p>\n<p>Weight : over\u00a0120g\/pair<\/p>\n<p>Talla: 26CM<\/p>\n<p>CANTIDAD M\u00cdNIMA: 500 DOCENAS (6000 PARES)<\/p>","protected":false},"featured_media":11755,"template":"","meta":{"_acf_changed":false},"product_brand":[],"product_cat":[348,345],"product_tag":[],"class_list":{"0":"post-11754","1":"product","2":"type-product","3":"status-publish","4":"has-post-thumbnail","6":"product_cat-latex-gloves","7":"product_cat-hand-protection","9":"first","10":"instock","11":"shipping-taxable","12":"product-type-simple"},"acf":[],"_links":{"self":[{"href":"https:\/\/toprisesafety.com\/es\/wp-json\/wp\/v2\/product\/11754","targetHints":{"allow":["GET"]}}],"collection":[{"href":"https:\/\/toprisesafety.com\/es\/wp-json\/wp\/v2\/product"}],"about":[{"href":"https:\/\/toprisesafety.com\/es\/wp-json\/wp\/v2\/types\/product"}],"wp:featuredmedia":[{"embeddable":true,"href":"https:\/\/toprisesafety.com\/es\/wp-json\/wp\/v2\/media\/11755"}],"wp:attachment":[{"href":"https:\/\/toprisesafety.com\/es\/wp-json\/wp\/v2\/media?parent=11754"}],"wp:term":[{"taxonomy":"product_brand","embeddable":true,"href":"https:\/\/toprisesafety.com\/es\/wp-json\/wp\/v2\/product_brand?post=11754"},{"taxonomy":"product_cat","embeddable":true,"href":"https:\/\/toprisesafety.com\/es\/wp-json\/wp\/v2\/product_cat?post=11754"},{"taxonomy":"product_tag","embeddable":true,"href":"https:\/\/toprisesafety.com\/es\/wp-json\/wp\/v2\/product_tag?post=11754"}],"curies":[{"name":"wp","href":"https:\/\/api.w.org\/{rel}","templated":true}]}}