{"id":11739,"date":"2025-04-08T02:02:34","date_gmt":"2025-04-08T02:02:34","guid":{"rendered":"https:\/\/toprisesafety.com\/?post_type=product&#038;p=11739"},"modified":"2025-09-19T03:49:09","modified_gmt":"2025-09-19T03:49:09","slug":"oven-mitts-gloves","status":"publish","type":"product","link":"https:\/\/toprisesafety.com\/es\/producto\/oven-mitts-gloves\/","title":{"rendered":"Manoplas Guantes"},"content":{"rendered":"<h2>Manoplas Guantes<\/h2>\n<ul>\n<li data-pm-slice=\"1 1 []\">Protecci\u00f3n contra altas temperaturas: Dise\u00f1o de doble capa; la temperatura m\u00e1xima puede alcanzar los 500\u00b0C, protegiendo eficazmente las manos de quemaduras por alta temperatura.<\/li>\n<li><a href=\"https:\/\/legenday.com.cn\/silicone-beads\/\" target=\"_blank\" rel=\"noopener\">Perlas de silicona<\/a>: La superficie de las perlas de silicona mejora el agarre, incluso cuando se trata de objetos calientes, y puede proporcionar un agarre estable.<\/li>\n<li>C\u00f3modo y transpirable: El uso de materiales tejidos de alta calidad y una buena permeabilidad al aire significa que el uso a largo plazo no se sentir\u00e1 sofocante.<\/li>\n<li>Aplicaci\u00f3n multifuncional: Adecuado para la cocina, hornear, barbacoa y otros entornos de alta temperatura para proteger la seguridad de las manos.<\/li>\n<li>Servicios personalizados: Apoyo a la personalizaci\u00f3n de LOGO y embalaje para satisfacer las necesidades de marca del cliente y mejorar la competitividad del mercado.<\/li>\n<\/ul>\n<table style=\"height: 466px;\" width=\"912\">\n<tbody>\n<tr>\n<td width=\"284\">ART NO.<\/td>\n<td width=\"335\">HRG02<\/td>\n<\/tr>\n<tr>\n<td width=\"284\">Material<\/td>\n<td width=\"335\">doble capa de algod\u00f3n con revestimiento de silicona<\/p>\n<p>&nbsp;<\/td>\n<\/tr>\n<tr>\n<td width=\"284\">Resistente al calor<\/td>\n<td width=\"335\">500 grados<\/td>\n<\/tr>\n<tr>\n<td width=\"284\">Talla<\/td>\n<td width=\"335\">26 CM o tama\u00f1o personalizado.<\/td>\n<\/tr>\n<tr>\n<td width=\"284\">Logotipo<\/td>\n<td width=\"335\">Silicona punteada<\/td>\n<\/tr>\n<tr>\n<td width=\"284\">Color<\/td>\n<td width=\"335\">Soporte personalizado<\/td>\n<\/tr>\n<tr>\n<td width=\"284\">MOQ<\/td>\n<td width=\"335\">1000 UNIDADES<\/td>\n<\/tr>\n<tr>\n<td width=\"284\">Aplicaci\u00f3n<\/td>\n<td width=\"335\">Cocina, Horno, Industrial, microondas, etc.<\/td>\n<\/tr>\n<\/tbody>\n<\/table>\n<p>TOPRISE admite varios estilos de personalizaci\u00f3n de guantes de hilo de algod\u00f3n; haga clic para <a href=\"https:\/\/toprisesafety.com\/es\/categoria-producto\/personal-protective-equipment\/hand-protection\/cotton-gloves\/\">ver m\u00e1s estilos de guantes de hilo de algod\u00f3n.<\/a><\/p>\n<p>Si no encuentra los guantes de hilo de algod\u00f3n que necesita, <a href=\"https:\/\/toprisesafety.com\/es\/contact-us\/\">Contacto<\/a>; apoyamos la personalizaci\u00f3n especial.<\/p>","protected":false},"excerpt":{"rendered":"<p>N\u00ba Referencia: HRG02<\/p>\n<p>Material: doble capa de algod\u00f3n con revestimiento de silicona<\/p>\n<p>Resistente al calor: 500 grados<\/p>\n<p>Tama\u00f1o: 26CM o tama\u00f1o personalizado.<\/p>\n<p>MOQ: 1000 PCS<\/p>","protected":false},"featured_media":11740,"template":"","meta":{"_acf_changed":false},"product_brand":[],"product_cat":[346,345],"product_tag":[],"class_list":{"0":"post-11739","1":"product","2":"type-product","3":"status-publish","4":"has-post-thumbnail","6":"product_cat-cotton-gloves","7":"product_cat-hand-protection","9":"first","10":"instock","11":"shipping-taxable","12":"product-type-simple"},"acf":[],"_links":{"self":[{"href":"https:\/\/toprisesafety.com\/es\/wp-json\/wp\/v2\/product\/11739","targetHints":{"allow":["GET"]}}],"collection":[{"href":"https:\/\/toprisesafety.com\/es\/wp-json\/wp\/v2\/product"}],"about":[{"href":"https:\/\/toprisesafety.com\/es\/wp-json\/wp\/v2\/types\/product"}],"wp:featuredmedia":[{"embeddable":true,"href":"https:\/\/toprisesafety.com\/es\/wp-json\/wp\/v2\/media\/11740"}],"wp:attachment":[{"href":"https:\/\/toprisesafety.com\/es\/wp-json\/wp\/v2\/media?parent=11739"}],"wp:term":[{"taxonomy":"product_brand","embeddable":true,"href":"https:\/\/toprisesafety.com\/es\/wp-json\/wp\/v2\/product_brand?post=11739"},{"taxonomy":"product_cat","embeddable":true,"href":"https:\/\/toprisesafety.com\/es\/wp-json\/wp\/v2\/product_cat?post=11739"},{"taxonomy":"product_tag","embeddable":true,"href":"https:\/\/toprisesafety.com\/es\/wp-json\/wp\/v2\/product_tag?post=11739"}],"curies":[{"name":"wp","href":"https:\/\/api.w.org\/{rel}","templated":true}]}}