{"id":11735,"date":"2025-04-07T08:17:03","date_gmt":"2025-04-07T08:17:03","guid":{"rendered":"https:\/\/toprisesafety.com\/?post_type=product&#038;p=11735"},"modified":"2025-04-14T04:07:37","modified_gmt":"2025-04-14T04:07:37","slug":"heat-resistant-oven-bbq-gloves","status":"publish","type":"product","link":"https:\/\/toprisesafety.com\/es\/producto\/heat-resistant-oven-bbq-gloves\/","title":{"rendered":"Guantes de barbacoa resistentes al calor"},"content":{"rendered":"<h2>Guantes de barbacoa resistentes al calor<\/h2>\n<ul>\n<li>Tejido de punto de doble capa, excelente aislamiento t\u00e9rmico y funci\u00f3n de disipaci\u00f3n del calor<\/li>\n<li>Puede aumentar el dise\u00f1o del gancho y hacer que el almacenamiento sea m\u00e1s conveniente<\/li>\n<li>Dispensaci\u00f3n a doble cara<\/li>\n<li>Silicona anti altas temperaturas, antideslizante<\/li>\n<li>Bonito, f\u00e1cil de limpiar, puede utilizarse en positivo y negativo, prolonga la vida \u00fatil<\/li>\n<\/ul>\n<table>\n<tbody>\n<tr>\n<td width=\"284\">ART NO.<\/td>\n<td width=\"335\">HRG01<\/td>\n<\/tr>\n<tr>\n<td width=\"284\">Material<\/td>\n<td width=\"335\">Capa exterior de nuevo hilo de fibra ign\u00edfuga + capa interior de algod\u00f3n + silicona de doble cara (el color de la silicona puede personalizarse)<\/td>\n<\/tr>\n<tr>\n<td width=\"284\">Resistente al calor<\/td>\n<td width=\"335\">800 grados<\/td>\n<\/tr>\n<tr>\n<td width=\"284\">Norma de calidad<\/td>\n<td width=\"335\">CE EN407, EN420<\/td>\n<\/tr>\n<tr>\n<td width=\"284\">Talla<\/td>\n<td width=\"335\">32CM o tama\u00f1o personalizado.<\/td>\n<\/tr>\n<tr>\n<td width=\"284\">Logotipo<\/td>\n<td width=\"335\">PVC punteado<\/td>\n<\/tr>\n<tr>\n<td width=\"284\">Color<\/td>\n<td width=\"335\">Soporte personalizado<\/td>\n<\/tr>\n<tr>\n<td width=\"284\">MOQ<\/td>\n<td width=\"335\">1000 UNIDADES<\/td>\n<\/tr>\n<tr>\n<td width=\"284\">Aplicaci\u00f3n<\/td>\n<td width=\"335\">Cocina, horno, microondas dom\u00e9stico a prueba de calor, tratamiento t\u00e9rmico industrial, etc.<\/td>\n<\/tr>\n<\/tbody>\n<\/table>\n<p>TOPRISE admite varios estilos de personalizaci\u00f3n de guantes de hilo de algod\u00f3n; haga clic para <a href=\"https:\/\/toprisesafety.com\/es\/categoria-producto\/personal-protective-equipment\/hand-protection\/cotton-gloves\/\">ver m\u00e1s estilos de guantes de hilo de algod\u00f3n.<\/a><\/p>\n<p>Si no encuentra los guantes de hilo de algod\u00f3n que necesita, <a href=\"https:\/\/toprisesafety.com\/es\/contact-us\/\">Contacto<\/a>; apoyamos la personalizaci\u00f3n especial.<\/p>\n<p><strong><b>\u00a0<\/b><\/strong><\/p>","protected":false},"excerpt":{"rendered":"<p>N\u00ba Referencia: HRG01<\/p>\n<p>Material: Capa exterior de hilo de fibra ign\u00edfuga nueva + capa interior de algod\u00f3n + silicona de doble cara (el color de la silicona se puede personalizar)<\/p>\n<p>Resistente al calor: 800 grados<\/p>\n<p>Tama\u00f1o: 32CM o tama\u00f1o personalizado.<\/p>\n<p>MOQ: 1000 PCS<\/p>","protected":false},"featured_media":11737,"template":"","meta":{"_acf_changed":false},"product_brand":[],"product_cat":[346,345],"product_tag":[],"class_list":{"0":"post-11735","1":"product","2":"type-product","3":"status-publish","4":"has-post-thumbnail","6":"product_cat-cotton-gloves","7":"product_cat-hand-protection","9":"first","10":"instock","11":"shipping-taxable","12":"product-type-simple"},"acf":[],"_links":{"self":[{"href":"https:\/\/toprisesafety.com\/es\/wp-json\/wp\/v2\/product\/11735"}],"collection":[{"href":"https:\/\/toprisesafety.com\/es\/wp-json\/wp\/v2\/product"}],"about":[{"href":"https:\/\/toprisesafety.com\/es\/wp-json\/wp\/v2\/types\/product"}],"wp:featuredmedia":[{"embeddable":true,"href":"https:\/\/toprisesafety.com\/es\/wp-json\/wp\/v2\/media\/11737"}],"wp:attachment":[{"href":"https:\/\/toprisesafety.com\/es\/wp-json\/wp\/v2\/media?parent=11735"}],"wp:term":[{"taxonomy":"product_brand","embeddable":true,"href":"https:\/\/toprisesafety.com\/es\/wp-json\/wp\/v2\/product_brand?post=11735"},{"taxonomy":"product_cat","embeddable":true,"href":"https:\/\/toprisesafety.com\/es\/wp-json\/wp\/v2\/product_cat?post=11735"},{"taxonomy":"product_tag","embeddable":true,"href":"https:\/\/toprisesafety.com\/es\/wp-json\/wp\/v2\/product_tag?post=11735"}],"curies":[{"name":"wp","href":"https:\/\/api.w.org\/{rel}","templated":true}]}}