{"id":11732,"date":"2025-04-07T08:11:22","date_gmt":"2025-04-07T08:11:22","guid":{"rendered":"https:\/\/toprisesafety.com\/?post_type=product&#038;p=11732"},"modified":"2025-04-14T04:09:49","modified_gmt":"2025-04-14T04:09:49","slug":"pvc-dotted-nylon-knitted-gloves","status":"publish","type":"product","link":"https:\/\/toprisesafety.com\/es\/producto\/pvc-dotted-nylon-knitted-gloves\/","title":{"rendered":"Guantes de punto de nylon con puntos de PVC"},"content":{"rendered":"<h2>Guantes de punto de nylon con puntos de PVC<\/h2>\n<ul>\n<li>Dise\u00f1o punteado de PVC, que proporciona un excelente rendimiento antideslizante, para garantizar que el agarre de las mercanc\u00edas sea m\u00e1s estable;<\/li>\n<li>Buena permeabilidad al aire, reduce la sudoraci\u00f3n de las manos, el uso a largo plazo sigue siendo c\u00f3modo.<\/li>\n<li>Duraderas y resistentes al desgaste, adecuadas para una gran variedad de trabajos diarios y operaciones industriales ligeras;<\/li>\n<li>Una variedad de opciones de color para satisfacer diferentes necesidades y escenas;<\/li>\n<li>Admite LOGO personalizado y embalaje especificado por el cliente; mejora el efecto de marca.<\/li>\n<\/ul>\n<table>\n<tbody>\n<tr>\n<td width=\"284\">ART NO.<\/td>\n<td width=\"335\">CG04<\/td>\n<\/tr>\n<tr>\n<td width=\"284\">Material<\/td>\n<td width=\"335\">Nylon de calibre 13 tejido con puntos de PVC<\/td>\n<\/tr>\n<tr>\n<td width=\"284\">Acabado<\/td>\n<td width=\"335\">Puntos de PVC<\/td>\n<\/tr>\n<tr>\n<td width=\"284\">Peso<\/td>\n<td width=\"335\">m\u00e1s de 23 g\/par<\/td>\n<\/tr>\n<tr>\n<td width=\"284\">Talla<\/td>\n<td width=\"335\">22CM o tama\u00f1o personalizado.<\/td>\n<\/tr>\n<tr>\n<td width=\"284\">Logotipo<\/td>\n<td width=\"335\">Serigraf\u00eda, impresi\u00f3n por transferencia t\u00e9rmica a elegir.<\/td>\n<\/tr>\n<tr>\n<td width=\"284\">Color<\/td>\n<td width=\"335\">Soporte personalizado<\/td>\n<\/tr>\n<tr>\n<td width=\"284\">MOQ<\/td>\n<td width=\"335\">1000 DOZ (12000 PARES)<\/td>\n<\/tr>\n<tr>\n<td width=\"284\">Embalaje<\/td>\n<td width=\"335\">12 pares por bolsa de polietileno, 120 pares por caja de cart\u00f3n o personalizados<\/td>\n<\/tr>\n<tr>\n<td width=\"284\">Aplicaci\u00f3n<\/td>\n<td width=\"335\">Montaje mec\u00e1nico, operaciones al aire libre, silvicultura, miner\u00eda, obras de construcci\u00f3n, manipulaci\u00f3n de almacenes, mantenimiento de carga y descarga, etc.<\/td>\n<\/tr>\n<\/tbody>\n<\/table>\n<p>TOPRISE admite varios estilos de personalizaci\u00f3n de guantes de hilo de algod\u00f3n; haga clic para <a href=\"https:\/\/toprisesafety.com\/es\/categoria-producto\/personal-protective-equipment\/hand-protection\/cotton-gloves\/\">ver m\u00e1s estilos de guantes de hilo de algod\u00f3n.<\/a><\/p>\n<p>Si no encuentra los guantes de hilo de algod\u00f3n que necesita, <a href=\"https:\/\/toprisesafety.com\/es\/contact-us\/\">Contacto<\/a>; apoyamos la personalizaci\u00f3n especial.<\/p>","protected":false},"excerpt":{"rendered":"<p>Art No.: CG04<\/p>\n<p>Material:\u00a013 guage nylon knitted with PVC dots<\/p>\n<p>Weight : over 23g\/pair<\/p>\n<p>Size: 22CM or customized size.<\/p>\n<p>MQ: 1000 DOZ (12000 PARES)<\/p>","protected":false},"featured_media":11733,"template":"","meta":{"_acf_changed":false},"product_brand":[],"product_cat":[346,345],"product_tag":[],"class_list":{"0":"post-11732","1":"product","2":"type-product","3":"status-publish","4":"has-post-thumbnail","6":"product_cat-cotton-gloves","7":"product_cat-hand-protection","9":"first","10":"instock","11":"shipping-taxable","12":"product-type-simple"},"acf":[],"_links":{"self":[{"href":"https:\/\/toprisesafety.com\/es\/wp-json\/wp\/v2\/product\/11732","targetHints":{"allow":["GET"]}}],"collection":[{"href":"https:\/\/toprisesafety.com\/es\/wp-json\/wp\/v2\/product"}],"about":[{"href":"https:\/\/toprisesafety.com\/es\/wp-json\/wp\/v2\/types\/product"}],"wp:featuredmedia":[{"embeddable":true,"href":"https:\/\/toprisesafety.com\/es\/wp-json\/wp\/v2\/media\/11733"}],"wp:attachment":[{"href":"https:\/\/toprisesafety.com\/es\/wp-json\/wp\/v2\/media?parent=11732"}],"wp:term":[{"taxonomy":"product_brand","embeddable":true,"href":"https:\/\/toprisesafety.com\/es\/wp-json\/wp\/v2\/product_brand?post=11732"},{"taxonomy":"product_cat","embeddable":true,"href":"https:\/\/toprisesafety.com\/es\/wp-json\/wp\/v2\/product_cat?post=11732"},{"taxonomy":"product_tag","embeddable":true,"href":"https:\/\/toprisesafety.com\/es\/wp-json\/wp\/v2\/product_tag?post=11732"}],"curies":[{"name":"wp","href":"https:\/\/api.w.org\/{rel}","templated":true}]}}