{"id":11674,"date":"2025-03-26T06:49:48","date_gmt":"2025-03-26T06:49:48","guid":{"rendered":"https:\/\/toprisesafety.com\/?post_type=product&#038;p=11674"},"modified":"2025-04-09T06:45:17","modified_gmt":"2025-04-09T06:45:17","slug":"foam-dots-nitrile-sandy-coated-safety-gloves","status":"publish","type":"product","link":"https:\/\/toprisesafety.com\/es\/producto\/foam-dots-nitrile-sandy-coated-safety-gloves\/","title":{"rendered":"Guantes de seguridad con recubrimiento de nitrilo y arena Foam Dots"},"content":{"rendered":"<h2>Guantes de seguridad con recubrimiento de nitrilo y arena Foam Dots<\/h2>\n<ul>\n<li data-pm-slice=\"1 1 []\">El dise\u00f1o antideslizante del tal\u00f3n mejora la fuerza de agarre y garantiza un funcionamiento estable.<\/li>\n<li>El recubrimiento de espuma de nitrilo mejora la resistencia al agua y al aceite y se ADAPTA a entornos h\u00famedos y grasientos.<\/li>\n<li>El nylon combinado con el nitrilo mejora la resistencia al desgaste y prolonga la vida \u00fatil.<\/li>\n<li>Su dise\u00f1o transpirable mantiene las manos secas y c\u00f3modas.<\/li>\n<li>Cumple las normas de seguridad EN388 en materia de protecci\u00f3n<\/li>\n<li>Apoyo a la personalizaci\u00f3n de logotipos y envases para mejorar la imagen de marca y el atractivo en el mercado.<\/li>\n<\/ul>\n<table>\n<tbody>\n<tr>\n<td width=\"284\">ART NO.<\/td>\n<td width=\"335\">NG11<\/td>\n<\/tr>\n<tr>\n<td width=\"284\">Material<\/td>\n<td width=\"335\">Puntos de espuma de punto de nylon de calibre 15 recubiertos de arena de nitrilo<\/td>\n<\/tr>\n<tr>\n<td width=\"284\">Acabado<\/td>\n<td width=\"335\">Superficie de espuma con puntos<\/td>\n<\/tr>\n<tr>\n<td width=\"284\">Peso<\/td>\n<td width=\"335\">M\u00e1s de 60-65 g\/par<\/td>\n<\/tr>\n<tr>\n<td width=\"284\">Talla<\/td>\n<td width=\"335\">7\u2033, 8\u2033, 9\u2033, 10\u2033 y 11\u2033 a elegir<\/td>\n<\/tr>\n<tr>\n<td width=\"284\">Norma de calidad<\/td>\n<td width=\"335\">CE EN388<\/td>\n<\/tr>\n<tr>\n<td width=\"284\">Logotipo<\/td>\n<td width=\"335\">Serigraf\u00eda, impresi\u00f3n por transferencia t\u00e9rmica a elegir.<\/td>\n<\/tr>\n<tr>\n<td width=\"284\">Color<\/td>\n<td width=\"335\">Soporte personalizado<\/td>\n<\/tr>\n<tr>\n<td width=\"284\">MOQ<\/td>\n<td width=\"335\">500 DOZ (6000 PARES)<\/td>\n<\/tr>\n<tr>\n<td width=\"284\">Embalaje<\/td>\n<td width=\"335\">12 pares por bolsa de polietileno, 120 pares por caja de cart\u00f3n o personalizados<\/td>\n<\/tr>\n<tr>\n<td width=\"284\">Aplicaci\u00f3n<\/td>\n<td width=\"335\">Trabajos generales, construcci\u00f3n, horticultura, petroqu\u00edmica, impresi\u00f3n de pinturas, industria de mantenimiento, industria de uso de maquinaria, etc.<\/td>\n<\/tr>\n<\/tbody>\n<\/table>\n<p>TOPRISE admite varios estilos de personalizaci\u00f3n de guantes recubiertos de nitrilo; haga clic para <a href=\"https:\/\/toprisesafety.com\/es\/categoria-producto\/personal-protective-equipment\/hand-protection\/nitrile-gloves\/\">ver m\u00e1s estilos de guantes recubiertos de nitrilo.<\/a><br \/>\nSi no encuentra los guantes de nitrilo que necesita,<a href=\"https:\/\/toprisesafety.com\/es\/contact-us\/\"> p\u00f3ngase en contacto con nosotros;<\/a> apoyamos la personalizaci\u00f3n especial.<\/p>","protected":false},"excerpt":{"rendered":"<p>N\u00ba Referencia: NG12<\/p>\n<p>Material: 15guage nylon de punto puntos de espuma de nitrilo recubierto de arena<\/p>\n<p>Peso : m\u00e1s de 60-65g\/par<\/p>\n<p>Talla: 7\u2033,8\u2033,9\u2033,10\u2033,11\u2033 a elegir.<\/p>\n<p>Norma de calidad: CE EN388<\/p>\n<p>MQ: 1000 DOZ (12000 PARES)<\/p>","protected":false},"featured_media":11675,"template":"","meta":{"_acf_changed":false},"product_brand":[],"product_cat":[349,345],"product_tag":[],"class_list":{"0":"post-11674","1":"product","2":"type-product","3":"status-publish","4":"has-post-thumbnail","6":"product_cat-nitrile-gloves","7":"product_cat-hand-protection","9":"first","10":"instock","11":"shipping-taxable","12":"product-type-simple"},"acf":[],"_links":{"self":[{"href":"https:\/\/toprisesafety.com\/es\/wp-json\/wp\/v2\/product\/11674","targetHints":{"allow":["GET"]}}],"collection":[{"href":"https:\/\/toprisesafety.com\/es\/wp-json\/wp\/v2\/product"}],"about":[{"href":"https:\/\/toprisesafety.com\/es\/wp-json\/wp\/v2\/types\/product"}],"wp:featuredmedia":[{"embeddable":true,"href":"https:\/\/toprisesafety.com\/es\/wp-json\/wp\/v2\/media\/11675"}],"wp:attachment":[{"href":"https:\/\/toprisesafety.com\/es\/wp-json\/wp\/v2\/media?parent=11674"}],"wp:term":[{"taxonomy":"product_brand","embeddable":true,"href":"https:\/\/toprisesafety.com\/es\/wp-json\/wp\/v2\/product_brand?post=11674"},{"taxonomy":"product_cat","embeddable":true,"href":"https:\/\/toprisesafety.com\/es\/wp-json\/wp\/v2\/product_cat?post=11674"},{"taxonomy":"product_tag","embeddable":true,"href":"https:\/\/toprisesafety.com\/es\/wp-json\/wp\/v2\/product_tag?post=11674"}],"curies":[{"name":"wp","href":"https:\/\/api.w.org\/{rel}","templated":true}]}}