{"id":11669,"date":"2025-03-26T06:44:43","date_gmt":"2025-03-26T06:44:43","guid":{"rendered":"https:\/\/toprisesafety.com\/?post_type=product&#038;p=11669"},"modified":"2025-04-09T06:45:53","modified_gmt":"2025-04-09T06:45:53","slug":"black-nitrile-foam-gloves","status":"publish","type":"product","link":"https:\/\/toprisesafety.com\/es\/producto\/black-nitrile-foam-gloves\/","title":{"rendered":"Guantes de espuma de nitrilo negros"},"content":{"rendered":"<h2>Guantes de espuma de nitrilo negros<\/h2>\n<ul>\n<li>Tejido de punto de galga 15: proporciona mayor flexibilidad y comodidad para un uso prolongado.<\/li>\n<li>Recubrimiento de espuma de nitrilo: proporciona una excelente resistencia al agua y al aceite; adecuado para una gran variedad de entornos industriales y limpios.<\/li>\n<li>Dise\u00f1o antideslizante: Los revestimientos espumados aumentan la fuerza de agarre y garantizan un funcionamiento estable en entornos resbaladizos o grasientos.<\/li>\n<li>Gran durabilidad: resistencia al desgaste, durabilidad e idoneidad para entornos de trabajo de alta intensidad.<\/li>\n<li>Dise\u00f1o permeable al aire: El dorso del guante est\u00e1 dise\u00f1ado para ser transpirable, reducir la sudoraci\u00f3n de las manos y mantenerlas secas y c\u00f3modas.<\/li>\n<li>Soporta la personalizaci\u00f3n del LOGO: La personalizaci\u00f3n del LOGO se puede proporcionar de acuerdo a las necesidades del cliente para mejorar la imagen de marca.<\/li>\n<li>Opciones de envasado especiales: Admite la personalizaci\u00f3n del envase para satisfacer las necesidades individuales.<\/li>\n<\/ul>\n<table>\n<tbody>\n<tr>\n<td width=\"284\">ART NO.<\/td>\n<td width=\"335\">NG11<\/td>\n<\/tr>\n<tr>\n<td width=\"284\">Material<\/td>\n<td width=\"335\">15Guage nylon de punto con espuma recubierta de nitrilo<\/td>\n<\/tr>\n<tr>\n<td width=\"284\">Acabado<\/td>\n<td width=\"335\">Superficie de espuma<\/td>\n<\/tr>\n<tr>\n<td width=\"284\">Peso<\/td>\n<td width=\"335\">M\u00e1s de 50 g\/par<\/td>\n<\/tr>\n<tr>\n<td width=\"284\">Talla<\/td>\n<td width=\"335\">7\u2033,8\u2033,9\u2033,10\u2033,11\u2033 a elegir<\/td>\n<\/tr>\n<tr>\n<td width=\"284\">Est\u00e1ndar de calidad<\/td>\n<td width=\"335\">CE EN388<\/td>\n<\/tr>\n<tr>\n<td width=\"284\">Logotipo<\/td>\n<td width=\"335\">Serigraf\u00eda, impresi\u00f3n por transferencia t\u00e9rmica a elegir.<\/td>\n<\/tr>\n<tr>\n<td width=\"284\">Color<\/td>\n<td width=\"335\">Soporte personalizado<\/td>\n<\/tr>\n<tr>\n<td width=\"284\">MOQ<\/td>\n<td width=\"335\">500 DOCENAS ( 6000 PARES)<\/td>\n<\/tr>\n<tr>\n<td width=\"284\">Embalaje<\/td>\n<td width=\"335\">12 pares por bolsa de polietileno, 120 pares por caja de cart\u00f3n o personalizados<\/td>\n<\/tr>\n<tr>\n<td width=\"284\">Aplicaci\u00f3n<\/td>\n<td width=\"335\">Trabajos generales, construcci\u00f3n, horticultura, petroqu\u00edmica, impresi\u00f3n de pinturas, industria de mantenimiento, industria de uso de maquinaria, etc.<\/td>\n<\/tr>\n<\/tbody>\n<\/table>\n<p>TOPRISE admite varios estilos de personalizaci\u00f3n de guantes de nitrilo; haga clic para <a href=\"https:\/\/toprisesafety.com\/es\/categoria-producto\/personal-protective-equipment\/hand-protection\/nitrile-gloves\/\">ver m\u00e1s estilos de guantes recubiertos de nitrilo.<\/a><br \/>\nSi no encuentra los guantes de nitrilo que necesita,<a href=\"https:\/\/toprisesafety.com\/es\/contact-us\/\"> p\u00f3ngase en contacto con nosotros;<\/a> apoyamos la personalizaci\u00f3n especial.<\/p>","protected":false},"excerpt":{"rendered":"<p>N\u00ba Referencia: NG11<\/p>\n<p>Material: 15guage nylon de punto con espuma recubierta de nitrilo<\/p>\n<p>Peso : m\u00e1s de 50 g\/par<\/p>\n<p>Talla: 7\u2033,8\u2033,9\u2033,10\u2033,11\u2033 a elegir.<\/p>\n<p>Norma de calidad: CE EN388<\/p>\n<p>CANTIDAD M\u00cdNIMA: 500 DOCENAS (6000 PARES)<\/p>","protected":false},"featured_media":11670,"template":"","meta":{"_acf_changed":false},"product_brand":[],"product_cat":[349,345],"product_tag":[],"class_list":{"0":"post-11669","1":"product","2":"type-product","3":"status-publish","4":"has-post-thumbnail","6":"product_cat-nitrile-gloves","7":"product_cat-hand-protection","9":"first","10":"instock","11":"shipping-taxable","12":"product-type-simple"},"acf":[],"_links":{"self":[{"href":"https:\/\/toprisesafety.com\/es\/wp-json\/wp\/v2\/product\/11669"}],"collection":[{"href":"https:\/\/toprisesafety.com\/es\/wp-json\/wp\/v2\/product"}],"about":[{"href":"https:\/\/toprisesafety.com\/es\/wp-json\/wp\/v2\/types\/product"}],"wp:featuredmedia":[{"embeddable":true,"href":"https:\/\/toprisesafety.com\/es\/wp-json\/wp\/v2\/media\/11670"}],"wp:attachment":[{"href":"https:\/\/toprisesafety.com\/es\/wp-json\/wp\/v2\/media?parent=11669"}],"wp:term":[{"taxonomy":"product_brand","embeddable":true,"href":"https:\/\/toprisesafety.com\/es\/wp-json\/wp\/v2\/product_brand?post=11669"},{"taxonomy":"product_cat","embeddable":true,"href":"https:\/\/toprisesafety.com\/es\/wp-json\/wp\/v2\/product_cat?post=11669"},{"taxonomy":"product_tag","embeddable":true,"href":"https:\/\/toprisesafety.com\/es\/wp-json\/wp\/v2\/product_tag?post=11669"}],"curies":[{"name":"wp","href":"https:\/\/api.w.org\/{rel}","templated":true}]}}