{"id":11663,"date":"2025-03-26T06:33:14","date_gmt":"2025-03-26T06:33:14","guid":{"rendered":"https:\/\/toprisesafety.com\/?post_type=product&#038;p=11663"},"modified":"2025-04-09T06:47:00","modified_gmt":"2025-04-09T06:47:00","slug":"anti-cut-hppe-nitrile-coated-work-gloves","status":"publish","type":"product","link":"https:\/\/toprisesafety.com\/es\/producto\/anti-cut-hppe-nitrile-coated-work-gloves\/","title":{"rendered":"Guantes de trabajo con recubrimiento de nitrilo HPPE anticorte"},"content":{"rendered":"<h2>Guantes de trabajo con recubrimiento de nitrilo HPPE anticorte<\/h2>\n<ul>\n<li>El material HPPE soporta una protecci\u00f3n contra cortes de 5 grados.<\/li>\n<li>Impregnaci\u00f3n de nitrilo: Mayor resistencia al aceite y al agua para mejorar la fuerza de agarre.<\/li>\n<li>Dise\u00f1o reforzado con TPR: Mejora la resistencia al impacto del dorso de la mano y los dedos para una mayor durabilidad.<\/li>\n<li>Ajuste c\u00f3modo: Dise\u00f1o de material el\u00e1stico, adecuado para un uso prolongado.<\/li>\n<li>Dise\u00f1o antideslizante: El recubrimiento de nitrilo proporciona un excelente agarre y garantiza un funcionamiento seguro.<\/li>\n<li>Gran durabilidad: adecuada para entornos de trabajo de alta intensidad, prolonga la vida \u00fatil.<\/li>\n<li>Admite LOGO personalizado: satisface las necesidades de las marcas personalizadas.<\/li>\n<li>Opciones especiales de envasado: admite envases personalizados.<\/li>\n<li>El pu\u00f1o es ajustable.<\/li>\n<\/ul>\n<table>\n<tbody>\n<tr>\n<td width=\"284\">ART NO.<\/td>\n<td width=\"335\">NG09<\/td>\n<\/tr>\n<tr>\n<td width=\"284\">Material<\/td>\n<td width=\"335\">Guantes de punto HPPE de calibre 13, recubiertos de nitrilo y reforzados con TPR.<\/p>\n<p>&nbsp;<\/td>\n<\/tr>\n<tr>\n<td width=\"284\">Caracter\u00edsticas<\/td>\n<td width=\"335\">corte, resistente al desgarro, antideslizante, resistente al desgaste, el pu\u00f1o se puede ajustar.<\/td>\n<\/tr>\n<tr>\n<td width=\"284\">Talla<\/td>\n<td width=\"335\">XS, S, M, L,XL, 2XL a elegir<\/td>\n<\/tr>\n<tr>\n<td width=\"284\">Est\u00e1ndar de calidad<\/td>\n<td width=\"335\">CE EN388<\/td>\n<\/tr>\n<tr>\n<td width=\"284\">Logotipo<\/td>\n<td width=\"335\">Serigraf\u00eda, impresi\u00f3n por transferencia t\u00e9rmica a elegir.<\/td>\n<\/tr>\n<tr>\n<td width=\"284\">Color<\/td>\n<td width=\"335\">Soporte personalizado<\/td>\n<\/tr>\n<tr>\n<td width=\"284\">MOQ<\/td>\n<td width=\"335\">500 DOCENAS ( 6000 PARES)<\/td>\n<\/tr>\n<tr>\n<td width=\"284\">Embalaje<\/td>\n<td width=\"335\">12 pares por bolsa de polietileno, 120 pares por caja de cart\u00f3n o personalizados<\/td>\n<\/tr>\n<tr>\n<td width=\"284\">Aplicaci\u00f3n<\/td>\n<td width=\"335\">Producci\u00f3n de cuchillas, corte de ropa, corte de ingenier\u00eda, segmentaci\u00f3n de carne, pesca y otras industrias.<\/td>\n<\/tr>\n<\/tbody>\n<\/table>\n<p>TOPRISE admite varios estilos de personalizaci\u00f3n de guantes de nitrilo; haga clic para <a href=\"https:\/\/toprisesafety.com\/es\/categoria-producto\/personal-protective-equipment\/hand-protection\/nitrile-gloves\/\">ver m\u00e1s estilos de guantes recubiertos de nitrilo.<\/a><br \/>\nSi no encuentra los guantes de nitrilo que necesita,<a href=\"https:\/\/toprisesafety.com\/es\/contact-us\/\"> p\u00f3ngase en contacto con nosotros;<\/a> apoyamos la personalizaci\u00f3n especial.<\/p>","protected":false},"excerpt":{"rendered":"<p>N\u00ba Referencia: NG09<\/p>\n<p>Material: Guantes de punto HPPE 13Guage, recubiertos de nitrilo, refuerzo TPR.<\/p>\n<p>Caracter\u00edsticas: corte, resistente al desgarro, antideslizante, resistente al desgaste, el manguito se puede ajustar.<\/p>\n<p>Talla: XS, S, M, L,XL, 2XL a elegir<\/p>\n<p>Norma de calidad: CE EN388<\/p>\n<p>CANTIDAD M\u00cdNIMA: 500 DOCENAS (6000 PARES)<\/p>","protected":false},"featured_media":11664,"template":"","meta":{"_acf_changed":false},"product_brand":[],"product_cat":[349,345],"product_tag":[],"class_list":{"0":"post-11663","1":"product","2":"type-product","3":"status-publish","4":"has-post-thumbnail","6":"product_cat-nitrile-gloves","7":"product_cat-hand-protection","9":"first","10":"instock","11":"shipping-taxable","12":"product-type-simple"},"acf":[],"_links":{"self":[{"href":"https:\/\/toprisesafety.com\/es\/wp-json\/wp\/v2\/product\/11663"}],"collection":[{"href":"https:\/\/toprisesafety.com\/es\/wp-json\/wp\/v2\/product"}],"about":[{"href":"https:\/\/toprisesafety.com\/es\/wp-json\/wp\/v2\/types\/product"}],"wp:featuredmedia":[{"embeddable":true,"href":"https:\/\/toprisesafety.com\/es\/wp-json\/wp\/v2\/media\/11664"}],"wp:attachment":[{"href":"https:\/\/toprisesafety.com\/es\/wp-json\/wp\/v2\/media?parent=11663"}],"wp:term":[{"taxonomy":"product_brand","embeddable":true,"href":"https:\/\/toprisesafety.com\/es\/wp-json\/wp\/v2\/product_brand?post=11663"},{"taxonomy":"product_cat","embeddable":true,"href":"https:\/\/toprisesafety.com\/es\/wp-json\/wp\/v2\/product_cat?post=11663"},{"taxonomy":"product_tag","embeddable":true,"href":"https:\/\/toprisesafety.com\/es\/wp-json\/wp\/v2\/product_tag?post=11663"}],"curies":[{"name":"wp","href":"https:\/\/api.w.org\/{rel}","templated":true}]}}