{"id":11660,"date":"2025-03-26T06:23:46","date_gmt":"2025-03-26T06:23:46","guid":{"rendered":"https:\/\/toprisesafety.com\/?post_type=product&#038;p=11660"},"modified":"2025-04-09T06:47:25","modified_gmt":"2025-04-09T06:47:25","slug":"nitrile-coated-mechanical-gloves","status":"publish","type":"product","link":"https:\/\/toprisesafety.com\/es\/producto\/nitrile-coated-mechanical-gloves\/","title":{"rendered":"Guantes mec\u00e1nicos recubiertos de nitrilo"},"content":{"rendered":"<h2>Guantes mec\u00e1nicos recubiertos de nitrilo<\/h2>\n<ul>\n<li>El trenzado HPPE de galga 13 proporciona una protecci\u00f3n anticorte de alta resistencia para evitar cortes;<\/li>\n<li>El recubrimiento de nitrilo aumenta la resistencia al aceite y al agua para adaptarse a diversos entornos de trabajo;<\/li>\n<li>El TPR mejora el dise\u00f1o para proporcionar protecci\u00f3n adicional a las manos y mitigar los impactos;<\/li>\n<li>Gran flexibilidad, ajuste c\u00f3modo, adecuado para un uso prolongado;<\/li>\n<li>Certificaci\u00f3n anticorte de grado 5, conforme a las normas internacionales de seguridad (EN388);<\/li>\n<li>Resistente al desgaste, adecuado para la producci\u00f3n de herramientas, corte de ropa, corte de ingenier\u00eda, segmentaci\u00f3n de carne, pesca y otras industrias;<\/li>\n<li>Dise\u00f1ado para aumentar la fuerza de agarre y mejorar la eficiencia en el trabajo;<\/li>\n<li>Proporcionan una variedad de funciones de protecci\u00f3n para satisfacer las necesidades de lugares de trabajo complejos.<\/li>\n<\/ul>\n<table>\n<tbody>\n<tr>\n<td width=\"284\">ART NO.<\/td>\n<td width=\"335\">NG08<\/td>\n<\/tr>\n<tr>\n<td width=\"284\">Material<\/td>\n<td width=\"335\">Guantes de punto HPPE de calibre 13, recubiertos de nitrilo y reforzados con TPR.<\/p>\n<p>&nbsp;<\/td>\n<\/tr>\n<tr>\n<td width=\"284\">Caracter\u00edsticas<\/td>\n<td width=\"335\">resistente a cortes y desgarros, antideslizante y resistente al desgaste<\/td>\n<\/tr>\n<tr>\n<td width=\"284\">Talla<\/td>\n<td width=\"335\">XS, S, M, L,XL, 2XL a elegir<\/td>\n<\/tr>\n<tr>\n<td width=\"284\">Est\u00e1ndar de calidad<\/td>\n<td width=\"335\">CE EN388<\/td>\n<\/tr>\n<tr>\n<td width=\"284\">Logotipo<\/td>\n<td width=\"335\">Serigraf\u00eda, impresi\u00f3n por transferencia t\u00e9rmica a elegir.<\/td>\n<\/tr>\n<tr>\n<td width=\"284\">Color<\/td>\n<td width=\"335\">Soporte personalizado<\/td>\n<\/tr>\n<tr>\n<td width=\"284\">MOQ<\/td>\n<td width=\"335\">500 DOCENAS ( 6000 PARES)<\/td>\n<\/tr>\n<tr>\n<td width=\"284\">Embalaje<\/td>\n<td width=\"335\">12 pares por bolsa de polietileno, 120 pares por caja de cart\u00f3n o personalizados<\/td>\n<\/tr>\n<tr>\n<td width=\"284\">Aplicaci\u00f3n<\/td>\n<td width=\"335\">Producci\u00f3n de cuchillas, corte de ropa, corte de ingenier\u00eda, segmentaci\u00f3n de carne, pesca y otras industrias.<\/td>\n<\/tr>\n<\/tbody>\n<\/table>\n<p>TOPRISE admite varios estilos de personalizaci\u00f3n de guantes de nitrilo; haga clic para <a href=\"https:\/\/toprisesafety.com\/es\/categoria-producto\/personal-protective-equipment\/hand-protection\/nitrile-gloves\/\">ver m\u00e1s estilos de guantes recubiertos de nitrilo.<\/a><br \/>\nSi no encuentra los guantes de nitrilo que necesita,<a href=\"https:\/\/toprisesafety.com\/es\/contact-us\/\"> p\u00f3ngase en contacto con nosotros;<\/a> apoyamos la personalizaci\u00f3n especial.<\/p>","protected":false},"excerpt":{"rendered":"<p>N\u00ba Referencia: NG08<\/p>\n<p>Material: Guantes de punto HPPE 13Guage, recubiertos de nitrilo, refuerzo TPR.<\/p>\n<p>Caracter\u00edsticas: resistente a cortes y desgarros, antideslizante y resistente al desgaste<\/p>\n<p>Talla: XS, S, M, L,XL, 2XL a elegir<\/p>\n<p>Norma de calidad: CE EN388<\/p>\n<p>CANTIDAD M\u00cdNIMA: 500 DOCENAS (6000 PARES)<\/p>","protected":false},"featured_media":11662,"template":"","meta":{"_acf_changed":false},"product_brand":[],"product_cat":[349,345],"product_tag":[],"class_list":{"0":"post-11660","1":"product","2":"type-product","3":"status-publish","4":"has-post-thumbnail","6":"product_cat-nitrile-gloves","7":"product_cat-hand-protection","9":"first","10":"instock","11":"shipping-taxable","12":"product-type-simple"},"acf":[],"_links":{"self":[{"href":"https:\/\/toprisesafety.com\/es\/wp-json\/wp\/v2\/product\/11660"}],"collection":[{"href":"https:\/\/toprisesafety.com\/es\/wp-json\/wp\/v2\/product"}],"about":[{"href":"https:\/\/toprisesafety.com\/es\/wp-json\/wp\/v2\/types\/product"}],"wp:featuredmedia":[{"embeddable":true,"href":"https:\/\/toprisesafety.com\/es\/wp-json\/wp\/v2\/media\/11662"}],"wp:attachment":[{"href":"https:\/\/toprisesafety.com\/es\/wp-json\/wp\/v2\/media?parent=11660"}],"wp:term":[{"taxonomy":"product_brand","embeddable":true,"href":"https:\/\/toprisesafety.com\/es\/wp-json\/wp\/v2\/product_brand?post=11660"},{"taxonomy":"product_cat","embeddable":true,"href":"https:\/\/toprisesafety.com\/es\/wp-json\/wp\/v2\/product_cat?post=11660"},{"taxonomy":"product_tag","embeddable":true,"href":"https:\/\/toprisesafety.com\/es\/wp-json\/wp\/v2\/product_tag?post=11660"}],"curies":[{"name":"wp","href":"https:\/\/api.w.org\/{rel}","templated":true}]}}