{"id":11645,"date":"2025-03-26T04:28:36","date_gmt":"2025-03-26T04:28:36","guid":{"rendered":"https:\/\/toprisesafety.com\/?post_type=product&#038;p=11645"},"modified":"2025-04-09T06:49:42","modified_gmt":"2025-04-09T06:49:42","slug":"claw-garden-latex-gloves","status":"publish","type":"product","link":"https:\/\/toprisesafety.com\/es\/producto\/claw-garden-latex-gloves\/","title":{"rendered":"Guantes de l\u00e1tex Claw Garden"},"content":{"rendered":"<h2>Guantes de l\u00e1tex Claw Garden<\/h2>\n<ul>\n<li>Superficie arrugada de l\u00e1tex, mayor fuerza de agarre y buen efecto antideslizante.<\/li>\n<li>Tejido de poli\u00e9ster de 13 agujas, c\u00f3modo y duradero;<\/li>\n<li>Con dise\u00f1o de garra dura de ABS para mayor protecci\u00f3n y capacidad de agarre;<\/li>\n<li>Dedicada a trabajos de jardiner\u00eda, adecuada para todo tipo de trabajos al aire libre;<\/li>\n<li>Admite logotipo y embalaje OEM.<\/li>\n<\/ul>\n<table>\n<tbody>\n<tr>\n<td width=\"284\">ART NO.<\/td>\n<td width=\"335\">LXG19<\/td>\n<\/tr>\n<tr>\n<td width=\"284\">Material<\/td>\n<td width=\"335\">Forro de punto de poli\u00e9ster de calibre 13 con garra de ABS recubierta de l\u00e1tex<\/td>\n<\/tr>\n<tr>\n<td width=\"284\">Acabado<\/td>\n<td width=\"335\">Palma y dedos arrugados, 3\/4 ba\u00f1ados en l\u00e1tex.<\/td>\n<\/tr>\n<tr>\n<td width=\"284\">Caracter\u00edstica<\/td>\n<td width=\"335\">Garra ABS<\/td>\n<\/tr>\n<tr>\n<td width=\"284\">Peso<\/td>\n<td width=\"335\">m\u00e1s de 75 g\/par<\/td>\n<\/tr>\n<tr>\n<td width=\"284\">Talla<\/td>\n<td width=\"335\">Tama\u00f1o medio, m\u00e1s de 13* 25 cm.<\/td>\n<\/tr>\n<tr>\n<td width=\"284\">Est\u00e1ndar de calidad<\/td>\n<td width=\"335\">CE EN388<\/td>\n<\/tr>\n<tr>\n<td width=\"284\">Logotipo<\/td>\n<td width=\"335\">Serigraf\u00eda, impresi\u00f3n por transferencia t\u00e9rmica a elegir.<\/td>\n<\/tr>\n<tr>\n<td width=\"284\">Color<\/td>\n<td width=\"335\">Soporte personalizado<\/td>\n<\/tr>\n<tr>\n<td width=\"284\">MOQ<\/td>\n<td width=\"335\">1000 DOCENAS ( 12000 PARES)<\/td>\n<\/tr>\n<tr>\n<td width=\"284\">Embalaje<\/td>\n<td width=\"335\">12 pares por bolsa de polietileno, 120 pares por caja de cart\u00f3n o personalizados<\/td>\n<\/tr>\n<tr>\n<td width=\"284\">Aplicaci\u00f3n<\/td>\n<td width=\"335\">Jardiner\u00eda, industria, construcci\u00f3n, etc.<\/td>\n<\/tr>\n<\/tbody>\n<\/table>\n<p>TOPRISE admite varios estilos de personalizaci\u00f3n de guantes de l\u00e1tex; haga clic para <a href=\"https:\/\/toprisesafety.com\/es\/categoria-producto\/personal-protective-equipment\/hand-protection\/latex-gloves\/\">ver m\u00e1s estilos de guantes de l\u00e1tex.<\/a><\/p>\n<p>Si no encuentra los guantes de l\u00e1tex que necesita, <a href=\"https:\/\/toprisesafety.com\/es\/contact-us\/\">p\u00f3ngase en contacto con nosotros;<\/a> apoyamos la personalizaci\u00f3n especial.<\/p>","protected":false},"excerpt":{"rendered":"<p>N\u00ba Referencia: LXG19<\/p>\n<p>Material: Forro de punto de poli\u00e9ster de calibre 13 con revestimiento de l\u00e1tex, garra de ABS<\/p>\n<p>Acabado: Palma y dedos arrugados, 3\/4 ba\u00f1ados en l\u00e1tex.<\/p>\n<p>Peso : m\u00e1s de 79 g\/par<\/p>\n<p>Tama\u00f1o: tama\u00f1o medio, m\u00e1s de 13* 25CM<\/p>\n<p>Norma de calidad: CE EN388<\/p>\n<p>MQ: 1000 DOZ (12000 PARES)<\/p>","protected":false},"featured_media":11646,"template":"","meta":{"_acf_changed":false},"product_brand":[],"product_cat":[348,345],"product_tag":[],"class_list":{"0":"post-11645","1":"product","2":"type-product","3":"status-publish","4":"has-post-thumbnail","6":"product_cat-latex-gloves","7":"product_cat-hand-protection","9":"first","10":"instock","11":"shipping-taxable","12":"product-type-simple"},"acf":[],"_links":{"self":[{"href":"https:\/\/toprisesafety.com\/es\/wp-json\/wp\/v2\/product\/11645"}],"collection":[{"href":"https:\/\/toprisesafety.com\/es\/wp-json\/wp\/v2\/product"}],"about":[{"href":"https:\/\/toprisesafety.com\/es\/wp-json\/wp\/v2\/types\/product"}],"wp:featuredmedia":[{"embeddable":true,"href":"https:\/\/toprisesafety.com\/es\/wp-json\/wp\/v2\/media\/11646"}],"wp:attachment":[{"href":"https:\/\/toprisesafety.com\/es\/wp-json\/wp\/v2\/media?parent=11645"}],"wp:term":[{"taxonomy":"product_brand","embeddable":true,"href":"https:\/\/toprisesafety.com\/es\/wp-json\/wp\/v2\/product_brand?post=11645"},{"taxonomy":"product_cat","embeddable":true,"href":"https:\/\/toprisesafety.com\/es\/wp-json\/wp\/v2\/product_cat?post=11645"},{"taxonomy":"product_tag","embeddable":true,"href":"https:\/\/toprisesafety.com\/es\/wp-json\/wp\/v2\/product_tag?post=11645"}],"curies":[{"name":"wp","href":"https:\/\/api.w.org\/{rel}","templated":true}]}}