{"id":11636,"date":"2025-03-26T03:59:30","date_gmt":"2025-03-26T03:59:30","guid":{"rendered":"https:\/\/toprisesafety.com\/?post_type=product&#038;p=11636"},"modified":"2025-04-09T06:50:27","modified_gmt":"2025-04-09T06:50:27","slug":"waterproof-sandy-double-latex-full-coated-work-gloves","status":"publish","type":"product","link":"https:\/\/toprisesafety.com\/es\/producto\/waterproof-sandy-double-latex-full-coated-work-gloves\/","title":{"rendered":"Guantes de trabajo con doble recubrimiento de l\u00e1tex, impermeables y arenosos"},"content":{"rendered":"<h2>Guantes de trabajo con doble recubrimiento de l\u00e1tex, impermeables y arenosos<\/h2>\n<p>Material de poli\u00e9ster de calibre 15: proporciona un uso c\u00f3modo y una buena transpirabilidad.<\/p>\n<p>L\u00e1tex impermeable: impide eficazmente la penetraci\u00f3n del agua; adecuado para entornos h\u00famedos.<\/p>\n<p>Dise\u00f1o de doble inmersi\u00f3n: Mejora la durabilidad y la protecci\u00f3n de los guantes y prolonga la vida \u00fatil.<\/p>\n<p>Superficie esmerilada de l\u00e1tex: proporciona un buen agarre y garantiza la estabilidad en diversas operaciones.<\/p>\n<p>Adecuado para una variedad de entornos de trabajo: adecuado para horticultura, maquinaria, bricolaje y otras ocasiones de trabajo.<\/p>\n<p>Soporte de LOGO personalizado: para satisfacer las necesidades de personalizaci\u00f3n de la marca y mejorar la imagen corporativa.<\/p>\n<p>Opciones especiales de envasado: Proporcione envases personalizados seg\u00fan las necesidades del cliente para aumentar el atractivo del mercado.<\/p>\n<table>\n<tbody>\n<tr>\n<td width=\"284\">ART NO.<\/td>\n<td width=\"335\">LXG16<\/td>\n<\/tr>\n<tr>\n<td width=\"284\">Material<\/td>\n<td width=\"335\">Forro de punto de poli\u00e9ster de galga 13 con doble revestimiento de l\u00e1tex arenoso<\/p>\n<p>&nbsp;<\/td>\n<\/tr>\n<tr>\n<td width=\"284\">Acabado<\/td>\n<td width=\"335\">Doble capa, ba\u00f1ada en l\u00e1tex, impermeable<\/td>\n<\/tr>\n<tr>\n<td width=\"284\">Peso<\/td>\n<td width=\"335\">m\u00e1s de 60-70g\/par<\/td>\n<\/tr>\n<tr>\n<td width=\"284\">Talla<\/td>\n<td width=\"335\">7\u2033,8\u2033,9\u2033,10\u2033,11\u2033 a elegir<\/td>\n<\/tr>\n<tr>\n<td width=\"284\">Est\u00e1ndar de calidad<\/td>\n<td width=\"335\">CE EN388<\/td>\n<\/tr>\n<tr>\n<td width=\"284\">Logotipo<\/td>\n<td width=\"335\">Serigraf\u00eda, impresi\u00f3n por transferencia t\u00e9rmica a elegir.<\/td>\n<\/tr>\n<tr>\n<td width=\"284\">Color<\/td>\n<td width=\"335\">Soporte personalizado<\/td>\n<\/tr>\n<tr>\n<td width=\"284\">MOQ<\/td>\n<td width=\"335\">1000 DOCENAS ( 12000 PARES)<\/td>\n<\/tr>\n<tr>\n<td width=\"284\">Embalaje<\/td>\n<td width=\"335\">12 pares por bolsa de polietileno, 120 pares por caja de cart\u00f3n o personalizados<\/td>\n<\/tr>\n<tr>\n<td width=\"284\">Aplicaci\u00f3n<\/td>\n<td width=\"335\">Construcci\u00f3n, mantenimiento mec\u00e1nico, petroqu\u00edmica, carpinter\u00eda, etc.<\/td>\n<\/tr>\n<\/tbody>\n<\/table>\n<p>TOPRISE admite varios estilos de personalizaci\u00f3n de guantes de l\u00e1tex; haga clic para <a href=\"https:\/\/toprisesafety.com\/es\/categoria-producto\/personal-protective-equipment\/hand-protection\/latex-gloves\/\">ver m\u00e1s estilos de guantes de l\u00e1tex.<\/a><\/p>\n<p>Si no encuentra los guantes de l\u00e1tex que necesita, <a href=\"https:\/\/toprisesafety.com\/es\/contact-us\/\">p\u00f3ngase en contacto con nosotros;<\/a> apoyamos la personalizaci\u00f3n especial.<\/p>","protected":false},"excerpt":{"rendered":"<p>N\u00ba Referencia: LXG16<\/p>\n<p>Material: Forro de punto de poli\u00e9ster de galga 13 con doble revestimiento de l\u00e1tex arenoso<\/p>\n<p>Acabado: Doble capa, ba\u00f1ado en l\u00e1tex, impermeable.<\/p>\n<p>Peso : m\u00e1s de 60-70g\/par<\/p>\n<p>Talla: 7\u2033,8\u2033,9\u2033,10\u2033,11\u2033 a elegir.<\/p>\n<p>Norma de calidad: CE EN388<\/p>\n<p>MQ: 1000 DOZ (12000 PARES)<\/p>","protected":false},"featured_media":11637,"template":"","meta":{"_acf_changed":false},"product_brand":[],"product_cat":[348,345],"product_tag":[],"class_list":{"0":"post-11636","1":"product","2":"type-product","3":"status-publish","4":"has-post-thumbnail","6":"product_cat-latex-gloves","7":"product_cat-hand-protection","9":"first","10":"instock","11":"shipping-taxable","12":"product-type-simple"},"acf":[],"_links":{"self":[{"href":"https:\/\/toprisesafety.com\/es\/wp-json\/wp\/v2\/product\/11636"}],"collection":[{"href":"https:\/\/toprisesafety.com\/es\/wp-json\/wp\/v2\/product"}],"about":[{"href":"https:\/\/toprisesafety.com\/es\/wp-json\/wp\/v2\/types\/product"}],"wp:featuredmedia":[{"embeddable":true,"href":"https:\/\/toprisesafety.com\/es\/wp-json\/wp\/v2\/media\/11637"}],"wp:attachment":[{"href":"https:\/\/toprisesafety.com\/es\/wp-json\/wp\/v2\/media?parent=11636"}],"wp:term":[{"taxonomy":"product_brand","embeddable":true,"href":"https:\/\/toprisesafety.com\/es\/wp-json\/wp\/v2\/product_brand?post=11636"},{"taxonomy":"product_cat","embeddable":true,"href":"https:\/\/toprisesafety.com\/es\/wp-json\/wp\/v2\/product_cat?post=11636"},{"taxonomy":"product_tag","embeddable":true,"href":"https:\/\/toprisesafety.com\/es\/wp-json\/wp\/v2\/product_tag?post=11636"}],"curies":[{"name":"wp","href":"https:\/\/api.w.org\/{rel}","templated":true}]}}