{"id":11632,"date":"2025-03-26T03:45:18","date_gmt":"2025-03-26T03:45:18","guid":{"rendered":"https:\/\/toprisesafety.com\/?post_type=product&#038;p=11632"},"modified":"2025-04-09T06:51:10","modified_gmt":"2025-04-09T06:51:10","slug":"sandy-latex-coated-work-gloves","status":"publish","type":"product","link":"https:\/\/toprisesafety.com\/es\/producto\/sandy-latex-coated-work-gloves\/","title":{"rendered":"Guantes de trabajo recubiertos de l\u00e1tex Sandy"},"content":{"rendered":"<h2>Guantes de trabajo recubiertos de l\u00e1tex Sandy<\/h2>\n<ul>\n<li>Excelente comodidad: Dise\u00f1o de punto de nailon de galga 13, tacto suave, c\u00f3modo de llevar.<\/li>\n<li>Buen efecto antideslizante: el dise\u00f1o de la superficie de l\u00e1tex espumado proporciona una excelente fuerza de agarre y es adecuado para entornos h\u00famedos.<\/li>\n<li>Dise\u00f1o impregnado 3\/4: proporciona protecci\u00f3n sin comprometer la flexibilidad para una manipulaci\u00f3n fina.<\/li>\n<li>Fuerte permeabilidad al aire: el material de nylon aumenta la permeabilidad al aire, el desgaste a largo plazo no es caliente.<\/li>\n<li>Servicios personalizados: Apoyar la personalizaci\u00f3n LOGO y embalaje personalizado para satisfacer las necesidades de las empresas.<\/li>\n<li>Aplicaci\u00f3n multifuncional: apto para construcci\u00f3n, mantenimiento de maquinaria, etc.<\/li>\n<\/ul>\n<ul>\n<li>El dise\u00f1o esmerilado con l\u00e1tex aumenta el rendimiento antideslizante.<\/li>\n<li>Doble proceso de inmersi\u00f3n para aumentar la durabilidad;<\/li>\n<li>Proporcionan una sensaci\u00f3n de comodidad y ajuste;<\/li>\n<li>Apoyo a la personalizaci\u00f3n del LOGO en funci\u00f3n de las necesidades individuales.<\/li>\n<li>Se pueden personalizar embalajes especiales seg\u00fan la demanda;<\/li>\n<li>El fuerte agarre mejora la eficacia del trabajo.<\/li>\n<li>Certificaci\u00f3n seg\u00fan la norma EN388 para garantizar la seguridad.<\/li>\n<\/ul>\n<table>\n<tbody>\n<tr>\n<td width=\"284\">ART NO.<\/td>\n<td width=\"335\">LXG14<\/td>\n<\/tr>\n<tr>\n<td width=\"284\">Material<\/td>\n<td width=\"335\">Forro de punto de poli\u00e9ster de calibre 15 con revestimiento de l\u00e1tex arenoso<\/td>\n<\/tr>\n<tr>\n<td width=\"284\">Acabado<\/td>\n<td width=\"335\">Doble capa, dedos arrugados, 3\/4 ba\u00f1ados en l\u00e1tex.<\/td>\n<\/tr>\n<tr>\n<td width=\"284\">Peso<\/td>\n<td width=\"335\">m\u00e1s de 90 g\/par<\/td>\n<\/tr>\n<tr>\n<td width=\"284\">Talla<\/td>\n<td width=\"335\">7\u2033,8\u2033,9\u2033,10\u2033,11\u2033 a elegir<\/td>\n<\/tr>\n<tr>\n<td width=\"284\">Est\u00e1ndar de calidad<\/td>\n<td width=\"335\">CE EN388<\/td>\n<\/tr>\n<tr>\n<td width=\"284\">Logotipo<\/td>\n<td width=\"335\">Serigraf\u00eda, impresi\u00f3n por transferencia t\u00e9rmica a elegir.<\/td>\n<\/tr>\n<tr>\n<td width=\"284\">Color<\/td>\n<td width=\"335\">Soporte personalizado<\/td>\n<\/tr>\n<tr>\n<td width=\"284\">MOQ<\/td>\n<td width=\"335\">1000 DOCENAS ( 12000 PARES)<\/td>\n<\/tr>\n<tr>\n<td width=\"284\">Embalaje<\/td>\n<td width=\"335\">12 pares por bolsa de polietileno, 120 pares por caja de cart\u00f3n o personalizados<\/td>\n<\/tr>\n<tr>\n<td width=\"284\">Aplicaci\u00f3n<\/td>\n<td width=\"335\">Construcci\u00f3n, mantenimiento mec\u00e1nico, petroqu\u00edmica, carpinter\u00eda, etc.<\/td>\n<\/tr>\n<\/tbody>\n<\/table>\n<p>TOPRISE admite varios estilos de personalizaci\u00f3n de guantes de l\u00e1tex; haga clic para <a href=\"https:\/\/toprisesafety.com\/es\/categoria-producto\/personal-protective-equipment\/hand-protection\/latex-gloves\/\">ver m\u00e1s estilos de guantes de l\u00e1tex.<\/a><\/p>\n<p>Si no encuentra los guantes de l\u00e1tex que necesita, <a href=\"https:\/\/toprisesafety.com\/es\/contact-us\/\">p\u00f3ngase en contacto con nosotros;<\/a> apoyamos la personalizaci\u00f3n especial.<\/p>","protected":false},"excerpt":{"rendered":"<p>N\u00ba Referencia: LXG14<\/p>\n<p>Material: Forro de punto de poli\u00e9ster de calibre 15 con revestimiento de l\u00e1tex arenoso<\/p>\n<p>Acabado: Doble capa, dedos arrugados, 3\/4 ba\u00f1ado en l\u00e1tex.<\/p>\n<p>Peso : m\u00e1s de 90 g\/par<\/p>\n<p>Talla: 7\u2033,8\u2033,9\u2033,10\u2033,11\u2033 a elegir.<\/p>\n<p>Norma de calidad: CE EN388<\/p>\n<p>MQ: 1000 DOZ (12000 PARES)<\/p>","protected":false},"featured_media":11633,"template":"","meta":{"_acf_changed":false},"product_brand":[],"product_cat":[348,345],"product_tag":[],"class_list":{"0":"post-11632","1":"product","2":"type-product","3":"status-publish","4":"has-post-thumbnail","6":"product_cat-latex-gloves","7":"product_cat-hand-protection","9":"first","10":"instock","11":"shipping-taxable","12":"product-type-simple"},"acf":[],"_links":{"self":[{"href":"https:\/\/toprisesafety.com\/es\/wp-json\/wp\/v2\/product\/11632"}],"collection":[{"href":"https:\/\/toprisesafety.com\/es\/wp-json\/wp\/v2\/product"}],"about":[{"href":"https:\/\/toprisesafety.com\/es\/wp-json\/wp\/v2\/types\/product"}],"wp:featuredmedia":[{"embeddable":true,"href":"https:\/\/toprisesafety.com\/es\/wp-json\/wp\/v2\/media\/11633"}],"wp:attachment":[{"href":"https:\/\/toprisesafety.com\/es\/wp-json\/wp\/v2\/media?parent=11632"}],"wp:term":[{"taxonomy":"product_brand","embeddable":true,"href":"https:\/\/toprisesafety.com\/es\/wp-json\/wp\/v2\/product_brand?post=11632"},{"taxonomy":"product_cat","embeddable":true,"href":"https:\/\/toprisesafety.com\/es\/wp-json\/wp\/v2\/product_cat?post=11632"},{"taxonomy":"product_tag","embeddable":true,"href":"https:\/\/toprisesafety.com\/es\/wp-json\/wp\/v2\/product_tag?post=11632"}],"curies":[{"name":"wp","href":"https:\/\/api.w.org\/{rel}","templated":true}]}}