{"id":11627,"date":"2025-03-26T03:32:20","date_gmt":"2025-03-26T03:32:20","guid":{"rendered":"https:\/\/toprisesafety.com\/?post_type=product&#038;p=11627"},"modified":"2025-04-09T07:34:06","modified_gmt":"2025-04-09T07:34:06","slug":"cheap-latex-foam-gloves","status":"publish","type":"product","link":"https:\/\/toprisesafety.com\/es\/producto\/cheap-latex-foam-gloves\/","title":{"rendered":"Guantes baratos de espuma de l\u00e1tex"},"content":{"rendered":"<h2>Guantes baratos de espuma de l\u00e1tex<\/h2>\n<table>\n<tbody>\n<tr>\n<td width=\"284\">ART NO.<\/td>\n<td width=\"335\">LXG12<\/td>\n<\/tr>\n<tr>\n<td width=\"284\">Material<\/td>\n<td width=\"335\">Forro de punto de poli\u00e9ster de 10 galgas y 5 hilos con revestimiento de espuma de l\u00e1tex<\/p>\n<p>&nbsp;<\/td>\n<\/tr>\n<tr>\n<td width=\"284\">Acabado<\/td>\n<td width=\"335\">Palma y dedos arrugados, 3\/4 ba\u00f1ados en l\u00e1tex.<\/td>\n<\/tr>\n<tr>\n<td width=\"284\">Peso<\/td>\n<td width=\"335\">m\u00e1s de 50 g\/par<\/td>\n<\/tr>\n<tr>\n<td width=\"284\">Talla<\/td>\n<td width=\"335\">7\u2033,8\u2033,9\u2033,10\u2033,11\u2033 a elegir<\/td>\n<\/tr>\n<tr>\n<td width=\"284\">Est\u00e1ndar de calidad<\/td>\n<td width=\"335\">CE EN388<\/td>\n<\/tr>\n<tr>\n<td width=\"284\">Logotipo<\/td>\n<td width=\"335\">Serigraf\u00eda, impresi\u00f3n por transferencia t\u00e9rmica a elegir.<\/td>\n<\/tr>\n<tr>\n<td width=\"284\">Color<\/td>\n<td width=\"335\">Soporte personalizado<\/td>\n<\/tr>\n<tr>\n<td width=\"284\">MOQ<\/td>\n<td width=\"335\">1000 DOCENAS ( 12000 PARES)<\/td>\n<\/tr>\n<tr>\n<td width=\"284\">Embalaje<\/td>\n<td width=\"335\">12 pares por bolsa de polietileno, 120 pares por caja de cart\u00f3n o personalizados<\/td>\n<\/tr>\n<tr>\n<td width=\"284\">Aplicaci\u00f3n<\/td>\n<td width=\"335\">Construcci\u00f3n, mantenimiento mec\u00e1nico, petroqu\u00edmica, carpinter\u00eda, etc.<\/td>\n<\/tr>\n<\/tbody>\n<\/table>\n<p>TOPRISE admite varios estilos de personalizaci\u00f3n de guantes de l\u00e1tex; haga clic para <a href=\"https:\/\/toprisesafety.com\/es\/categoria-producto\/personal-protective-equipment\/hand-protection\/latex-gloves\/\">ver m\u00e1s estilos de guantes de l\u00e1tex.<\/a><\/p>\n<p>Si no encuentra los guantes de l\u00e1tex que necesita, <a href=\"https:\/\/toprisesafety.com\/es\/contact-us\/\">p\u00f3ngase en contacto con nosotros;<\/a> apoyamos la personalizaci\u00f3n especial.<\/p>","protected":false},"excerpt":{"rendered":"<p>N\u00ba Referencia: LXG12<\/p>\n<p>Material: Forro de punto de nailon de calibre 13 recubierto de espuma de l\u00e1tex<\/p>\n<p>Acabado: Palma y dedos arrugados, 3\/4 ba\u00f1ados en l\u00e1tex.<\/p>\n<p>Peso : m\u00e1s de 50 g\/par<\/p>\n<p>Talla: 7\u2033,8\u2033,9\u2033,10\u2033,11\u2033 a elegir.<\/p>\n<p>Norma de calidad: CE EN388<\/p>\n<p>MQ: 1000 DOZ (12000 PARES)<\/p>","protected":false},"featured_media":11628,"template":"","meta":{"_acf_changed":false},"product_brand":[],"product_cat":[348,345],"product_tag":[],"class_list":{"0":"post-11627","1":"product","2":"type-product","3":"status-publish","4":"has-post-thumbnail","6":"product_cat-latex-gloves","7":"product_cat-hand-protection","9":"first","10":"instock","11":"shipping-taxable","12":"product-type-simple"},"acf":[],"_links":{"self":[{"href":"https:\/\/toprisesafety.com\/es\/wp-json\/wp\/v2\/product\/11627"}],"collection":[{"href":"https:\/\/toprisesafety.com\/es\/wp-json\/wp\/v2\/product"}],"about":[{"href":"https:\/\/toprisesafety.com\/es\/wp-json\/wp\/v2\/types\/product"}],"wp:featuredmedia":[{"embeddable":true,"href":"https:\/\/toprisesafety.com\/es\/wp-json\/wp\/v2\/media\/11628"}],"wp:attachment":[{"href":"https:\/\/toprisesafety.com\/es\/wp-json\/wp\/v2\/media?parent=11627"}],"wp:term":[{"taxonomy":"product_brand","embeddable":true,"href":"https:\/\/toprisesafety.com\/es\/wp-json\/wp\/v2\/product_brand?post=11627"},{"taxonomy":"product_cat","embeddable":true,"href":"https:\/\/toprisesafety.com\/es\/wp-json\/wp\/v2\/product_cat?post=11627"},{"taxonomy":"product_tag","embeddable":true,"href":"https:\/\/toprisesafety.com\/es\/wp-json\/wp\/v2\/product_tag?post=11627"}],"curies":[{"name":"wp","href":"https:\/\/api.w.org\/{rel}","templated":true}]}}