{"id":11567,"date":"2025-03-20T04:36:18","date_gmt":"2025-03-20T04:36:18","guid":{"rendered":"https:\/\/toprisesafety.com\/?post_type=product&#038;p=11567"},"modified":"2025-03-25T04:36:10","modified_gmt":"2025-03-25T04:36:10","slug":"hi-vis-rain-jacket-and-pants","status":"publish","type":"product","link":"https:\/\/toprisesafety.com\/es\/producto\/hi-vis-rain-jacket-and-pants\/","title":{"rendered":"Chaqueta y pantal\u00f3n de lluvia Hi Vis"},"content":{"rendered":"<h2>Chaqueta y pantal\u00f3n de lluvia Hi Vis<\/h2>\n<p>Ningbo TOPRISE se estableci\u00f3 en 2009, es un fabricante profesional de impermeables, comprometido a proporcionar productos impermeables de alta calidad, duraderos e impermeables. Apoyamos servicios personalizados para satisfacer las necesidades de diferentes clientes, garantizar la entrega oportuna y ayudar a los clientes a hacer frente a las condiciones clim\u00e1ticas adversas.<\/p>\n<ul>\n<li>Durabilidad y protecci\u00f3n: El grosor del tejido (0,22-0,23 mm) garantiza el uso a largo plazo del producto, tiene una fuerte resistencia al desgaste, puede resistir eficazmente las inclemencias meteorol\u00f3gicas y proporciona una protecci\u00f3n adecuada.<\/li>\n<li>Alta visibilidad: Las tiras reflectantes mejoran la visibilidad del usuario, incluso en entornos con poca luz, como la noche o la niebla, para garantizar que el usuario sea visto claramente, especialmente adecuado para obras de construcci\u00f3n, construcci\u00f3n de carreteras y otros lugares que requieren alta seguridad.<\/li>\n<li>Impermeable y a prueba de viento: La tela Oxford recubierta de PU hace que este impermeable tenga un buen rendimiento impermeable; incluso bajo una fuerte lluvia, puede mantenerte seco, y al mismo tiempo, con permeabilidad al aire, evita la incomodidad de uso.<\/li>\n<li>Ligero y c\u00f3modo: Aunque la tela es duradera, el impermeable en s\u00ed es ligero y no se sentir\u00e1 pesado ni restringir\u00e1 las actividades durante mucho tiempo, proporcionando una experiencia de uso c\u00f3moda.<\/li>\n<li>Ventajas del tejido: El tejido Oxford 150D\/300D, de gran solidez y resistencia al desgaste, puede soportar entornos dif\u00edciles y un uso repetido. La tela Oxford es superior en resistencia al agua, al viento y a los rayos UV, por lo que es adecuada para condiciones clim\u00e1ticas extremas.<\/li>\n<li>Personalizable: admite la personalizaci\u00f3n y puede a\u00f1adir un logotipo o ajustar el color o el estilo seg\u00fan las necesidades del cliente.<\/li>\n<\/ul>\n<table>\n<tbody>\n<tr>\n<td width=\"284\">ART NO.<\/td>\n<td width=\"374\">RS03<\/td>\n<\/tr>\n<tr>\n<td width=\"284\">Material<\/td>\n<td width=\"374\">Poli\u00e9ster 170T con revestimiento de PVC.<\/td>\n<\/tr>\n<tr>\n<td width=\"284\">Cinta reflectante<\/td>\n<td width=\"374\">Cinta de alta visibilidad de 3CM<\/td>\n<\/tr>\n<tr>\n<td width=\"284\">Espesor<\/td>\n<td width=\"374\">0,18 mm o personalizado<\/td>\n<\/tr>\n<tr>\n<td width=\"284\">Color<\/td>\n<td width=\"374\">Negro o personalizado<\/td>\n<\/tr>\n<tr>\n<td width=\"284\">Caracter\u00edsticas<\/td>\n<td width=\"374\">A\u00f1ade cintas reflectantes, f\u00e1ciles de ver durante la noche.<\/td>\n<\/tr>\n<tr>\n<td width=\"284\">Talla<\/td>\n<td width=\"374\">S-XXXL CM.<\/td>\n<\/tr>\n<tr>\n<td width=\"284\">Logotipo<\/td>\n<td width=\"374\">Logotipo en la etiqueta del cuello o impresi\u00f3n en el impermeable y el envase<\/td>\n<\/tr>\n<tr>\n<td width=\"284\">Embalaje<\/td>\n<td width=\"374\">1 unidad por bolsa del mismo material<\/td>\n<\/tr>\n<tr>\n<td width=\"284\">MOQ<\/td>\n<td width=\"374\">500 SET<\/td>\n<\/tr>\n<\/tbody>\n<\/table>\n<p>TOPRISE admite varios estilos de personalizaci\u00f3n de la ropa de lluvia; haga clic para <a href=\"https:\/\/toprisesafety.com\/es\/categoria-producto\/personal-protective-equipment\/rain-wear\/\">ver m\u00e1s estilos de ropa de lluvia.<\/a><\/p>\n<p>Si no encuentra la ropa de lluvia que necesita, <a href=\"https:\/\/toprisesafety.com\/es\/contact-us\/\">Contacto<\/a>; apoyamos la personalizaci\u00f3n especial.<\/p>","protected":false},"excerpt":{"rendered":"<p>ART NO.RS03<\/p>\n<p>Material : poli\u00e9ster 170T con revestimiento de PVC.<\/p>\n<p>Cinta reflectante : cinta de alta visibilidad de 3CM<\/p>\n<p>Grosor: 0,18 mm de grosor o personalizado<\/p>\n<p>Talla : S-XXXL o personalizada<\/p>\n<p>MOQ :500 SETS<\/p>\n<p>Admite tama\u00f1o, logotipo y dise\u00f1o personalizados<\/p>","protected":false},"featured_media":11569,"template":"","meta":{"_acf_changed":false},"product_brand":[],"product_cat":[321],"product_tag":[],"class_list":{"0":"post-11567","1":"product","2":"type-product","3":"status-publish","4":"has-post-thumbnail","6":"product_cat-rain-wear","8":"first","9":"instock","10":"shipping-taxable","11":"product-type-simple"},"acf":[],"_links":{"self":[{"href":"https:\/\/toprisesafety.com\/es\/wp-json\/wp\/v2\/product\/11567"}],"collection":[{"href":"https:\/\/toprisesafety.com\/es\/wp-json\/wp\/v2\/product"}],"about":[{"href":"https:\/\/toprisesafety.com\/es\/wp-json\/wp\/v2\/types\/product"}],"wp:featuredmedia":[{"embeddable":true,"href":"https:\/\/toprisesafety.com\/es\/wp-json\/wp\/v2\/media\/11569"}],"wp:attachment":[{"href":"https:\/\/toprisesafety.com\/es\/wp-json\/wp\/v2\/media?parent=11567"}],"wp:term":[{"taxonomy":"product_brand","embeddable":true,"href":"https:\/\/toprisesafety.com\/es\/wp-json\/wp\/v2\/product_brand?post=11567"},{"taxonomy":"product_cat","embeddable":true,"href":"https:\/\/toprisesafety.com\/es\/wp-json\/wp\/v2\/product_cat?post=11567"},{"taxonomy":"product_tag","embeddable":true,"href":"https:\/\/toprisesafety.com\/es\/wp-json\/wp\/v2\/product_tag?post=11567"}],"curies":[{"name":"wp","href":"https:\/\/api.w.org\/{rel}","templated":true}]}}