{"id":11550,"date":"2025-03-18T08:01:26","date_gmt":"2025-03-18T08:01:26","guid":{"rendered":"https:\/\/toprisesafety.com\/?post_type=product&#038;p=11550"},"modified":"2025-03-25T04:37:37","modified_gmt":"2025-03-25T04:37:37","slug":"backpacking-camouflage-rain-poncho","status":"publish","type":"product","link":"https:\/\/toprisesafety.com\/es\/producto\/backpacking-camouflage-rain-poncho\/","title":{"rendered":"Poncho de lluvia de camuflaje para mochileros"},"content":{"rendered":"<h2>Poncho de lluvia de camuflaje para mochileros<\/h2>\n<p>Ningbo TOPRISE se estableci\u00f3 en 2009, es un fabricante profesional de impermeables, comprometido a proporcionar productos impermeables de alta calidad, duraderos e impermeables. Apoyamos servicios personalizados para satisfacer las necesidades de diferentes clientes, garantizar la entrega oportuna y ayudar a los clientes a hacer frente a las condiciones clim\u00e1ticas adversas.<\/p>\n<ul>\n<li>Tejido de alta calidad: el revestimiento de poli\u00e9ster PU 210T garantiza resistencia al agua y durabilidad.<\/li>\n<li>Dise\u00f1o multifuncional: estilo 3 en 1, puede usarse como impermeable, capa o sombrilla, para adaptarse a diferentes escenarios.<\/li>\n<li>Selecci\u00f3n de espesor: Espesor est\u00e1ndar 0,10MM, se puede personalizar seg\u00fan las necesidades de diferentes espesores.<\/li>\n<li>Personalizaci\u00f3n de colores y logotipos: Las opciones de camuflaje y color s\u00f3lido est\u00e1n disponibles para personalizar los colores y logotipos para satisfacer las necesidades individuales.<\/li>\n<li>Gran resistencia al agua: impide eficazmente la penetraci\u00f3n de la lluvia, se mantiene seco y se adapta al mal tiempo exterior.<\/li>\n<li>Ligero y duradero: El dise\u00f1o es ligero y f\u00e1cil de llevar, adecuado para una variedad de actividades al aire libre, como la exploraci\u00f3n y las operaciones militares.<\/li>\n<\/ul>\n<table>\n<tbody>\n<tr>\n<td width=\"284\">ART NO.<\/td>\n<td width=\"374\">RC06<\/td>\n<\/tr>\n<tr>\n<td width=\"284\">Material<\/td>\n<td width=\"374\">Poli\u00e9ster 210T con revestimiento de PU.<\/td>\n<\/tr>\n<tr>\n<td width=\"284\">Espesor<\/td>\n<td width=\"374\">0,10 mm o personalizado<\/td>\n<\/tr>\n<tr>\n<td width=\"284\">Color<\/td>\n<td width=\"374\">Azul marino, negro, camuflaje o personalizado<\/td>\n<\/tr>\n<tr>\n<td width=\"284\">Caracter\u00edsticas<\/td>\n<td width=\"374\">3 en 1, multifunciones.<\/td>\n<\/tr>\n<tr>\n<td width=\"284\">Talla<\/td>\n<td width=\"374\">140 * 210 CM.<\/td>\n<\/tr>\n<tr>\n<td width=\"284\">Logotipo<\/td>\n<td width=\"374\">Logotipo en la etiqueta del cuello o impresi\u00f3n en el impermeable y el envase<\/td>\n<\/tr>\n<tr>\n<td width=\"284\">Embalaje<\/td>\n<td width=\"374\">1 unidad por bolsa del mismo material<\/td>\n<\/tr>\n<tr>\n<td width=\"284\">MOQ<\/td>\n<td width=\"374\">500 UNIDADES<\/td>\n<\/tr>\n<\/tbody>\n<\/table>\n<p>TOPRISE admite varios estilos de personalizaci\u00f3n de la ropa de lluvia; haga clic para <a href=\"https:\/\/toprisesafety.com\/es\/categoria-producto\/personal-protective-equipment\/rain-wear\/\">ver m\u00e1s estilos de ropa de lluvia.<\/a><\/p>\n<p>Si no encuentra la ropa de lluvia que necesita, <a href=\"https:\/\/toprisesafety.com\/es\/contact-us\/\">Contacto<\/a>; apoyamos la personalizaci\u00f3n especial.<\/p>","protected":false},"excerpt":{"rendered":"<p>ART NO.RC06<\/p>\n<p>Material: poli\u00e9ster 210T con revestimiento de PU.<\/p>\n<p>Grosor: 0,10 mm de grosor o personalizado<\/p>\n<p>Tama\u00f1o : 210*140CM o personalizado<\/p>\n<p>MOQ: 500 UNIDADES<\/p>\n<p>Admite tama\u00f1o, logotipo y dise\u00f1o personalizados<\/p>","protected":false},"featured_media":11557,"template":"","meta":{"_acf_changed":false},"product_brand":[],"product_cat":[321],"product_tag":[],"class_list":{"0":"post-11550","1":"product","2":"type-product","3":"status-publish","4":"has-post-thumbnail","6":"product_cat-rain-wear","8":"first","9":"instock","10":"shipping-taxable","11":"product-type-simple"},"acf":[],"_links":{"self":[{"href":"https:\/\/toprisesafety.com\/es\/wp-json\/wp\/v2\/product\/11550"}],"collection":[{"href":"https:\/\/toprisesafety.com\/es\/wp-json\/wp\/v2\/product"}],"about":[{"href":"https:\/\/toprisesafety.com\/es\/wp-json\/wp\/v2\/types\/product"}],"wp:featuredmedia":[{"embeddable":true,"href":"https:\/\/toprisesafety.com\/es\/wp-json\/wp\/v2\/media\/11557"}],"wp:attachment":[{"href":"https:\/\/toprisesafety.com\/es\/wp-json\/wp\/v2\/media?parent=11550"}],"wp:term":[{"taxonomy":"product_brand","embeddable":true,"href":"https:\/\/toprisesafety.com\/es\/wp-json\/wp\/v2\/product_brand?post=11550"},{"taxonomy":"product_cat","embeddable":true,"href":"https:\/\/toprisesafety.com\/es\/wp-json\/wp\/v2\/product_cat?post=11550"},{"taxonomy":"product_tag","embeddable":true,"href":"https:\/\/toprisesafety.com\/es\/wp-json\/wp\/v2\/product_tag?post=11550"}],"curies":[{"name":"wp","href":"https:\/\/api.w.org\/{rel}","templated":true}]}}