{"id":11545,"date":"2025-03-18T07:49:55","date_gmt":"2025-03-18T07:49:55","guid":{"rendered":"https:\/\/toprisesafety.com\/?post_type=product&#038;p=11545"},"modified":"2025-03-25T04:38:26","modified_gmt":"2025-03-25T04:38:26","slug":"heavy-duty-long-pvc-raincoats","status":"publish","type":"product","link":"https:\/\/toprisesafety.com\/es\/producto\/heavy-duty-long-pvc-raincoats\/","title":{"rendered":"Impermeables largos de PVC resistentes"},"content":{"rendered":"<h2>Impermeables largos de PVC resistentes<\/h2>\n<p>Ningbo TOPRISE se estableci\u00f3 en 2009, es un fabricante profesional de impermeables, comprometido a proporcionar productos impermeables de alta calidad, duraderos e impermeables. Apoyamos servicios personalizados para satisfacer las necesidades de diferentes clientes, garantizar la entrega oportuna y ayudar a los clientes a hacer frente a las condiciones clim\u00e1ticas adversas.<\/p>\n<ul>\n<li>Alta resistencia al agua y durabilidad: dise\u00f1o de 0,28 mm, 0,30 mm y 0,32 mm de grosor, que proporciona una excelente resistencia al agua y al desgaste, adecuada para un uso prolongado en exteriores.<\/li>\n<li>Dise\u00f1o de doble adhesivo: mejora el sellado, evita eficazmente la infiltraci\u00f3n del agua de lluvia.<\/li>\n<li>Banda reflectante a elegir: el uso del proceso de prensado en caliente para instalar la banda reflectante mejora la visibilidad por la noche para garantizar la seguridad del usuario.<\/li>\n<li>Resistencia a \u00e1cidos y \u00e1lcalis: se adaptan a entornos duros, especialmente indicados para ocasiones de procesamiento industrial y qu\u00edmico.<\/li>\n<li>Duradero y c\u00f3modo: A trav\u00e9s de la artesan\u00eda exquisita, se proporciona una alta durabilidad y una experiencia de uso c\u00f3moda.<\/li>\n<\/ul>\n<table>\n<tbody>\n<tr>\n<td width=\"284\">ART NO.<\/td>\n<td width=\"374\">RC08<\/td>\n<\/tr>\n<tr>\n<td width=\"284\">Material<\/td>\n<td width=\"374\">PVC\/Poli\u00e9ster o PVC\/Poli\u00e9ster\/PVC<\/td>\n<\/tr>\n<tr>\n<td width=\"284\">Espesor<\/td>\n<td width=\"374\">0,28\/0,30\/0,32\/0,35 mm o personalizado<\/td>\n<\/tr>\n<tr>\n<td width=\"284\">Color<\/td>\n<td width=\"374\">Amarillo\/verde\/azul o personalizado<\/td>\n<\/tr>\n<tr>\n<td width=\"284\">Cinta reflectante<\/td>\n<td width=\"374\">3CM\/5 CM a elegir<\/td>\n<\/tr>\n<tr>\n<td width=\"284\">Talla<\/td>\n<td width=\"374\">S-XXXL o personalizado<\/td>\n<\/tr>\n<tr>\n<td width=\"284\">Logotipo<\/td>\n<td width=\"374\">Logotipo en la etiqueta del cuello o impresi\u00f3n en el impermeable y el envase<\/td>\n<\/tr>\n<tr>\n<td width=\"284\">Embalaje<\/td>\n<td width=\"374\">1 unidad por bolsa del mismo material<\/td>\n<\/tr>\n<tr>\n<td width=\"284\">MOQ<\/td>\n<td width=\"374\">500 UNIDADES<\/td>\n<\/tr>\n<\/tbody>\n<\/table>\n<p>TOPRISE admite varios estilos de personalizaci\u00f3n de la ropa de lluvia; haga clic para <a href=\"https:\/\/toprisesafety.com\/es\/categoria-producto\/personal-protective-equipment\/rain-wear\/\">ver m\u00e1s estilos de ropa de lluvia.<\/a><\/p>\n<p>Si no encuentra la ropa de lluvia que necesita, <a href=\"https:\/\/toprisesafety.com\/es\/contact-us\/\">Contacto<\/a>; apoyamos la personalizaci\u00f3n especial.<\/p>","protected":false},"excerpt":{"rendered":"<p>ART NO.RC08<\/p>\n<p>Material :PVC\/Poli\u00e9ster o PVC\/Poli\u00e9ster\/PVC<\/p>\n<p>Espesor : 0,28\/0,30\/0,32\/0,35 mm de espesor o personalizado<\/p>\n<p>Talla : S- XXXL o personalizada<\/p>\n<p>MOQ: 500 UNIDADES<\/p>\n<p>Admite tama\u00f1o, logotipo y dise\u00f1o personalizados<\/p>","protected":false},"featured_media":11547,"template":"","meta":{"_acf_changed":false},"product_brand":[],"product_cat":[321],"product_tag":[],"class_list":{"0":"post-11545","1":"product","2":"type-product","3":"status-publish","4":"has-post-thumbnail","6":"product_cat-rain-wear","8":"first","9":"instock","10":"shipping-taxable","11":"product-type-simple"},"acf":[],"_links":{"self":[{"href":"https:\/\/toprisesafety.com\/es\/wp-json\/wp\/v2\/product\/11545"}],"collection":[{"href":"https:\/\/toprisesafety.com\/es\/wp-json\/wp\/v2\/product"}],"about":[{"href":"https:\/\/toprisesafety.com\/es\/wp-json\/wp\/v2\/types\/product"}],"wp:featuredmedia":[{"embeddable":true,"href":"https:\/\/toprisesafety.com\/es\/wp-json\/wp\/v2\/media\/11547"}],"wp:attachment":[{"href":"https:\/\/toprisesafety.com\/es\/wp-json\/wp\/v2\/media?parent=11545"}],"wp:term":[{"taxonomy":"product_brand","embeddable":true,"href":"https:\/\/toprisesafety.com\/es\/wp-json\/wp\/v2\/product_brand?post=11545"},{"taxonomy":"product_cat","embeddable":true,"href":"https:\/\/toprisesafety.com\/es\/wp-json\/wp\/v2\/product_cat?post=11545"},{"taxonomy":"product_tag","embeddable":true,"href":"https:\/\/toprisesafety.com\/es\/wp-json\/wp\/v2\/product_tag?post=11545"}],"curies":[{"name":"wp","href":"https:\/\/api.w.org\/{rel}","templated":true}]}}