{"id":11526,"date":"2025-03-18T06:44:22","date_gmt":"2025-03-18T06:44:22","guid":{"rendered":"https:\/\/toprisesafety.com\/?post_type=product&#038;p=11526"},"modified":"2025-03-25T04:39:18","modified_gmt":"2025-03-25T04:39:18","slug":"camouflage-poncho-rain-gear","status":"publish","type":"product","link":"https:\/\/toprisesafety.com\/es\/producto\/camouflage-poncho-rain-gear\/","title":{"rendered":"Camuflaje Poncho Rain Gear"},"content":{"rendered":"<h2>Camuflaje Poncho Rain Gear<\/h2>\n<p>Ningbo TOPRISE se estableci\u00f3 en 2009, es un fabricante profesional de impermeables, comprometido a proporcionar productos impermeables de alta calidad, duraderos e impermeables. Apoyamos servicios personalizados para satisfacer las necesidades de diferentes clientes, garantizar la entrega oportuna y ayudar a los clientes a hacer frente a las condiciones clim\u00e1ticas adversas.<\/p>\n<ul>\n<li>High quality fabric: 170T polyester PVC coating ensures water resistance and durability.<\/li>\n<li>Dise\u00f1o multifuncional: estilo 3 en 1, puede usarse como impermeable, capa o sombrilla, para adaptarse a diferentes escenarios.<\/li>\n<li>Thickness selection: Standard thickness 0.18MM, can be customized according to the needs of different thickness.<\/li>\n<li>Personalizaci\u00f3n de colores y logotipos: Las opciones de camuflaje y color s\u00f3lido est\u00e1n disponibles para personalizar los colores y logotipos para satisfacer las necesidades individuales.<\/li>\n<li>Gran resistencia al agua: impide eficazmente la penetraci\u00f3n de la lluvia, se mantiene seco y se adapta al mal tiempo exterior.<\/li>\n<li>Ligero y duradero: El dise\u00f1o es ligero y f\u00e1cil de llevar, adecuado para una variedad de actividades al aire libre, como la exploraci\u00f3n y las operaciones militares.<\/li>\n<\/ul>\n<table>\n<tbody>\n<tr>\n<td width=\"284\">ART NO.<\/td>\n<td width=\"374\">RC05<\/td>\n<\/tr>\n<tr>\n<td width=\"284\">Material<\/td>\n<td width=\"374\">Poli\u00e9ster 170T con revestimiento de PVC.<\/td>\n<\/tr>\n<tr>\n<td width=\"284\">Espesor<\/td>\n<td width=\"374\">0.18mm or customized<\/td>\n<\/tr>\n<tr>\n<td width=\"284\">Color<\/td>\n<td width=\"374\">Azul marino, negro, camuflaje o personalizado<\/td>\n<\/tr>\n<tr>\n<td width=\"284\">Caracter\u00edsticas<\/td>\n<td width=\"374\">3 en 1, multifunciones.<\/td>\n<\/tr>\n<tr>\n<td width=\"284\">Talla<\/td>\n<td width=\"374\">140 * 200 CM.<\/td>\n<\/tr>\n<tr>\n<td width=\"284\">Logotipo<\/td>\n<td width=\"374\">Logotipo en la etiqueta del cuello o impresi\u00f3n en el impermeable y el envase<\/td>\n<\/tr>\n<tr>\n<td width=\"284\">Embalaje<\/td>\n<td width=\"374\">1 unidad por bolsa del mismo material<\/td>\n<\/tr>\n<tr>\n<td width=\"284\">MOQ<\/td>\n<td width=\"374\">500 UNIDADES<\/td>\n<\/tr>\n<\/tbody>\n<\/table>\n<p>TOPRISE admite varios estilos de personalizaci\u00f3n de la ropa de lluvia; haga clic para <a href=\"https:\/\/toprisesafety.com\/es\/categoria-producto\/personal-protective-equipment\/rain-wear\/\">ver m\u00e1s estilos de ropa de lluvia.<\/a><\/p>\n<p>Si no encuentra la ropa de lluvia que necesita, <a href=\"https:\/\/toprisesafety.com\/es\/contact-us\/\">Contacto<\/a>; apoyamos la personalizaci\u00f3n especial.<\/p>","protected":false},"excerpt":{"rendered":"<p>ART NO.RC05<\/p>\n<p>Material :170T polyester with PVC coated.<\/p>\n<p>Grosor: 0,18 mm de grosor o personalizado<\/p>\n<p>Size : 140*200CM\u00a0or customized<\/p>\n<p>MOQ: 500 UNIDADES<\/p>\n<p>Admite tama\u00f1o, logotipo y dise\u00f1o personalizados<\/p>","protected":false},"featured_media":11530,"template":"","meta":{"_acf_changed":false},"product_brand":[],"product_cat":[321],"product_tag":[],"class_list":{"0":"post-11526","1":"product","2":"type-product","3":"status-publish","4":"has-post-thumbnail","6":"product_cat-rain-wear","8":"first","9":"instock","10":"shipping-taxable","11":"product-type-simple"},"acf":[],"_links":{"self":[{"href":"https:\/\/toprisesafety.com\/es\/wp-json\/wp\/v2\/product\/11526","targetHints":{"allow":["GET"]}}],"collection":[{"href":"https:\/\/toprisesafety.com\/es\/wp-json\/wp\/v2\/product"}],"about":[{"href":"https:\/\/toprisesafety.com\/es\/wp-json\/wp\/v2\/types\/product"}],"wp:featuredmedia":[{"embeddable":true,"href":"https:\/\/toprisesafety.com\/es\/wp-json\/wp\/v2\/media\/11530"}],"wp:attachment":[{"href":"https:\/\/toprisesafety.com\/es\/wp-json\/wp\/v2\/media?parent=11526"}],"wp:term":[{"taxonomy":"product_brand","embeddable":true,"href":"https:\/\/toprisesafety.com\/es\/wp-json\/wp\/v2\/product_brand?post=11526"},{"taxonomy":"product_cat","embeddable":true,"href":"https:\/\/toprisesafety.com\/es\/wp-json\/wp\/v2\/product_cat?post=11526"},{"taxonomy":"product_tag","embeddable":true,"href":"https:\/\/toprisesafety.com\/es\/wp-json\/wp\/v2\/product_tag?post=11526"}],"curies":[{"name":"wp","href":"https:\/\/api.w.org\/{rel}","templated":true}]}}