{"id":11524,"date":"2025-03-18T06:14:17","date_gmt":"2025-03-18T06:14:17","guid":{"rendered":"https:\/\/toprisesafety.com\/?post_type=product&#038;p=11524"},"modified":"2025-03-25T04:39:50","modified_gmt":"2025-03-25T04:39:50","slug":"reflective-rain-trench-coat","status":"publish","type":"product","link":"https:\/\/toprisesafety.com\/es\/producto\/reflective-rain-trench-coat\/","title":{"rendered":"Gabardina reflectante"},"content":{"rendered":"<h2>Gabardina reflectante<\/h2>\n<p>Ningbo TOPRISE se estableci\u00f3 en 2009, es un fabricante profesional de impermeables, comprometido a proporcionar productos impermeables de alta calidad, duraderos e impermeables. Apoyamos servicios personalizados para satisfacer las necesidades de diferentes clientes, garantizar la entrega oportuna y ayudar a los clientes a hacer frente a las condiciones clim\u00e1ticas adversas.<\/p>\n<ul>\n<li>Tejido de calidad: Tejido Oxford 150D\/300D con revestimiento de PU o PVC para mayor resistencia al agua y durabilidad.<\/li>\n<li>Gran resistencia al agua: evita eficazmente la infiltraci\u00f3n de la lluvia, se mantiene seco y se adapta al mal tiempo.<\/li>\n<li>Selecci\u00f3n de grosor: Espesor est\u00e1ndar 0,22MM, otros espesores se pueden proporcionar seg\u00fan la demanda, elecci\u00f3n flexible.<\/li>\n<li>Servicio de personalizaci\u00f3n: Apoyar estilos personalizados, logotipos y envases para satisfacer las necesidades individuales del cliente.<\/li>\n<li>Forro de malla transpirable a elegir: aumenta la permeabilidad al aire, mantiene el confort, reduce la acumulaci\u00f3n de humedad y mejora la experiencia de uso.<\/li>\n<li>Dise\u00f1o de banda reflectante: Mayor visibilidad nocturna, seguridad mejorada, adecuado para entornos con poca luz.<\/li>\n<li><\/li>\n<li>\n<table>\n<tbody>\n<tr>\n<td width=\"284\">ART NO.<\/td>\n<td width=\"374\">RC03<\/td>\n<\/tr>\n<tr>\n<td width=\"284\">Material<\/td>\n<td width=\"374\">Oxford 150D\/300D con revestimiento de PVC\/PU<\/td>\n<\/tr>\n<tr>\n<td width=\"284\">Forro<\/td>\n<td width=\"374\">A\u00f1ade forro de malla para elegir.<\/td>\n<\/tr>\n<tr>\n<td width=\"284\">Espesor<\/td>\n<td width=\"374\">0,22 mm o personalizado<\/td>\n<\/tr>\n<tr>\n<td width=\"284\">Color<\/td>\n<td width=\"374\">Azul marino, naranja, verde fluorescente, rosa, negro o personalizado<\/td>\n<\/tr>\n<tr>\n<td width=\"284\">Cinta reflectante<\/td>\n<td width=\"374\">3CM\/5 CM a elegir<\/td>\n<\/tr>\n<tr>\n<td width=\"284\">Talla<\/td>\n<td width=\"374\">S-XXXL o personalizado<\/td>\n<\/tr>\n<tr>\n<td width=\"284\">Logotipo<\/td>\n<td width=\"374\">Logotipo en la etiqueta del cuello o impresi\u00f3n en el impermeable y el envase<\/td>\n<\/tr>\n<tr>\n<td width=\"284\">Embalaje<\/td>\n<td width=\"374\">1 unidad por bolsa del mismo material<\/td>\n<\/tr>\n<tr>\n<td width=\"284\">MOQ<\/td>\n<td width=\"374\">500 UNIDADES<\/td>\n<\/tr>\n<\/tbody>\n<\/table>\n<\/li>\n<li>TOPRISE admite varios estilos de personalizaci\u00f3n de la ropa de lluvia; haga clic para <a href=\"https:\/\/toprisesafety.com\/es\/categoria-producto\/personal-protective-equipment\/rain-wear\/\">ver m\u00e1s estilos de ropa de lluvia.<\/a>\n<p>Si no encuentra la ropa de lluvia que necesita, <a href=\"https:\/\/toprisesafety.com\/es\/contact-us\/\">Contacto<\/a>; apoyamos la personalizaci\u00f3n especial.<\/li>\n<\/ul>","protected":false},"excerpt":{"rendered":"<p>ART NO.RC04<\/p>\n<p>Material: Oxford 150 D\/300D con revestimiento de PVC\/PU, 0,22 mm de grosor o personalizado.<\/p>\n<p>Talla : S- XXXL o personalizada<\/p>\n<p>MOQ: 500 UNIDADES<\/p>\n<p>Admite tama\u00f1o, logotipo y dise\u00f1o personalizados<\/p>","protected":false},"featured_media":11525,"template":"","meta":{"_acf_changed":false},"product_brand":[],"product_cat":[321],"product_tag":[],"class_list":{"0":"post-11524","1":"product","2":"type-product","3":"status-publish","4":"has-post-thumbnail","6":"product_cat-rain-wear","8":"first","9":"instock","10":"shipping-taxable","11":"product-type-simple"},"acf":[],"_links":{"self":[{"href":"https:\/\/toprisesafety.com\/es\/wp-json\/wp\/v2\/product\/11524"}],"collection":[{"href":"https:\/\/toprisesafety.com\/es\/wp-json\/wp\/v2\/product"}],"about":[{"href":"https:\/\/toprisesafety.com\/es\/wp-json\/wp\/v2\/types\/product"}],"wp:featuredmedia":[{"embeddable":true,"href":"https:\/\/toprisesafety.com\/es\/wp-json\/wp\/v2\/media\/11525"}],"wp:attachment":[{"href":"https:\/\/toprisesafety.com\/es\/wp-json\/wp\/v2\/media?parent=11524"}],"wp:term":[{"taxonomy":"product_brand","embeddable":true,"href":"https:\/\/toprisesafety.com\/es\/wp-json\/wp\/v2\/product_brand?post=11524"},{"taxonomy":"product_cat","embeddable":true,"href":"https:\/\/toprisesafety.com\/es\/wp-json\/wp\/v2\/product_cat?post=11524"},{"taxonomy":"product_tag","embeddable":true,"href":"https:\/\/toprisesafety.com\/es\/wp-json\/wp\/v2\/product_tag?post=11524"}],"curies":[{"name":"wp","href":"https:\/\/api.w.org\/{rel}","templated":true}]}}