{"id":11510,"date":"2025-03-18T05:47:02","date_gmt":"2025-03-18T05:47:02","guid":{"rendered":"https:\/\/toprisesafety.com\/?post_type=product&#038;p=11510"},"modified":"2025-03-25T04:41:48","modified_gmt":"2025-03-25T04:41:48","slug":"camouflage-long-raincoat","status":"publish","type":"product","link":"https:\/\/toprisesafety.com\/es\/producto\/camouflage-long-raincoat\/","title":{"rendered":"Chubasquero largo de camuflaje"},"content":{"rendered":"<h2>Chubasquero largo de camuflaje<\/h2>\n<p>Ningbo TOPRISE se estableci\u00f3 en 2009, es un fabricante profesional de impermeables, comprometido a proporcionar productos impermeables de alta calidad, duraderos e impermeables. Apoyamos servicios personalizados para satisfacer las necesidades de diferentes clientes, garantizar la entrega oportuna y ayudar a los clientes a hacer frente a las condiciones clim\u00e1ticas adversas.<\/p>\n<ul>\n<li>Material de guinga de poli\u00e9ster de camuflaje: Guinga de poli\u00e9ster de alta calidad, duradera e impermeable, adecuada para todo tipo de actividades al aire libre.<\/li>\n<li>Grosor 0,1MM: dise\u00f1o fino y ligero, f\u00e1cil de transportar y guardar, adecuado para uso prolongado.<\/li>\n<li>Gran resistencia al agua: evita eficazmente la penetraci\u00f3n de la lluvia, se mantiene seco y se adapta a diferentes entornos clim\u00e1ticos.<\/li>\n<li>Soporta LOGO personalizado: puede personalizar el LOGO de acuerdo a las necesidades del cliente, mejorar el efecto de publicidad de la marca.<\/li>\n<li>Personalizaci\u00f3n de envases: Proporcionar servicios de personalizaci\u00f3n de envases para satisfacer las necesidades individuales de los clientes.<\/li>\n<li>Dise\u00f1o de camuflaje: Patr\u00f3n de camuflaje \u00fanico, adecuado para militares, actividades de campo y otros escenarios.<\/li>\n<\/ul>\n<table style=\"height: 526px;\" width=\"694\">\n<tbody>\n<tr>\n<td width=\"284\">ART NO.<\/td>\n<td width=\"323\">RC01<\/td>\n<\/tr>\n<tr>\n<td width=\"284\">Material<\/td>\n<td width=\"323\">Poli\u00e9ster 210T con revestimiento de PU<\/td>\n<\/tr>\n<tr>\n<td width=\"284\">Espesor<\/td>\n<td width=\"323\">0,10 mm o personalizado<\/td>\n<\/tr>\n<tr>\n<td width=\"284\">Color<\/td>\n<td width=\"323\">Camuflaje o personalizado<\/td>\n<\/tr>\n<tr>\n<td width=\"284\">Talla<\/td>\n<td width=\"323\">S-XXXL o personalizado<\/td>\n<\/tr>\n<tr>\n<td width=\"284\">Logotipo<\/td>\n<td width=\"323\">Logotipo en la etiqueta del cuello o impresi\u00f3n en el impermeable y el envase<\/td>\n<\/tr>\n<tr>\n<td width=\"284\">Embalaje<\/td>\n<td width=\"323\">1 unidad por bolsa del mismo material<\/td>\n<\/tr>\n<tr>\n<td width=\"284\">MOQ<\/td>\n<td width=\"323\">500 UNIDADES<\/td>\n<\/tr>\n<\/tbody>\n<\/table>\n<p>TOPRISE admite varios estilos de personalizaci\u00f3n de la ropa de lluvia; haga clic para <a href=\"https:\/\/toprisesafety.com\/es\/categoria-producto\/personal-protective-equipment\/rain-wear\/\">ver m\u00e1s estilos de ropa de lluvia.<\/a><\/p>\n<p>Si no encuentra la ropa de lluvia que necesita, <a href=\"https:\/\/toprisesafety.com\/es\/contact-us\/\">Contacto<\/a>; apoyamos la personalizaci\u00f3n especial.<\/p>","protected":false},"excerpt":{"rendered":"<p>ART NO.RC01<\/p>\n<p>Material : poli\u00e9ster 210T con revestimiento de PU o personalizado<\/p>\n<p>Talla : S- XXXL o personalizada<\/p>\n<p>MOQ: 500 UNIDADES<\/p>\n<p>Admite tama\u00f1o, logotipo y dise\u00f1o personalizados<\/p>","protected":false},"featured_media":11515,"template":"","meta":{"_acf_changed":false},"product_brand":[],"product_cat":[321],"product_tag":[],"class_list":{"0":"post-11510","1":"product","2":"type-product","3":"status-publish","4":"has-post-thumbnail","6":"product_cat-rain-wear","8":"first","9":"instock","10":"shipping-taxable","11":"product-type-simple"},"acf":[],"_links":{"self":[{"href":"https:\/\/toprisesafety.com\/es\/wp-json\/wp\/v2\/product\/11510"}],"collection":[{"href":"https:\/\/toprisesafety.com\/es\/wp-json\/wp\/v2\/product"}],"about":[{"href":"https:\/\/toprisesafety.com\/es\/wp-json\/wp\/v2\/types\/product"}],"wp:featuredmedia":[{"embeddable":true,"href":"https:\/\/toprisesafety.com\/es\/wp-json\/wp\/v2\/media\/11515"}],"wp:attachment":[{"href":"https:\/\/toprisesafety.com\/es\/wp-json\/wp\/v2\/media?parent=11510"}],"wp:term":[{"taxonomy":"product_brand","embeddable":true,"href":"https:\/\/toprisesafety.com\/es\/wp-json\/wp\/v2\/product_brand?post=11510"},{"taxonomy":"product_cat","embeddable":true,"href":"https:\/\/toprisesafety.com\/es\/wp-json\/wp\/v2\/product_cat?post=11510"},{"taxonomy":"product_tag","embeddable":true,"href":"https:\/\/toprisesafety.com\/es\/wp-json\/wp\/v2\/product_tag?post=11510"}],"curies":[{"name":"wp","href":"https:\/\/api.w.org\/{rel}","templated":true}]}}