{"id":11382,"date":"2025-03-13T07:42:24","date_gmt":"2025-03-13T07:42:24","guid":{"rendered":"https:\/\/toprisesafety.com\/?post_type=product&#038;p=11382"},"modified":"2025-03-24T07:56:17","modified_gmt":"2025-03-24T07:56:17","slug":"workwear-cveralls","status":"publish","type":"product","link":"https:\/\/toprisesafety.com\/es\/producto\/workwear-cveralls\/","title":{"rendered":"Vestuario Laboral Cveralls"},"content":{"rendered":"<h2>Vestuario Laboral Cveralls<\/h2>\n<table style=\"height: 833px;\" width=\"1212\">\n<tbody>\n<tr>\n<td colspan=\"2\" width=\"748\"><strong><b>Serie de tejidos<\/b><\/strong><\/td>\n<\/tr>\n<tr>\n<td width=\"105\">Composici\u00f3n del tejido<\/td>\n<td width=\"643\">100%algod\u00f3n, 150g\/170g\/200g\/240g\/260g\/280g\/310g\/330g\/360g\/400g\/420g a elegir<\/td>\n<\/tr>\n<tr>\n<td width=\"105\"><\/td>\n<td width=\"643\">100%algod\u00f3n, 150g\/170g\/200g\/240g\/260g\/280g\/310g\/330g\/360g\/400g\/420g a elegir<\/td>\n<\/tr>\n<tr>\n<td width=\"105\"><\/td>\n<td width=\"643\">Tejido de poli\u00e9ster\/algod\u00f3n ( 80\/20 o 65\/35 o 90\/10),150g\/170g\/200g\/240g\/260g\/280g\/310g\/330g\/360g\/400g\/420g a elegir<\/td>\n<\/tr>\n<tr>\n<td width=\"105\"><\/td>\n<td width=\"643\">Aramid fiber,120g\/150g\/180g\/210g\/260g\/300g<\/td>\n<\/tr>\n<tr>\n<td width=\"105\">Diferentes colores para elegir<\/td>\n<td width=\"643\"><img decoding=\"async\" class=\"alignnone wp-image-11245\" src=\"https:\/\/toprisesafety.com\/wp-content\/uploads\/2025\/03\/COLORS-1-300x26.png\" alt=\"\" width=\"681\" height=\"59\" srcset=\"https:\/\/toprisesafety.com\/wp-content\/uploads\/2025\/03\/COLORS-1-300x26.png 300w, https:\/\/toprisesafety.com\/wp-content\/uploads\/2025\/03\/COLORS-1-768x66.png 768w, https:\/\/toprisesafety.com\/wp-content\/uploads\/2025\/03\/COLORS-1-600x52.png 600w, https:\/\/toprisesafety.com\/wp-content\/uploads\/2025\/03\/COLORS-1.png 931w\" sizes=\"(max-width: 681px) 100vw, 681px\" \/><\/td>\n<\/tr>\n<tr>\n<td colspan=\"2\" width=\"748\"><strong><b>Ropa de trabajo<\/b><\/strong><\/td>\n<\/tr>\n<tr>\n<td width=\"105\">Serie principal<\/td>\n<td width=\"643\">Ropa ign\u00edfuga, ropa antiest\u00e1tica, ropa de soldador, ropa ign\u00edfuga, ropa de emergencia, ropa protectora contra \u00e1cidos y \u00e1lcalis y ropa multifuncional. Apoyo a la personalizaci\u00f3n.<\/td>\n<\/tr>\n<tr>\n<td width=\"105\">Funciones principales<\/td>\n<td width=\"643\">Ign\u00edfugo, antiest\u00e1tico, antiaceite, anti\u00e1cido, anti\u00e1lcali, antimosquitos, antiUV<\/td>\n<\/tr>\n<tr>\n<td width=\"105\">\u00c1mbitos de aplicaci\u00f3n<\/td>\n<td width=\"643\">Prevenci\u00f3n de incendios forestales, petroqu\u00edmica, gas natural, reparaci\u00f3n de autom\u00f3viles, energ\u00eda el\u00e9ctrica, miner\u00eda, soldadura y otras industrias<\/td>\n<\/tr>\n<tr>\n<td width=\"105\">Mercado de exportaci\u00f3n<\/td>\n<td width=\"643\">Europa, Norteam\u00e9rica, \u00c1frica, Sud\u00e1frica, Sudam\u00e9rica<\/td>\n<\/tr>\n<\/tbody>\n<\/table>\n<p>TOPRISE admite varios estilos de personalizaci\u00f3n de la ropa de trabajo; haga clic para<a href=\"https:\/\/toprisesafety.com\/es\/categoria-producto\/personal-protective-equipment\/work-wear\/\"> ver m\u00e1s estilos de ropa de trabajo.<\/a><\/p>\n<p>NINGBO TOPRISE admite la personalizaci\u00f3n de distintos tejidos y estilos. Tambi\u00e9n admite la personalizaci\u00f3n de lotes peque\u00f1os para satisfacer las necesidades de diferentes clientes.\u00a0<a href=\"https:\/\/toprisesafety.com\/es\/contact-us\/\">No dude en ponerse en contacto con nosotros para personalizarlo<\/a>.<\/p>","protected":false},"excerpt":{"rendered":"<p>N\u00ba de art\u00edculo WC03<\/p>\n<p>Material: 100lgod\u00f3n, T\/C 80\/20, T\/C 65\/35, 100%Poli\u00e9ster, fibra de aramida<\/p>\n<p>Peso: 120-420G\/SQM o personalizado<\/p>\n<p>Color:diferentes colores a elegir.<\/p>\n<p>Talla: S-XXXL ( Admite personalizaci\u00f3n\uff09<\/p>\n<p>CANTIDAD : 500-1000 PIEZAS.<\/p>","protected":false},"featured_media":11385,"template":"","meta":{"_acf_changed":false},"product_brand":[],"product_cat":[330],"product_tag":[],"class_list":{"0":"post-11382","1":"product","2":"type-product","3":"status-publish","4":"has-post-thumbnail","6":"product_cat-work-wear","8":"first","9":"instock","10":"shipping-taxable","11":"product-type-simple"},"acf":[],"_links":{"self":[{"href":"https:\/\/toprisesafety.com\/es\/wp-json\/wp\/v2\/product\/11382"}],"collection":[{"href":"https:\/\/toprisesafety.com\/es\/wp-json\/wp\/v2\/product"}],"about":[{"href":"https:\/\/toprisesafety.com\/es\/wp-json\/wp\/v2\/types\/product"}],"wp:featuredmedia":[{"embeddable":true,"href":"https:\/\/toprisesafety.com\/es\/wp-json\/wp\/v2\/media\/11385"}],"wp:attachment":[{"href":"https:\/\/toprisesafety.com\/es\/wp-json\/wp\/v2\/media?parent=11382"}],"wp:term":[{"taxonomy":"product_brand","embeddable":true,"href":"https:\/\/toprisesafety.com\/es\/wp-json\/wp\/v2\/product_brand?post=11382"},{"taxonomy":"product_cat","embeddable":true,"href":"https:\/\/toprisesafety.com\/es\/wp-json\/wp\/v2\/product_cat?post=11382"},{"taxonomy":"product_tag","embeddable":true,"href":"https:\/\/toprisesafety.com\/es\/wp-json\/wp\/v2\/product_tag?post=11382"}],"curies":[{"name":"wp","href":"https:\/\/api.w.org\/{rel}","templated":true}]}}