{"id":11354,"date":"2025-03-13T07:00:41","date_gmt":"2025-03-13T07:00:41","guid":{"rendered":"https:\/\/toprisesafety.com\/?post_type=product&#038;p=11354"},"modified":"2025-03-17T04:24:31","modified_gmt":"2025-03-17T04:24:31","slug":"sanitary-pvc-white-boots","status":"publish","type":"product","link":"https:\/\/toprisesafety.com\/es\/producto\/sanitary-pvc-white-boots\/","title":{"rendered":"Botas sanitarias PVC Blanco"},"content":{"rendered":"<h2>Botas sanitarias PVC Blanco<\/h2>\n<ul>\n<li>Material de PVC de alta calidad: impermeable, resistente al desgaste, adecuado para entornos h\u00famedos y mojados, mantiene los pies secos.<\/li>\n<li>Seguridad alimentaria: Especialmente adecuado para el procesamiento de alimentos, altos requisitos de higiene del medio ambiente, para garantizar la seguridad e inofensivo.<\/li>\n<li>Comodidad: Dise\u00f1o ligero, c\u00f3modo de llevar, adecuado para largos per\u00edodos de pie y de trabajo.<\/li>\n<li>F\u00e1ciles de limpiar: Las superficies lisas son f\u00e1ciles de limpiar, mantienen la higiene y reducen la proliferaci\u00f3n de bacterias.<\/li>\n<li>Durabilidad: El material de PVC tiene una buena durabilidad y puede soportar un uso de alta resistencia.<\/li>\n<li>Dise\u00f1o antideslizante: Suela de textura antideslizante para garantizar la estabilidad en entornos resbaladizos.<\/li>\n<\/ul>\n<table>\n<tbody>\n<tr>\n<td width=\"284\">Art No.<\/td>\n<td width=\"284\">RB08<\/td>\n<\/tr>\n<tr>\n<td width=\"284\">Estilo<\/td>\n<td width=\"284\">Botas sanitarias PVC Blanco<\/td>\n<\/tr>\n<tr>\n<td width=\"284\">Material<\/td>\n<td width=\"284\">PVC + forro de tejido de secado f\u00e1cil<\/td>\n<\/tr>\n<tr>\n<td width=\"284\">Caracter\u00edsticas<\/td>\n<td width=\"284\">Puntera de acero 200J, suela intermedia de acero a elegir<\/td>\n<\/tr>\n<tr>\n<td width=\"284\">Color<\/td>\n<td width=\"284\">Blanco o a medida<\/td>\n<\/tr>\n<tr>\n<td width=\"284\">Talla<\/td>\n<td width=\"284\">36-46 para elegir<\/td>\n<\/tr>\n<tr>\n<td width=\"284\">MOQ<\/td>\n<td width=\"284\">500 pares<\/td>\n<\/tr>\n<tr>\n<td width=\"284\">Ventaja<\/td>\n<td width=\"284\">Apoyo a la personalizaci\u00f3n<\/td>\n<\/tr>\n<\/tbody>\n<\/table>\n<p>TOPRISE admite varios estilos de personalizaci\u00f3n de botas de pvc y botas de goma; haga clic para <a href=\"https:\/\/toprisesafety.com\/es\/categoria-producto\/personal-protective-equipment\/foot-protection\/pvc-boots\/\">ver m\u00e1s estilos de botas de pvc y botas de goma.<\/a><\/p>\n<p>Si no encuentra las botas de pvc y caucho que necesita <a href=\"https:\/\/toprisesafety.com\/es\/contact-us\/\">Contacto<\/a>; apoyamos la personalizaci\u00f3n especial.<\/p>","protected":false},"excerpt":{"rendered":"<p>N\u00ba Referencia: RB08<\/p>\n<p>Talla: EUR: 36-46<\/p>\n<p>Material: PVC+ forro de tela de secado f\u00e1cil<\/p>\n<p>Altura : 38 CM<\/p>\n<p>Color: Blanco o a medida<\/p>\n<p>MOQ: 500PRS<\/p>","protected":false},"featured_media":11355,"template":"","meta":{"_acf_changed":false},"product_brand":[],"product_cat":[344,342],"product_tag":[],"class_list":{"0":"post-11354","1":"product","2":"type-product","3":"status-publish","4":"has-post-thumbnail","6":"product_cat-pvc-boots","7":"product_cat-foot-protection","9":"first","10":"instock","11":"shipping-taxable","12":"product-type-simple"},"acf":[],"_links":{"self":[{"href":"https:\/\/toprisesafety.com\/es\/wp-json\/wp\/v2\/product\/11354"}],"collection":[{"href":"https:\/\/toprisesafety.com\/es\/wp-json\/wp\/v2\/product"}],"about":[{"href":"https:\/\/toprisesafety.com\/es\/wp-json\/wp\/v2\/types\/product"}],"wp:featuredmedia":[{"embeddable":true,"href":"https:\/\/toprisesafety.com\/es\/wp-json\/wp\/v2\/media\/11355"}],"wp:attachment":[{"href":"https:\/\/toprisesafety.com\/es\/wp-json\/wp\/v2\/media?parent=11354"}],"wp:term":[{"taxonomy":"product_brand","embeddable":true,"href":"https:\/\/toprisesafety.com\/es\/wp-json\/wp\/v2\/product_brand?post=11354"},{"taxonomy":"product_cat","embeddable":true,"href":"https:\/\/toprisesafety.com\/es\/wp-json\/wp\/v2\/product_cat?post=11354"},{"taxonomy":"product_tag","embeddable":true,"href":"https:\/\/toprisesafety.com\/es\/wp-json\/wp\/v2\/product_tag?post=11354"}],"curies":[{"name":"wp","href":"https:\/\/api.w.org\/{rel}","templated":true}]}}