{"id":11340,"date":"2025-03-13T06:32:06","date_gmt":"2025-03-13T06:32:06","guid":{"rendered":"https:\/\/toprisesafety.com\/?post_type=product&#038;p=11340"},"modified":"2025-03-17T04:34:50","modified_gmt":"2025-03-17T04:34:50","slug":"safety-toe-reflective-rubber-boots","status":"publish","type":"product","link":"https:\/\/toprisesafety.com\/es\/producto\/safety-toe-reflective-rubber-boots\/","title":{"rendered":"Botas de caucho reflectantes con puntera de seguridad"},"content":{"rendered":"<h2>Botas de caucho reflectantes con puntera de seguridad<\/h2>\n<ul>\n<li>Puntera de acero y entresuela de acero: protegen eficazmente el pie de fuertes presiones y objetos afilados.<\/li>\n<li>Dise\u00f1o de banda reflectante: Mejora la visibilidad y la seguridad por la noche o en entornos con poca luz.<\/li>\n<li>Dise\u00f1o de cintur\u00f3n el\u00e1stico: f\u00e1cil de poner y quitar, garantiza un ajuste c\u00f3modo y mejora la comodidad de uso.<\/li>\n<li>Material de caucho: impermeable, resistente al desgaste, resistente a \u00e1cidos y \u00e1lcalis, se adapta a diversos entornos complejos y proporciona protecci\u00f3n en cualquier condici\u00f3n meteorol\u00f3gica.<\/li>\n<li>Comodidad: Sigue siendo c\u00f3modo de llevar durante mucho tiempo, adecuado para lugares de trabajo como obras y almacenes.<\/li>\n<li>Lugar de uso: Adecuado para obras de construcci\u00f3n, almacenes, plantas qu\u00edmicas, agricultura, jardines y otros lugares que necesiten protecci\u00f3n y un entorno de trabajo c\u00f3modo.<\/li>\n<\/ul>\n<table>\n<tbody>\n<tr>\n<td width=\"284\">Art No.<\/td>\n<td width=\"284\">RB07<\/td>\n<\/tr>\n<tr>\n<td width=\"284\">Estilo<\/td>\n<td width=\"284\">Botas de goma resistentes<\/td>\n<\/tr>\n<tr>\n<td width=\"284\">Material<\/td>\n<td width=\"284\">Goma + forro de tela de secado f\u00e1cil<\/td>\n<\/tr>\n<tr>\n<td width=\"284\">Caracter\u00edsticas<\/td>\n<td width=\"284\">Puntera de acero 200J, suela intermedia de acero a elegir<\/td>\n<\/tr>\n<tr>\n<td width=\"284\">Color<\/td>\n<td width=\"284\">Negro o a medida<\/td>\n<\/tr>\n<tr>\n<td width=\"284\">Talla<\/td>\n<td width=\"284\">39-47 para elegir<\/td>\n<\/tr>\n<tr>\n<td width=\"284\">MOQ<\/td>\n<td width=\"284\">500 pares<\/td>\n<\/tr>\n<tr>\n<td width=\"284\">Ventaja<\/td>\n<td width=\"284\">Apoyo a la personalizaci\u00f3n<\/td>\n<\/tr>\n<\/tbody>\n<\/table>\n<p>TOPRISE admite varios estilos de personalizaci\u00f3n de botas de pvc y botas de goma; haga clic para <a href=\"https:\/\/toprisesafety.com\/es\/categoria-producto\/personal-protective-equipment\/foot-protection\/pvc-boots\/\">ver m\u00e1s estilos de botas de pvc y botas de goma.<\/a><\/p>\n<p>Si no encuentra las botas de pvc y caucho que necesita <a href=\"https:\/\/toprisesafety.com\/es\/contact-us\/\">Contacto<\/a>; apoyamos la personalizaci\u00f3n especial.<\/p>","protected":false},"excerpt":{"rendered":"<p>N\u00ba Referencia: RB07<\/p>\n<p>Talla: EUR: 39-47<\/p>\n<p>Material: caucho+ forro de tela de f\u00e1cil secado<\/p>\n<p>Altura : 36 CM<\/p>\n<p>Color: Negro o a medida<\/p>\n<p>Caracter\u00edsticas: A\u00f1adir cintas reflectantes<\/p>\n<p>MOQ: 500PRS<\/p>","protected":false},"featured_media":11342,"template":"","meta":{"_acf_changed":false},"product_brand":[],"product_cat":[342,344],"product_tag":[],"class_list":{"0":"post-11340","1":"product","2":"type-product","3":"status-publish","4":"has-post-thumbnail","6":"product_cat-foot-protection","7":"product_cat-pvc-boots","9":"first","10":"instock","11":"shipping-taxable","12":"product-type-simple"},"acf":[],"_links":{"self":[{"href":"https:\/\/toprisesafety.com\/es\/wp-json\/wp\/v2\/product\/11340"}],"collection":[{"href":"https:\/\/toprisesafety.com\/es\/wp-json\/wp\/v2\/product"}],"about":[{"href":"https:\/\/toprisesafety.com\/es\/wp-json\/wp\/v2\/types\/product"}],"wp:featuredmedia":[{"embeddable":true,"href":"https:\/\/toprisesafety.com\/es\/wp-json\/wp\/v2\/media\/11342"}],"wp:attachment":[{"href":"https:\/\/toprisesafety.com\/es\/wp-json\/wp\/v2\/media?parent=11340"}],"wp:term":[{"taxonomy":"product_brand","embeddable":true,"href":"https:\/\/toprisesafety.com\/es\/wp-json\/wp\/v2\/product_brand?post=11340"},{"taxonomy":"product_cat","embeddable":true,"href":"https:\/\/toprisesafety.com\/es\/wp-json\/wp\/v2\/product_cat?post=11340"},{"taxonomy":"product_tag","embeddable":true,"href":"https:\/\/toprisesafety.com\/es\/wp-json\/wp\/v2\/product_tag?post=11340"}],"curies":[{"name":"wp","href":"https:\/\/api.w.org\/{rel}","templated":true}]}}