{"id":11334,"date":"2025-03-13T06:27:11","date_gmt":"2025-03-13T06:27:11","guid":{"rendered":"https:\/\/toprisesafety.com\/?post_type=product&#038;p=11334"},"modified":"2025-03-17T04:35:35","modified_gmt":"2025-03-17T04:35:35","slug":"steel-toe-rubber-boots","status":"publish","type":"product","link":"https:\/\/toprisesafety.com\/es\/producto\/steel-toe-rubber-boots\/","title":{"rendered":"Botas de goma con puntera de acero"},"content":{"rendered":"<h2>Botas de goma con puntera de acero<\/h2>\n<ul>\n<li>Puntera de acero est\u00e1ndar y dise\u00f1o de la entresuela de acero: protecci\u00f3n eficaz del pie frente a fuertes presiones y objetos afilados.<\/li>\n<li>Dise\u00f1o antideslizante: Garantiza la estabilidad al caminar en un entorno resbaladizo y mejora la seguridad.<\/li>\n<li>Dise\u00f1o de cilindro alto: evita eficazmente la inmersi\u00f3n en la lluvia y se adapta al mal tiempo.<\/li>\n<li>Material de caucho: tiene un excelente rendimiento impermeable; mantiene los pies secos.<\/li>\n<li>Gran resistencia al desgaste: se adapta a diversos entornos complejos, larga vida \u00fatil.<\/li>\n<li>Flexibilidad: proporciona una buena flexibilidad y comodidad, reduciendo la sensaci\u00f3n de fatiga llevada durante mucho tiempo.<\/li>\n<li>Resistencia qu\u00edmica: Presenta cierta resistencia a la mayor\u00eda de las sustancias qu\u00edmicas y es adecuado para diversos entornos de trabajo.<\/li>\n<li>Polivalente: adecuada para diferentes escenarios, como obras, almacenes y operaciones en exteriores.<\/li>\n<li>Comodidad: Puede mantener la comodidad durante mucho tiempo y es adecuado para diversos entornos de trabajo.<\/li>\n<\/ul>\n<table>\n<tbody>\n<tr>\n<td width=\"284\">Art No.<\/td>\n<td width=\"284\">RB06<\/td>\n<\/tr>\n<tr>\n<td width=\"284\">Estilo<\/td>\n<td width=\"284\">Botas de goma resistentes<\/td>\n<\/tr>\n<tr>\n<td width=\"284\">Material<\/td>\n<td width=\"284\">Goma + forro de tela de secado f\u00e1cil<\/td>\n<\/tr>\n<tr>\n<td width=\"284\">Caracter\u00edsticas<\/td>\n<td width=\"284\">Puntera de acero 200J, suela intermedia de acero a elegir<\/td>\n<\/tr>\n<tr>\n<td width=\"284\">Color<\/td>\n<td width=\"284\">Amarillo\/negro o a medida<\/td>\n<\/tr>\n<tr>\n<td width=\"284\">Talla<\/td>\n<td width=\"284\">38-48 para elegir<\/td>\n<\/tr>\n<tr>\n<td width=\"284\">MOQ<\/td>\n<td width=\"284\">500 pares<\/td>\n<\/tr>\n<tr>\n<td width=\"284\">Ventaja<\/td>\n<td width=\"284\">Apoyo a la personalizaci\u00f3n<\/td>\n<\/tr>\n<\/tbody>\n<\/table>\n<p>TOPRISE admite varios estilos de personalizaci\u00f3n de botas de pvc y botas de goma; haga clic para <a href=\"https:\/\/toprisesafety.com\/es\/categoria-producto\/personal-protective-equipment\/foot-protection\/pvc-boots\/\">ver m\u00e1s estilos de botas de pvc y botas de goma.<\/a><\/p>\n<p>Si no encuentra las botas de pvc y caucho que necesita <a href=\"https:\/\/toprisesafety.com\/es\/contact-us\/\">Contacto<\/a>; apoyamos la personalizaci\u00f3n especial.<\/p>","protected":false},"excerpt":{"rendered":"<p>N\u00ba Referencia: RB06<\/p>\n<p>Talla: EUR: 38-48<\/p>\n<p>Material: caucho+ forro de tela de f\u00e1cil secado<\/p>\n<p>Altura : 36 CM<\/p>\n<p>Color: amarillo\/negro o a medida<\/p>\n<p>MOQ: 500PRS<\/p>","protected":false},"featured_media":11336,"template":"","meta":{"_acf_changed":false},"product_brand":[],"product_cat":[344,342],"product_tag":[],"class_list":{"0":"post-11334","1":"product","2":"type-product","3":"status-publish","4":"has-post-thumbnail","6":"product_cat-pvc-boots","7":"product_cat-foot-protection","9":"first","10":"instock","11":"shipping-taxable","12":"product-type-simple"},"acf":[],"_links":{"self":[{"href":"https:\/\/toprisesafety.com\/es\/wp-json\/wp\/v2\/product\/11334"}],"collection":[{"href":"https:\/\/toprisesafety.com\/es\/wp-json\/wp\/v2\/product"}],"about":[{"href":"https:\/\/toprisesafety.com\/es\/wp-json\/wp\/v2\/types\/product"}],"wp:featuredmedia":[{"embeddable":true,"href":"https:\/\/toprisesafety.com\/es\/wp-json\/wp\/v2\/media\/11336"}],"wp:attachment":[{"href":"https:\/\/toprisesafety.com\/es\/wp-json\/wp\/v2\/media?parent=11334"}],"wp:term":[{"taxonomy":"product_brand","embeddable":true,"href":"https:\/\/toprisesafety.com\/es\/wp-json\/wp\/v2\/product_brand?post=11334"},{"taxonomy":"product_cat","embeddable":true,"href":"https:\/\/toprisesafety.com\/es\/wp-json\/wp\/v2\/product_cat?post=11334"},{"taxonomy":"product_tag","embeddable":true,"href":"https:\/\/toprisesafety.com\/es\/wp-json\/wp\/v2\/product_tag?post=11334"}],"curies":[{"name":"wp","href":"https:\/\/api.w.org\/{rel}","templated":true}]}}