{"id":11224,"date":"2025-03-11T06:40:38","date_gmt":"2025-03-11T06:40:38","guid":{"rendered":"https:\/\/toprisesafety.com\/?post_type=product&#038;p=11224"},"modified":"2025-03-11T07:01:05","modified_gmt":"2025-03-11T07:01:05","slug":"mens-military-tactical-work-boots","status":"publish","type":"product","link":"https:\/\/toprisesafety.com\/es\/producto\/mens-military-tactical-work-boots\/","title":{"rendered":"Botas de trabajo t\u00e1cticas militares para hombre"},"content":{"rendered":"<h2>Botas de trabajo t\u00e1cticas militares para hombre<\/h2>\n<p>Caracter\u00edsticas:<\/p>\n<ul>\n<li>Piel de ante de alta calidad: duradera y transpirable, adecuada para diversos entornos dif\u00edciles.<\/li>\n<li>Suela moldeada por inyecci\u00f3n de PU: ligera y resistente al desgaste, proporciona un excelente rendimiento antideslizante.<\/li>\n<li>C\u00f3modo dise\u00f1o de absorci\u00f3n de impactos: reduce la presi\u00f3n del pie, adecuado para un uso prolongado.<\/li>\n<li>Patr\u00f3n de camuflaje de moda: aspecto moderno, pr\u00e1ctico y elegante.<\/li>\n<li>Soporte de personalizaci\u00f3n: Satisfacer las necesidades individuales, personalizar la apariencia y la funci\u00f3n.<\/li>\n<li>Aplicaci\u00f3n multifuncional: adecuado para la polic\u00eda militar, actividades al aire libre y otras ocasiones.<\/li>\n<\/ul>\n<table>\n<tbody>\n<tr>\n<td width=\"279\">Art No.<\/td>\n<td width=\"280\">SB15<\/td>\n<\/tr>\n<tr>\n<td width=\"279\">Material<\/td>\n<td width=\"280\">Piel de ante + suela de inyecci\u00f3n PU<\/td>\n<\/tr>\n<tr>\n<td width=\"279\">Taller<\/td>\n<td width=\"280\">Suela de inyecci\u00f3n de PU<\/td>\n<\/tr>\n<tr>\n<td width=\"279\">Talla<\/td>\n<td width=\"280\">36-46<\/td>\n<\/tr>\n<tr>\n<td width=\"279\">Logotipo<\/td>\n<td width=\"280\">Logotipo del cliente disponible<\/td>\n<\/tr>\n<tr>\n<td width=\"279\">Personalizaci\u00f3n<\/td>\n<td width=\"280\">Puntera de acero, entresuela de acero o entresuela de kevlar, etc. a elegir.<\/td>\n<\/tr>\n<tr>\n<td width=\"279\">Embalaje<\/td>\n<td width=\"280\">1PR\/Caja de color, 10PRS\/CTN<\/td>\n<\/tr>\n<\/tbody>\n<\/table>\n<p>TOPRISE admite varios estilos de personalizaci\u00f3n del calzado de seguridad; haga clic para ver <a href=\"https:\/\/toprisesafety.com\/es\/categoria-producto\/personal-protective-equipment\/foot-protection\/safety-shoes\/\">m\u00e1s estilos de calzado de seguridad<\/a>.<\/p>\n<p>Si no encuentra el calzado de seguridad que necesita, p\u00f3ngase en contacto con nosotros; ofrecemos personalizaci\u00f3n especial.<\/p>","protected":false},"excerpt":{"rendered":"<p>N\u00ba Referencia: SB18<\/p>\n<p>Talla: 36-46<\/p>\n<p>Material: Piel de ante+ suela de inyecci\u00f3n PU<\/p>\n<p>Elaboraci\u00f3n: Suela de inyecci\u00f3n de PU<\/p>\n<p>MOQ:1000PRS<\/p>\n<p>Podemos admitir distintos est\u00e1ndares de botas de seguridad.<\/p>","protected":false},"featured_media":11225,"template":"","meta":{"_acf_changed":false},"product_brand":[],"product_cat":[343,342],"product_tag":[],"class_list":{"0":"post-11224","1":"product","2":"type-product","3":"status-publish","4":"has-post-thumbnail","6":"product_cat-safety-shoes","7":"product_cat-foot-protection","9":"first","10":"instock","11":"shipping-taxable","12":"product-type-simple"},"acf":[],"_links":{"self":[{"href":"https:\/\/toprisesafety.com\/es\/wp-json\/wp\/v2\/product\/11224"}],"collection":[{"href":"https:\/\/toprisesafety.com\/es\/wp-json\/wp\/v2\/product"}],"about":[{"href":"https:\/\/toprisesafety.com\/es\/wp-json\/wp\/v2\/types\/product"}],"wp:featuredmedia":[{"embeddable":true,"href":"https:\/\/toprisesafety.com\/es\/wp-json\/wp\/v2\/media\/11225"}],"wp:attachment":[{"href":"https:\/\/toprisesafety.com\/es\/wp-json\/wp\/v2\/media?parent=11224"}],"wp:term":[{"taxonomy":"product_brand","embeddable":true,"href":"https:\/\/toprisesafety.com\/es\/wp-json\/wp\/v2\/product_brand?post=11224"},{"taxonomy":"product_cat","embeddable":true,"href":"https:\/\/toprisesafety.com\/es\/wp-json\/wp\/v2\/product_cat?post=11224"},{"taxonomy":"product_tag","embeddable":true,"href":"https:\/\/toprisesafety.com\/es\/wp-json\/wp\/v2\/product_tag?post=11224"}],"curies":[{"name":"wp","href":"https:\/\/api.w.org\/{rel}","templated":true}]}}