{"id":11220,"date":"2025-03-11T06:36:05","date_gmt":"2025-03-11T06:36:05","guid":{"rendered":"https:\/\/toprisesafety.com\/?post_type=product&#038;p=11220"},"modified":"2025-03-11T07:30:16","modified_gmt":"2025-03-11T07:30:16","slug":"chelsea-work-boots","status":"publish","type":"product","link":"https:\/\/toprisesafety.com\/es\/producto\/chelsea-work-boots\/","title":{"rendered":"Botas de trabajo Chelsea"},"content":{"rendered":"<h2>Botas de trabajo Chelsea<\/h2>\n<p>Las ventajas de estos zapatos laborales Chelsea:<\/p>\n<ul>\n<li>Suelas de inyecci\u00f3n de TPU: Utilizando la tecnolog\u00eda de moldeo por inyecci\u00f3n de TPU, ligero y duradero, con excelente resistencia al desgaste y antideslizante rendimiento.<\/li>\n<li>Cabezal y fondo de acero est\u00e1ndar: Equipado con una cabeza de acero y fondo de acero, en l\u00ednea con las normas de seguridad, proteger eficazmente el pie de objetos pesados y objetos afilados.<\/li>\n<li>Material de cuero liso: El uso de cuero liso, textura de alto grado, duradero y f\u00e1cil de limpiar, para proporcionar una experiencia de uso c\u00f3moda.<\/li>\n<li>Dise\u00f1o f\u00e1cil de llevar y quitar: dise\u00f1o lateral el\u00e1stico, f\u00e1cil de llevar y quitar, mejora la eficacia del trabajo.<\/li>\n<\/ul>\n<table>\n<tbody>\n<tr>\n<td width=\"279\">Art No.<\/td>\n<td width=\"280\">SB17<\/td>\n<\/tr>\n<tr>\n<td width=\"279\">Material<\/td>\n<td width=\"280\">Piel aut\u00e9ntica + suela de inyecci\u00f3n TPU<\/td>\n<\/tr>\n<tr>\n<td width=\"279\">Taller<\/td>\n<td width=\"280\">Suela de inyecci\u00f3n de TPU<\/td>\n<\/tr>\n<tr>\n<td width=\"279\">Talla<\/td>\n<td width=\"280\">39-46<\/td>\n<\/tr>\n<tr>\n<td width=\"279\">Logotipo<\/td>\n<td width=\"280\">Logotipo del cliente disponible<\/td>\n<\/tr>\n<tr>\n<td width=\"279\">Personalizaci\u00f3n<\/td>\n<td width=\"280\">Puntera de acero, entresuela de acero o entresuela de kevlar, etc. a elegir.<\/td>\n<\/tr>\n<tr>\n<td width=\"279\">Embalaje<\/td>\n<td width=\"280\">1PR\/Caja de color, 10PRS\/CTN<\/td>\n<\/tr>\n<\/tbody>\n<\/table>\n<p>TOPRISE admite varios estilos de personalizaci\u00f3n del calzado de seguridad; haga clic para ver <a href=\"https:\/\/toprisesafety.com\/es\/categoria-producto\/personal-protective-equipment\/foot-protection\/safety-shoes\/\">m\u00e1s estilos de calzado de seguridad<\/a>.<\/p>\n<p>Si no encuentra el calzado de seguridad que necesita, p\u00f3ngase en contacto con nosotros; ofrecemos personalizaci\u00f3n especial.<\/p>","protected":false},"excerpt":{"rendered":"<p>N\u00ba Referencia: SB17<\/p>\n<p>Talla: 39-46<\/p>\n<p>Material: Piel aut\u00e9ntica+ suela de inyecci\u00f3n TPU<\/p>\n<p>Elaboraci\u00f3n: Suela de inyecci\u00f3n de TPU<\/p>\n<p>MOQ:1000PRS<\/p>\n<p>Podemos admitir distintos est\u00e1ndares de botas de seguridad.<\/p>","protected":false},"featured_media":11222,"template":"","meta":{"_acf_changed":false},"product_brand":[],"product_cat":[343,342],"product_tag":[],"class_list":{"0":"post-11220","1":"product","2":"type-product","3":"status-publish","4":"has-post-thumbnail","6":"product_cat-safety-shoes","7":"product_cat-foot-protection","9":"first","10":"instock","11":"shipping-taxable","12":"product-type-simple"},"acf":[],"_links":{"self":[{"href":"https:\/\/toprisesafety.com\/es\/wp-json\/wp\/v2\/product\/11220","targetHints":{"allow":["GET"]}}],"collection":[{"href":"https:\/\/toprisesafety.com\/es\/wp-json\/wp\/v2\/product"}],"about":[{"href":"https:\/\/toprisesafety.com\/es\/wp-json\/wp\/v2\/types\/product"}],"wp:featuredmedia":[{"embeddable":true,"href":"https:\/\/toprisesafety.com\/es\/wp-json\/wp\/v2\/media\/11222"}],"wp:attachment":[{"href":"https:\/\/toprisesafety.com\/es\/wp-json\/wp\/v2\/media?parent=11220"}],"wp:term":[{"taxonomy":"product_brand","embeddable":true,"href":"https:\/\/toprisesafety.com\/es\/wp-json\/wp\/v2\/product_brand?post=11220"},{"taxonomy":"product_cat","embeddable":true,"href":"https:\/\/toprisesafety.com\/es\/wp-json\/wp\/v2\/product_cat?post=11220"},{"taxonomy":"product_tag","embeddable":true,"href":"https:\/\/toprisesafety.com\/es\/wp-json\/wp\/v2\/product_tag?post=11220"}],"curies":[{"name":"wp","href":"https:\/\/api.w.org\/{rel}","templated":true}]}}