{"id":11135,"date":"2025-03-04T04:27:32","date_gmt":"2025-03-04T04:27:32","guid":{"rendered":"https:\/\/toprisesafety.com\/?post_type=product&#038;p=11135"},"modified":"2025-03-11T07:58:21","modified_gmt":"2025-03-11T07:58:21","slug":"work-safety-shoes","status":"publish","type":"product","link":"https:\/\/toprisesafety.com\/es\/producto\/work-safety-shoes\/","title":{"rendered":"Calzado de seguridad laboral"},"content":{"rendered":"<h2>Calzado de seguridad laboral<\/h2>\n<ul>\n<li><b><\/b><strong><b>Gran durabilidad<\/b><\/strong>: la primera capa de piel de microfibra, resistente al desgaste y al desgarro, se adapta al entorno de trabajo de alta resistencia, reduce los costes de sustituci\u00f3n frecuente.<\/li>\n<li><b><\/b><strong><b>C\u00f3modo y transpirable<\/b><\/strong>Material suave y transpirable, para llevarlos durante mucho tiempo sin que se agarroten los pies y mejorar la eficacia del trabajo.<\/li>\n<li><b><\/b><strong><b>Antideslizante y resistente al desgaste<\/b><\/strong>Suela de caucho de gran agarre, se adapta a terrenos resbaladizos y accidentados, reduce el riesgo de resbalones.<\/li>\n<li><b><\/b><strong><b>Proceso s\u00f3lido<\/b><\/strong>Proceso de pegado en fr\u00edo para garantizar que la suela no se caiga f\u00e1cilmente, proceso Goodyear opcional, mayor vida \u00fatil.<\/li>\n<li><b><\/b><strong><b>Apoyo a la personalizaci\u00f3n<\/b><\/strong>Puede ajustar el estilo, el logotipo y el material en funci\u00f3n de la demanda, para satisfacer las necesidades de aprovisionamiento personalizado de las empresas.<\/li>\n<\/ul>\n<table>\n<tbody>\n<tr>\n<td width=\"279\">Art No.<\/td>\n<td width=\"280\">SB07<\/td>\n<\/tr>\n<tr>\n<td width=\"279\">Material<\/td>\n<td width=\"280\">Cuero de microfibra de capa de vaca + suela de goma<\/td>\n<\/tr>\n<tr>\n<td width=\"279\">Taller<\/td>\n<td width=\"280\">Pegado o goodyear welt a elegir.<\/td>\n<\/tr>\n<tr>\n<td width=\"279\">Talla<\/td>\n<td width=\"280\">38-46<\/td>\n<\/tr>\n<tr>\n<td width=\"279\">Altura<\/td>\n<td width=\"280\">Altura total 18 cm, altura del cuerpo 14,5 cm<\/td>\n<\/tr>\n<tr>\n<td width=\"279\">Nivel de calidad<\/td>\n<td width=\"280\">SB, SBP,S1,S2,S3<\/td>\n<\/tr>\n<tr>\n<td width=\"279\">Norma de calidad<\/td>\n<td width=\"280\">CE EN 20345<\/td>\n<\/tr>\n<tr>\n<td width=\"279\">Logotipo<\/td>\n<td width=\"280\">Logotipo del cliente disponible<\/td>\n<\/tr>\n<tr>\n<td width=\"279\">Personalizaci\u00f3n<\/td>\n<td width=\"280\">Puntera de acero, entresuela de acero o entresuela de kevlar, etc. a elegir.<\/td>\n<\/tr>\n<tr>\n<td width=\"279\">Embalaje<\/td>\n<td width=\"280\">1PR\/Caja de color, 10PRS\/CTN<\/td>\n<\/tr>\n<\/tbody>\n<\/table>\n<p>TOPRISE admite varios estilos de personalizaci\u00f3n del calzado de seguridad; haga clic para ver <a href=\"https:\/\/toprisesafety.com\/es\/categoria-producto\/personal-protective-equipment\/foot-protection\/safety-shoes\/\">m\u00e1s estilos de calzado de seguridad<\/a>.<\/p>\n<p>Si no encuentra el calzado de seguridad que necesita, p\u00f3ngase en contacto con nosotros; ofrecemos personalizaci\u00f3n especial.<\/p>\n<figure id=\"attachment_11138\" aria-describedby=\"caption-attachment-11138\" style=\"width: 283px\" class=\"wp-caption alignnone\"><img fetchpriority=\"high\" decoding=\"async\" class=\"size-medium wp-image-11138\" src=\"https:\/\/toprisesafety.com\/wp-content\/uploads\/2025\/03\/safety-work-shoes-3-283x300.png\" alt=\"safety work shoes\" width=\"283\" height=\"300\" srcset=\"https:\/\/toprisesafety.com\/wp-content\/uploads\/2025\/03\/safety-work-shoes-3-283x300.png 283w, https:\/\/toprisesafety.com\/wp-content\/uploads\/2025\/03\/safety-work-shoes-3-966x1024.png 966w, https:\/\/toprisesafety.com\/wp-content\/uploads\/2025\/03\/safety-work-shoes-3-768x814.png 768w, https:\/\/toprisesafety.com\/wp-content\/uploads\/2025\/03\/safety-work-shoes-3-1449x1536.png 1449w, https:\/\/toprisesafety.com\/wp-content\/uploads\/2025\/03\/safety-work-shoes-3-1933x2048.png 1933w, https:\/\/toprisesafety.com\/wp-content\/uploads\/2025\/03\/safety-work-shoes-3-600x636.png 600w\" sizes=\"(max-width: 283px) 100vw, 283px\" \/><figcaption id=\"caption-attachment-11138\" class=\"wp-caption-text\">calzado de seguridad<\/figcaption><\/figure>\n<figure id=\"attachment_11139\" aria-describedby=\"caption-attachment-11139\" style=\"width: 283px\" class=\"wp-caption alignnone\"><img decoding=\"async\" class=\"size-medium wp-image-11139\" src=\"https:\/\/toprisesafety.com\/wp-content\/uploads\/2025\/03\/safety-work-shoes-4-283x300.png\" alt=\"safety work shoes \" width=\"283\" height=\"300\" srcset=\"https:\/\/toprisesafety.com\/wp-content\/uploads\/2025\/03\/safety-work-shoes-4-283x300.png 283w, https:\/\/toprisesafety.com\/wp-content\/uploads\/2025\/03\/safety-work-shoes-4-967x1024.png 967w, https:\/\/toprisesafety.com\/wp-content\/uploads\/2025\/03\/safety-work-shoes-4-768x813.png 768w, https:\/\/toprisesafety.com\/wp-content\/uploads\/2025\/03\/safety-work-shoes-4-1451x1536.png 1451w, https:\/\/toprisesafety.com\/wp-content\/uploads\/2025\/03\/safety-work-shoes-4-1935x2048.png 1935w, https:\/\/toprisesafety.com\/wp-content\/uploads\/2025\/03\/safety-work-shoes-4-600x635.png 600w\" sizes=\"(max-width: 283px) 100vw, 283px\" \/><figcaption id=\"caption-attachment-11139\" class=\"wp-caption-text\">calzado de seguridad<\/figcaption><\/figure>\n<p><img decoding=\"async\" class=\"alignnone size-medium wp-image-11137\" src=\"https:\/\/toprisesafety.com\/wp-content\/uploads\/2025\/03\/safety-work-shoes-1-297x300.png\" alt=\"\" width=\"297\" height=\"300\" srcset=\"https:\/\/toprisesafety.com\/wp-content\/uploads\/2025\/03\/safety-work-shoes-1-297x300.png 297w, https:\/\/toprisesafety.com\/wp-content\/uploads\/2025\/03\/safety-work-shoes-1-1012x1024.png 1012w, https:\/\/toprisesafety.com\/wp-content\/uploads\/2025\/03\/safety-work-shoes-1-768x777.png 768w, https:\/\/toprisesafety.com\/wp-content\/uploads\/2025\/03\/safety-work-shoes-1-1518x1536.png 1518w, https:\/\/toprisesafety.com\/wp-content\/uploads\/2025\/03\/safety-work-shoes-1-2025x2048.png 2025w, https:\/\/toprisesafety.com\/wp-content\/uploads\/2025\/03\/safety-work-shoes-1-600x607.png 600w, https:\/\/toprisesafety.com\/wp-content\/uploads\/2025\/03\/safety-work-shoes-1-100x100.png 100w\" sizes=\"(max-width: 297px) 100vw, 297px\" \/><\/p>","protected":false},"excerpt":{"rendered":"<p>Calzado de seguridad laboral<\/p>\n<p>N\u00ba Referencia: SB07<\/p>\n<p>Talla: 38-46<\/p>\n<p>Material: Cuero de microfibra de capa de vaca + suela de goma<\/p>\n<p>Acabado: pegado o goodyear welft a elegir.<\/p>\n<p>MOQ:500PRS<\/p>\n<p>Podemos admitir distintas normas de calzado de seguridad<\/p>","protected":false},"featured_media":11136,"template":"","meta":{"_acf_changed":false},"product_brand":[],"product_cat":[342,343],"product_tag":[],"class_list":{"0":"post-11135","1":"product","2":"type-product","3":"status-publish","4":"has-post-thumbnail","6":"product_cat-foot-protection","7":"product_cat-safety-shoes","9":"first","10":"instock","11":"shipping-taxable","12":"product-type-simple"},"acf":[],"_links":{"self":[{"href":"https:\/\/toprisesafety.com\/es\/wp-json\/wp\/v2\/product\/11135"}],"collection":[{"href":"https:\/\/toprisesafety.com\/es\/wp-json\/wp\/v2\/product"}],"about":[{"href":"https:\/\/toprisesafety.com\/es\/wp-json\/wp\/v2\/types\/product"}],"wp:featuredmedia":[{"embeddable":true,"href":"https:\/\/toprisesafety.com\/es\/wp-json\/wp\/v2\/media\/11136"}],"wp:attachment":[{"href":"https:\/\/toprisesafety.com\/es\/wp-json\/wp\/v2\/media?parent=11135"}],"wp:term":[{"taxonomy":"product_brand","embeddable":true,"href":"https:\/\/toprisesafety.com\/es\/wp-json\/wp\/v2\/product_brand?post=11135"},{"taxonomy":"product_cat","embeddable":true,"href":"https:\/\/toprisesafety.com\/es\/wp-json\/wp\/v2\/product_cat?post=11135"},{"taxonomy":"product_tag","embeddable":true,"href":"https:\/\/toprisesafety.com\/es\/wp-json\/wp\/v2\/product_tag?post=11135"}],"curies":[{"name":"wp","href":"https:\/\/api.w.org\/{rel}","templated":true}]}}