{"id":11133,"date":"2025-03-03T05:31:44","date_gmt":"2025-03-03T05:31:44","guid":{"rendered":"https:\/\/toprisesafety.com\/?post_type=product&#038;p=11133"},"modified":"2025-03-11T07:59:13","modified_gmt":"2025-03-11T07:59:13","slug":"high-cut-safety-shoes","status":"publish","type":"product","link":"https:\/\/toprisesafety.com\/es\/producto\/high-cut-safety-shoes\/","title":{"rendered":"Zapatos de seguridad de corte alto"},"content":{"rendered":"<h2>Zapatos de seguridad de corte alto<\/h2>\n<p>&nbsp;<\/p>\n<p>&nbsp;<\/p>\n<p><img fetchpriority=\"high\" decoding=\"async\" class=\"alignnone size-medium wp-image-11132\" src=\"https:\/\/toprisesafety.com\/wp-content\/uploads\/2025\/03\/Safety-shoes-for-men-5-300x300.jpg\" alt=\"\" width=\"300\" height=\"300\" srcset=\"https:\/\/toprisesafety.com\/wp-content\/uploads\/2025\/03\/Safety-shoes-for-men-5-300x300.jpg 300w, https:\/\/toprisesafety.com\/wp-content\/uploads\/2025\/03\/Safety-shoes-for-men-5-1024x1024.jpg 1024w, https:\/\/toprisesafety.com\/wp-content\/uploads\/2025\/03\/Safety-shoes-for-men-5-150x150.jpg 150w, https:\/\/toprisesafety.com\/wp-content\/uploads\/2025\/03\/Safety-shoes-for-men-5-768x768.jpg 768w, https:\/\/toprisesafety.com\/wp-content\/uploads\/2025\/03\/Safety-shoes-for-men-5-1536x1536.jpg 1536w, https:\/\/toprisesafety.com\/wp-content\/uploads\/2025\/03\/Safety-shoes-for-men-5-2048x2048.jpg 2048w, https:\/\/toprisesafety.com\/wp-content\/uploads\/2025\/03\/Safety-shoes-for-men-5-600x600.jpg 600w, https:\/\/toprisesafety.com\/wp-content\/uploads\/2025\/03\/Safety-shoes-for-men-5-100x100.jpg 100w\" sizes=\"(max-width: 300px) 100vw, 300px\" \/><\/p>\n<table>\n<tbody>\n<tr>\n<td width=\"279\">Art No.<\/td>\n<td width=\"280\">SB06H<\/td>\n<\/tr>\n<tr>\n<td width=\"279\">Material<\/td>\n<td width=\"280\">Genuiene cuero, suela de goma, forro de campela.<\/td>\n<\/tr>\n<tr>\n<td width=\"279\">Taller<\/td>\n<td width=\"280\">Pegado.<\/td>\n<\/tr>\n<tr>\n<td width=\"279\">Talla<\/td>\n<td width=\"280\">36-47<\/td>\n<\/tr>\n<tr>\n<td width=\"279\">Altura<\/td>\n<td width=\"280\">30 CM.<\/td>\n<\/tr>\n<tr>\n<td width=\"279\">Nivel de calidad<\/td>\n<td width=\"280\">SB, SBP,S1,S2,S3<\/td>\n<\/tr>\n<tr>\n<td width=\"279\">Norma de calidad<\/td>\n<td width=\"280\">CE EN 20345<\/td>\n<\/tr>\n<tr>\n<td width=\"279\">Logotipo<\/td>\n<td width=\"280\">Logotipo del cliente disponible<\/td>\n<\/tr>\n<tr>\n<td width=\"279\">Embalaje<\/td>\n<td width=\"280\">1PR\/Caja de color, 10PRS\/CTN<\/td>\n<\/tr>\n<\/tbody>\n<\/table>\n<p><strong>Diferentes normas para su elecci\u00f3n:\u00a0<\/strong><\/p>\n<table>\n<tbody>\n<tr>\n<td width=\"121\"><strong><b>Normas<\/b><\/strong><\/td>\n<td width=\"239\"><strong><b>Interior<\/b><\/strong><\/td>\n<td width=\"366\"><strong><b>Funci\u00f3n<\/b><\/strong><\/td>\n<\/tr>\n<tr>\n<td width=\"121\">SB<\/td>\n<td width=\"239\">Puntera de acero<\/td>\n<td width=\"366\">Resistente a los golpes, al aceite y a los \u00e1cidos<\/td>\n<\/tr>\n<tr>\n<td width=\"121\">SBP<\/td>\n<td width=\"239\">Puntera y placa de acero<\/td>\n<td width=\"366\">Antigolpes, Antiperforaci\u00f3n, Resistente a los golpes, Resistente al aceite y al \u00e1cido<\/td>\n<\/tr>\n<tr>\n<td width=\"121\">S1<\/td>\n<td width=\"239\">Puntera de acero<\/td>\n<td width=\"366\">Antigolpes, antiest\u00e1tico, resistente a los golpes, resistente al aceite y a los \u00e1cidos<\/td>\n<\/tr>\n<tr>\n<td width=\"121\">S1P<\/td>\n<td width=\"239\">Puntera y placa de acero<\/td>\n<td width=\"366\">Antigolpes, Antiperforaci\u00f3n, Antiest\u00e1tico, Resistente a los golpes, Resistente al aceite y al \u00e1cido<\/td>\n<\/tr>\n<tr>\n<td width=\"121\">S2<\/td>\n<td width=\"239\">Puntera de acero<\/td>\n<td width=\"366\">Resistente al agua, a los golpes, a los aceites y a los \u00e1cidos<\/td>\n<\/tr>\n<tr>\n<td width=\"121\">S3<\/td>\n<td width=\"239\">Puntera y placa de acero<\/td>\n<td width=\"366\">Impermeable, antigolpes, antiperforaci\u00f3n, antiest\u00e1tico, resistente a los golpes, al aceite y a los \u00e1cidos<\/td>\n<\/tr>\n<\/tbody>\n<\/table>\n<p>TOPRISE admite varios estilos de personalizaci\u00f3n del calzado de seguridad; haga clic para ver <a href=\"https:\/\/toprisesafety.com\/es\/categoria-producto\/personal-protective-equipment\/foot-protection\/safety-shoes\/\">m\u00e1s estilos de calzado de seguridad<\/a>.<\/p>\n<p>Si no encuentra el calzado de seguridad que necesita, p\u00f3ngase en contacto con nosotros; ofrecemos personalizaci\u00f3n especial.<\/p>\n<p>&nbsp;<\/p>","protected":false},"excerpt":{"rendered":"<p>N\u00ba Referencia: SB06H<\/p>\n<p>Talla: 36-47<\/p>\n<p>Material: Cuero Genuiene + suela de goma+ forro de tela<\/p>\n<p>Elaboraci\u00f3n: pegado con caucho<\/p>\n<p>MOQ:1000PRS<\/p>\n<p>Podemos admitir diferentes est\u00e1ndares de calzado de seguridad de corte alto.<\/p>","protected":false},"featured_media":11128,"template":"","meta":{"_acf_changed":false},"product_brand":[],"product_cat":[343,342],"product_tag":[],"class_list":{"0":"post-11133","1":"product","2":"type-product","3":"status-publish","4":"has-post-thumbnail","6":"product_cat-safety-shoes","7":"product_cat-foot-protection","9":"first","10":"instock","11":"shipping-taxable","12":"product-type-simple"},"acf":[],"_links":{"self":[{"href":"https:\/\/toprisesafety.com\/es\/wp-json\/wp\/v2\/product\/11133"}],"collection":[{"href":"https:\/\/toprisesafety.com\/es\/wp-json\/wp\/v2\/product"}],"about":[{"href":"https:\/\/toprisesafety.com\/es\/wp-json\/wp\/v2\/types\/product"}],"wp:featuredmedia":[{"embeddable":true,"href":"https:\/\/toprisesafety.com\/es\/wp-json\/wp\/v2\/media\/11128"}],"wp:attachment":[{"href":"https:\/\/toprisesafety.com\/es\/wp-json\/wp\/v2\/media?parent=11133"}],"wp:term":[{"taxonomy":"product_brand","embeddable":true,"href":"https:\/\/toprisesafety.com\/es\/wp-json\/wp\/v2\/product_brand?post=11133"},{"taxonomy":"product_cat","embeddable":true,"href":"https:\/\/toprisesafety.com\/es\/wp-json\/wp\/v2\/product_cat?post=11133"},{"taxonomy":"product_tag","embeddable":true,"href":"https:\/\/toprisesafety.com\/es\/wp-json\/wp\/v2\/product_tag?post=11133"}],"curies":[{"name":"wp","href":"https:\/\/api.w.org\/{rel}","templated":true}]}}