{"id":11034,"date":"2025-02-25T08:26:27","date_gmt":"2025-02-25T08:26:27","guid":{"rendered":"https:\/\/toprisesafety.com\/?post_type=product&#038;p=11034"},"modified":"2025-03-24T07:13:59","modified_gmt":"2025-03-24T07:13:59","slug":"shooting-earmuffs","status":"publish","type":"product","link":"https:\/\/toprisesafety.com\/es\/producto\/shooting-earmuffs\/","title":{"rendered":"Orejeras de tiro"},"content":{"rendered":"<h2>Orejeras de tiro<\/h2>\n<ul>\n<li data-pm-slice=\"1 1 []\">Reducci\u00f3n eficaz del ruido para no da\u00f1ar el o\u00eddo al disparar.<\/li>\n<li>Proteja sus o\u00eddos del impacto de los disparos y reduzca las interferencias ac\u00fasticas.<\/li>\n<li>Se ajusta firmemente a la oreja para mejorar el aislamiento ac\u00fastico.<\/li>\n<li>Diadema ajustable, c\u00f3moda de llevar, adecuada para diferentes tipos de cabeza.<\/li>\n<li>Dise\u00f1o ligero, adecuado para un uso prolongado.<\/li>\n<li>Material resistente, duradero, apto para diversos entornos de tiro<\/li>\n<\/ul>\n<table>\n<tbody>\n<tr>\n<td width=\"284\"><strong><b>ART NO. <\/b><\/strong><\/td>\n<td width=\"334\"><strong><b>EM12<\/b><\/strong><\/td>\n<\/tr>\n<tr>\n<td width=\"284\">Material<\/td>\n<td width=\"334\">PP<\/td>\n<\/tr>\n<tr>\n<td width=\"284\">Color<\/td>\n<td width=\"334\">Rosa, naranja, rojo, azul o personalizado<\/td>\n<\/tr>\n<tr>\n<td width=\"284\">SNR<\/td>\n<td width=\"334\">26 dB<\/td>\n<\/tr>\n<tr>\n<td width=\"284\">Embalaje<\/td>\n<td width=\"334\">Opp bolsa\/caja de pl\u00e1stico\/caja de color etc.Soporte personalizado.<\/td>\n<\/tr>\n<tr>\n<td width=\"284\">Norma de calidad<\/td>\n<td width=\"334\">CE EN352<\/td>\n<\/tr>\n<tr>\n<td width=\"284\">MOQ<\/td>\n<td width=\"334\">500 UNIDADES<\/td>\n<\/tr>\n<\/tbody>\n<\/table>\n<p>TOPRISE admite varios estilos de personalizaci\u00f3n de orejeras y tapones para los o\u00eddos; haga clic para <a href=\"https:\/\/toprisesafety.com\/es\/categoria-producto\/personal-protective-equipment\/ear-protection\/earmuff-earplug\/\">ver m\u00e1s modelos de orejeras y tapones.<\/a><\/p>\n<p>Si no encuentra las orejeras y tapones que necesita,<a href=\"https:\/\/toprisesafety.com\/es\/contact-us\/\"> Contacto<\/a>; apoyamos la personalizaci\u00f3n especial.<\/p>","protected":false},"excerpt":{"rendered":"<p>N\u00ba Referencia: EM13<\/p>\n<p>Material: ABS<\/p>\n<p>Color: negro o personalizado<\/p>\n<p>SNR:34dB<\/p>\n<p>Norma de calidad: CE EN352<\/p>\n<p>MOQ:500PCS<\/p>","protected":false},"featured_media":11035,"template":"","meta":{"_acf_changed":false},"product_brand":[],"product_cat":[355,354],"product_tag":[],"class_list":{"0":"post-11034","1":"product","2":"type-product","3":"status-publish","4":"has-post-thumbnail","6":"product_cat-earmuff-earplug","7":"product_cat-ear-protection","9":"first","10":"instock","11":"shipping-taxable","12":"product-type-simple"},"acf":[],"_links":{"self":[{"href":"https:\/\/toprisesafety.com\/es\/wp-json\/wp\/v2\/product\/11034"}],"collection":[{"href":"https:\/\/toprisesafety.com\/es\/wp-json\/wp\/v2\/product"}],"about":[{"href":"https:\/\/toprisesafety.com\/es\/wp-json\/wp\/v2\/types\/product"}],"wp:featuredmedia":[{"embeddable":true,"href":"https:\/\/toprisesafety.com\/es\/wp-json\/wp\/v2\/media\/11035"}],"wp:attachment":[{"href":"https:\/\/toprisesafety.com\/es\/wp-json\/wp\/v2\/media?parent=11034"}],"wp:term":[{"taxonomy":"product_brand","embeddable":true,"href":"https:\/\/toprisesafety.com\/es\/wp-json\/wp\/v2\/product_brand?post=11034"},{"taxonomy":"product_cat","embeddable":true,"href":"https:\/\/toprisesafety.com\/es\/wp-json\/wp\/v2\/product_cat?post=11034"},{"taxonomy":"product_tag","embeddable":true,"href":"https:\/\/toprisesafety.com\/es\/wp-json\/wp\/v2\/product_tag?post=11034"}],"curies":[{"name":"wp","href":"https:\/\/api.w.org\/{rel}","templated":true}]}}