{"id":11026,"date":"2025-02-25T08:04:20","date_gmt":"2025-02-25T08:04:20","guid":{"rendered":"https:\/\/toprisesafety.com\/?post_type=product&#038;p=11026"},"modified":"2025-03-24T07:15:17","modified_gmt":"2025-03-24T07:15:17","slug":"noise-earmuffs","status":"publish","type":"product","link":"https:\/\/toprisesafety.com\/es\/producto\/noise-earmuffs\/","title":{"rendered":"Orejeras antirruido"},"content":{"rendered":"<h2>Orejeras antirruido<\/h2>\n<ul>\n<li>Dise\u00f1o para colgar del cuello, manos libres, f\u00e1cil de llevar durante mucho tiempo.<\/li>\n<li>Aislamiento ac\u00fastico de alta eficacia, reducci\u00f3n del ruido industrial y protecci\u00f3n del o\u00eddo.<\/li>\n<li>Las almohadillas blandas aumentan la comodidad y reducen la presi\u00f3n.<\/li>\n<li>Dise\u00f1o ajustable, se adapta a diferentes formas de cabeza, desgaste estable.<\/li>\n<li>Ligero y f\u00e1cil de transportar, adecuado para entornos de trabajo m\u00f3viles frecuentes.<\/li>\n<li>Material resistente, duradero, uso prolongado sin deformaci\u00f3n.<\/li>\n<\/ul>\n<p>&nbsp;<\/p>\n<table>\n<tbody>\n<tr>\n<td width=\"284\"><strong><b>ART NO. <\/b><\/strong><\/td>\n<td width=\"334\"><strong><b>EM11<\/b><\/strong><\/td>\n<\/tr>\n<tr>\n<td width=\"284\">Material<\/td>\n<td width=\"334\">Copa y diadema de ABS, interior de esponja de alta densidad, cuero artificial<\/td>\n<\/tr>\n<tr>\n<td width=\"284\">Color<\/td>\n<td width=\"334\">Rosa, naranja, rojo, azul o personalizado<\/td>\n<\/tr>\n<tr>\n<td width=\"284\">SNR<\/td>\n<td width=\"334\">26 dB<\/td>\n<\/tr>\n<tr>\n<td width=\"284\">Embalaje<\/td>\n<td width=\"334\">Opp bolsa\/caja de pl\u00e1stico\/caja de color etc.Soporte personalizado.<\/td>\n<\/tr>\n<tr>\n<td width=\"284\">Norma de calidad<\/td>\n<td width=\"334\">CE EN352<\/td>\n<\/tr>\n<tr>\n<td width=\"284\">MOQ<\/td>\n<td width=\"334\">500 UNIDADES<\/td>\n<\/tr>\n<\/tbody>\n<\/table>\n<p>TOPRISE admite varios estilos de personalizaci\u00f3n de orejeras y tapones para los o\u00eddos; haga clic para <a href=\"https:\/\/toprisesafety.com\/es\/categoria-producto\/personal-protective-equipment\/ear-protection\/earmuff-earplug\/\">ver m\u00e1s modelos de orejeras y tapones.<\/a><\/p>\n<p>Si no encuentra las orejeras y tapones que necesita,<a href=\"https:\/\/toprisesafety.com\/es\/contact-us\/\"> Contacto<\/a>; apoyamos la personalizaci\u00f3n especial.<\/p>","protected":false},"excerpt":{"rendered":"<p>N\u00ba Referencia: EM11<\/p>\n<p>Material: Copa y diadema de ABS, interior de esponja de alta densidad, cuero artificial<\/p>\n<p>Color: rosa, naranja, rojo, azul o personalizado<\/p>\n<p>SNR:26dB<\/p>\n<p>Norma de calidad: CE EN352<\/p>\n<p>MOQ:500PCS<\/p>","protected":false},"featured_media":11027,"template":"","meta":{"_acf_changed":false},"product_brand":[],"product_cat":[355,354],"product_tag":[],"class_list":{"0":"post-11026","1":"product","2":"type-product","3":"status-publish","4":"has-post-thumbnail","6":"product_cat-earmuff-earplug","7":"product_cat-ear-protection","9":"first","10":"instock","11":"shipping-taxable","12":"product-type-simple"},"acf":[],"_links":{"self":[{"href":"https:\/\/toprisesafety.com\/es\/wp-json\/wp\/v2\/product\/11026"}],"collection":[{"href":"https:\/\/toprisesafety.com\/es\/wp-json\/wp\/v2\/product"}],"about":[{"href":"https:\/\/toprisesafety.com\/es\/wp-json\/wp\/v2\/types\/product"}],"wp:featuredmedia":[{"embeddable":true,"href":"https:\/\/toprisesafety.com\/es\/wp-json\/wp\/v2\/media\/11027"}],"wp:attachment":[{"href":"https:\/\/toprisesafety.com\/es\/wp-json\/wp\/v2\/media?parent=11026"}],"wp:term":[{"taxonomy":"product_brand","embeddable":true,"href":"https:\/\/toprisesafety.com\/es\/wp-json\/wp\/v2\/product_brand?post=11026"},{"taxonomy":"product_cat","embeddable":true,"href":"https:\/\/toprisesafety.com\/es\/wp-json\/wp\/v2\/product_cat?post=11026"},{"taxonomy":"product_tag","embeddable":true,"href":"https:\/\/toprisesafety.com\/es\/wp-json\/wp\/v2\/product_tag?post=11026"}],"curies":[{"name":"wp","href":"https:\/\/api.w.org\/{rel}","templated":true}]}}