{"id":11017,"date":"2025-02-25T05:56:25","date_gmt":"2025-02-25T05:56:25","guid":{"rendered":"https:\/\/toprisesafety.com\/?post_type=product&#038;p=11017"},"modified":"2025-03-24T07:16:18","modified_gmt":"2025-03-24T07:16:18","slug":"safety-earmuffs","status":"publish","type":"product","link":"https:\/\/toprisesafety.com\/es\/producto\/safety-earmuffs\/","title":{"rendered":"Orejeras de seguridad"},"content":{"rendered":"<h2>Orejeras de seguridad<\/h2>\n<ul>\n<li>El eficaz aislamiento ac\u00fastico garantiza un entorno de trabajo silencioso.<\/li>\n<li>Diadema ajustable, adecuada para varios tipos de cabeza, estable de llevar.<\/li>\n<li>C\u00f3modas almohadillas para reducir la incomodidad de llevarlos durante mucho tiempo.<\/li>\n<li>Fuerte dise\u00f1o de reducci\u00f3n del ruido para proteger el o\u00eddo de los da\u00f1os causados por el ruido.<\/li>\n<li>Material ligero, f\u00e1cil de transportar y guardar.<\/li>\n<li>Color negro y rojo a juego, de moda y llamativo, f\u00e1cil de reconocer<\/li>\n<\/ul>\n<table>\n<tbody>\n<tr>\n<td width=\"284\"><strong><b>ART NO. <\/b><\/strong><\/td>\n<td width=\"334\"><strong><b>EM09<\/b><\/strong><\/td>\n<\/tr>\n<tr>\n<td width=\"284\">Material<\/td>\n<td width=\"334\">Copa y diadema de ABS, interior de esponja de alta densidad, cuero artificial<\/td>\n<\/tr>\n<tr>\n<td width=\"284\">Color<\/td>\n<td width=\"334\">Negro\/rojo, negro\/azul o personalizado<\/td>\n<\/tr>\n<tr>\n<td width=\"284\">SNR<\/td>\n<td width=\"334\">32 dB<\/td>\n<\/tr>\n<tr>\n<td width=\"284\">Embalaje<\/td>\n<td width=\"334\">Opp bolsa\/caja de pl\u00e1stico\/caja de color etc.Soporte personalizado.<\/td>\n<\/tr>\n<tr>\n<td width=\"284\">Norma de calidad<\/td>\n<td width=\"334\">CE EN352<\/td>\n<\/tr>\n<tr>\n<td width=\"284\">MOQ<\/td>\n<td width=\"334\">500 UNIDADES<\/td>\n<\/tr>\n<\/tbody>\n<\/table>\n<p>TOPRISE admite varios estilos de personalizaci\u00f3n de orejeras y tapones para los o\u00eddos; haga clic para <a href=\"https:\/\/toprisesafety.com\/es\/categoria-producto\/personal-protective-equipment\/ear-protection\/earmuff-earplug\/\">ver m\u00e1s modelos de orejeras y tapones.<\/a><\/p>\n<p>Si no encuentra las orejeras y tapones que necesita,<a href=\"https:\/\/toprisesafety.com\/es\/contact-us\/\"> Contacto<\/a>; apoyamos la personalizaci\u00f3n especial.<\/p>","protected":false},"excerpt":{"rendered":"<p>N\u00ba Referencia: EM09<\/p>\n<p>Material: Copa y diadema de ABS, interior de esponja de alta densidad, cuero artificial<\/p>\n<p>Color: negro\/rojo, negro\/azul o personalizado<\/p>\n<p>SNR: 32 dB<\/p>\n<p>Norma de calidad: CE EN352<\/p>\n<p>MOQ:500PCS<\/p>","protected":false},"featured_media":11019,"template":"","meta":{"_acf_changed":false},"product_brand":[],"product_cat":[354,355],"product_tag":[],"class_list":{"0":"post-11017","1":"product","2":"type-product","3":"status-publish","4":"has-post-thumbnail","6":"product_cat-ear-protection","7":"product_cat-earmuff-earplug","9":"first","10":"instock","11":"shipping-taxable","12":"product-type-simple"},"acf":[],"_links":{"self":[{"href":"https:\/\/toprisesafety.com\/es\/wp-json\/wp\/v2\/product\/11017"}],"collection":[{"href":"https:\/\/toprisesafety.com\/es\/wp-json\/wp\/v2\/product"}],"about":[{"href":"https:\/\/toprisesafety.com\/es\/wp-json\/wp\/v2\/types\/product"}],"wp:featuredmedia":[{"embeddable":true,"href":"https:\/\/toprisesafety.com\/es\/wp-json\/wp\/v2\/media\/11019"}],"wp:attachment":[{"href":"https:\/\/toprisesafety.com\/es\/wp-json\/wp\/v2\/media?parent=11017"}],"wp:term":[{"taxonomy":"product_brand","embeddable":true,"href":"https:\/\/toprisesafety.com\/es\/wp-json\/wp\/v2\/product_brand?post=11017"},{"taxonomy":"product_cat","embeddable":true,"href":"https:\/\/toprisesafety.com\/es\/wp-json\/wp\/v2\/product_cat?post=11017"},{"taxonomy":"product_tag","embeddable":true,"href":"https:\/\/toprisesafety.com\/es\/wp-json\/wp\/v2\/product_tag?post=11017"}],"curies":[{"name":"wp","href":"https:\/\/api.w.org\/{rel}","templated":true}]}}