{"id":10993,"date":"2025-02-25T03:58:25","date_gmt":"2025-02-25T03:58:25","guid":{"rendered":"https:\/\/toprisesafety.com\/?post_type=product&#038;p=10993"},"modified":"2025-03-24T07:19:02","modified_gmt":"2025-03-24T07:19:02","slug":"best-silicone-earplug","status":"publish","type":"product","link":"https:\/\/toprisesafety.com\/es\/producto\/best-silicone-earplug\/","title":{"rendered":"El mejor tap\u00f3n de silicona"},"content":{"rendered":"<h2>El mejor tap\u00f3n de silicona<\/h2>\n<ul>\n<li>Super suave y c\u00f3modo: material de silicona de alta calidad, canal auditivo de ajuste suave, m\u00e1s c\u00f3modo de llevar.<\/li>\n<li>Excelente aislamiento ac\u00fastico: bloquea eficazmente el ruido y garantiza un entorno de sue\u00f1o tranquilo.<\/li>\n<li>Impermeable y duradero: dise\u00f1o impermeable, adecuado para nadar o ba\u00f1arse.<\/li>\n<li>Material respetuoso con el medio ambiente: El material de silicona es respetuoso con el medio ambiente, reciclable, seguro e inofensivo.<\/li>\n<li>Uso m\u00faltiple: Dise\u00f1o duradero, f\u00e1cil de limpiar, adecuado para uso a largo plazo.<\/li>\n<li>Adecuado para diversas ocasiones: viajes, sue\u00f1o, concentraci\u00f3n y otras ocasiones son adecuadas.<\/li>\n<li>No es f\u00e1cil de deformar: la dureza del material de silicona, el uso a largo plazo no es f\u00e1cil de deformar.<\/li>\n<\/ul>\n<p>&nbsp;<\/p>\n<table>\n<tbody>\n<tr>\n<td width=\"284\"><strong><b>ART NO. <\/b><\/strong><\/td>\n<td width=\"334\"><strong><b>EP05<\/b><\/strong><\/td>\n<\/tr>\n<tr>\n<td width=\"284\">Material<\/td>\n<td width=\"334\">Silicona<\/td>\n<\/tr>\n<tr>\n<td width=\"284\">Talla<\/td>\n<td width=\"334\">14*29MM<\/td>\n<\/tr>\n<tr>\n<td width=\"284\">Color<\/td>\n<td width=\"334\">Amarillo, verde, azul, naranja o personalizado<\/td>\n<\/tr>\n<tr>\n<td width=\"284\">Embalaje<\/td>\n<td width=\"334\">Opp bolsa\/caja de pl\u00e1stico\/caja de color etc.Soporte personalizado.<\/td>\n<\/tr>\n<tr>\n<td width=\"284\">Norma de calidad<\/td>\n<td width=\"334\">CE EN352 -2 (2003)<\/td>\n<\/tr>\n<tr>\n<td width=\"284\">MOQ<\/td>\n<td width=\"334\">10000 PARES<\/td>\n<\/tr>\n<\/tbody>\n<\/table>\n<p>TOPRISE admite varios estilos de personalizaci\u00f3n de orejeras y tapones para los o\u00eddos; haga clic para <a href=\"https:\/\/toprisesafety.com\/es\/categoria-producto\/personal-protective-equipment\/ear-protection\/earmuff-earplug\/\">ver m\u00e1s modelos de orejeras y tapones.<\/a><\/p>\n<p>Si no encuentra las orejeras y tapones que necesita,<a href=\"https:\/\/toprisesafety.com\/es\/contact-us\/\"> Contacto<\/a>; apoyamos la personalizaci\u00f3n especial.<\/p>","protected":false},"excerpt":{"rendered":"<p>Art No.: EP05<\/p>\n<p>Material: Silicona<\/p>\n<p>With knit lines and without knit lines for choice<\/p>\n<p>Tama\u00f1o: 14*29 mm<\/p>\n<p>SNR: 29 dB<\/p>\n<p>Color: amarillo, verde, azul, naranja, etc.<\/p>\n<p>MOQ : 10000 pares por color<\/p>","protected":false},"featured_media":10994,"template":"","meta":{"_acf_changed":false},"product_brand":[],"product_cat":[354,355],"product_tag":[],"class_list":{"0":"post-10993","1":"product","2":"type-product","3":"status-publish","4":"has-post-thumbnail","6":"product_cat-ear-protection","7":"product_cat-earmuff-earplug","9":"first","10":"instock","11":"shipping-taxable","12":"product-type-simple"},"acf":[],"_links":{"self":[{"href":"https:\/\/toprisesafety.com\/es\/wp-json\/wp\/v2\/product\/10993"}],"collection":[{"href":"https:\/\/toprisesafety.com\/es\/wp-json\/wp\/v2\/product"}],"about":[{"href":"https:\/\/toprisesafety.com\/es\/wp-json\/wp\/v2\/types\/product"}],"wp:featuredmedia":[{"embeddable":true,"href":"https:\/\/toprisesafety.com\/es\/wp-json\/wp\/v2\/media\/10994"}],"wp:attachment":[{"href":"https:\/\/toprisesafety.com\/es\/wp-json\/wp\/v2\/media?parent=10993"}],"wp:term":[{"taxonomy":"product_brand","embeddable":true,"href":"https:\/\/toprisesafety.com\/es\/wp-json\/wp\/v2\/product_brand?post=10993"},{"taxonomy":"product_cat","embeddable":true,"href":"https:\/\/toprisesafety.com\/es\/wp-json\/wp\/v2\/product_cat?post=10993"},{"taxonomy":"product_tag","embeddable":true,"href":"https:\/\/toprisesafety.com\/es\/wp-json\/wp\/v2\/product_tag?post=10993"}],"curies":[{"name":"wp","href":"https:\/\/api.w.org\/{rel}","templated":true}]}}