{"id":10991,"date":"2025-02-25T03:41:08","date_gmt":"2025-02-25T03:41:08","guid":{"rendered":"https:\/\/toprisesafety.com\/?post_type=product&#038;p=10991"},"modified":"2025-03-24T07:19:39","modified_gmt":"2025-03-24T07:19:39","slug":"earplugs-for-sleeping","status":"publish","type":"product","link":"https:\/\/toprisesafety.com\/es\/producto\/earplugs-for-sleeping\/","title":{"rendered":"Tapones para dormir"},"content":{"rendered":"<h2>Tapones para dormir<\/h2>\n<ul>\n<li>Gran comodidad: material de PU suave, canal auditivo ajustado, uso prolongado sin molestias.<\/li>\n<li>Buen efecto de reducci\u00f3n del ruido: a\u00edsla eficazmente el ruido externo, ayuda a mejorar la calidad del sue\u00f1o.<\/li>\n<li>Ligero y pr\u00e1ctico: dise\u00f1o ligero, f\u00e1cil de llevar, viajar y dormir necesario.<\/li>\n<li>Antial\u00e9rgico: El material PU es dif\u00edcil de causar alergias, adecuado para pieles sensibles.<\/li>\n<li>Ecol\u00f3gico y duradero: El material PU es duradero y reutilizable, lo que reduce los residuos.<\/li>\n<li>Sin olor: Los tapones para los o\u00eddos de PU no tienen olor y no afectar\u00e1n al sue\u00f1o cuando se lleven puestos.<\/li>\n<li>Mejora la calidad del sue\u00f1o: ayuda a bloquear el ruido y garantiza un sue\u00f1o profundo.<\/li>\n<\/ul>\n<table>\n<tbody>\n<tr>\n<td width=\"284\"><strong><b>ART NO. <\/b><\/strong><\/td>\n<td width=\"334\"><strong><b>EP04<\/b><\/strong><\/td>\n<\/tr>\n<tr>\n<td width=\"284\">Material<\/td>\n<td width=\"334\">PU<\/td>\n<\/tr>\n<tr>\n<td width=\"284\">Talla<\/td>\n<td width=\"334\">14*23MM<\/td>\n<\/tr>\n<tr>\n<td width=\"284\">Color<\/td>\n<td width=\"334\">Colores mixtos o personalizados<\/td>\n<\/tr>\n<tr>\n<td width=\"284\">Embalaje<\/td>\n<td width=\"334\">Opp bolsa\/caja de pl\u00e1stico\/caja de color etc.Soporte personalizado.<\/td>\n<\/tr>\n<tr>\n<td width=\"284\">Norma de calidad<\/td>\n<td width=\"334\">NRR 29db<\/td>\n<\/tr>\n<tr>\n<td width=\"284\">MOQ<\/td>\n<td width=\"334\">10000 PARES<\/td>\n<\/tr>\n<\/tbody>\n<\/table>\n<p>TOPRISE admite varios estilos de personalizaci\u00f3n de orejeras y tapones para los o\u00eddos; haga clic para <a href=\"https:\/\/toprisesafety.com\/es\/categoria-producto\/personal-protective-equipment\/ear-protection\/earmuff-earplug\/\">ver m\u00e1s modelos de orejeras y tapones.<\/a><\/p>\n<p>Si no encuentra las orejeras y tapones que necesita,<a href=\"https:\/\/toprisesafety.com\/es\/contact-us\/\"> Contacto<\/a>; apoyamos la personalizaci\u00f3n especial.<\/p>","protected":false},"excerpt":{"rendered":"<p>N\u00ba Referencia: EP04<\/p>\n<p>Material: PU<\/p>\n<p>Tama\u00f1o: 14*23 mm<\/p>\n<p>Color: mezcla de colores<\/p>\n<p>MOQ : 10000 pares por color<\/p>","protected":false},"featured_media":10992,"template":"","meta":{"_acf_changed":false},"product_brand":[],"product_cat":[354,355],"product_tag":[],"class_list":{"0":"post-10991","1":"product","2":"type-product","3":"status-publish","4":"has-post-thumbnail","6":"product_cat-ear-protection","7":"product_cat-earmuff-earplug","9":"first","10":"instock","11":"shipping-taxable","12":"product-type-simple"},"acf":[],"_links":{"self":[{"href":"https:\/\/toprisesafety.com\/es\/wp-json\/wp\/v2\/product\/10991"}],"collection":[{"href":"https:\/\/toprisesafety.com\/es\/wp-json\/wp\/v2\/product"}],"about":[{"href":"https:\/\/toprisesafety.com\/es\/wp-json\/wp\/v2\/types\/product"}],"wp:featuredmedia":[{"embeddable":true,"href":"https:\/\/toprisesafety.com\/es\/wp-json\/wp\/v2\/media\/10992"}],"wp:attachment":[{"href":"https:\/\/toprisesafety.com\/es\/wp-json\/wp\/v2\/media?parent=10991"}],"wp:term":[{"taxonomy":"product_brand","embeddable":true,"href":"https:\/\/toprisesafety.com\/es\/wp-json\/wp\/v2\/product_brand?post=10991"},{"taxonomy":"product_cat","embeddable":true,"href":"https:\/\/toprisesafety.com\/es\/wp-json\/wp\/v2\/product_cat?post=10991"},{"taxonomy":"product_tag","embeddable":true,"href":"https:\/\/toprisesafety.com\/es\/wp-json\/wp\/v2\/product_tag?post=10991"}],"curies":[{"name":"wp","href":"https:\/\/api.w.org\/{rel}","templated":true}]}}