{"id":10088,"date":"2024-12-06T07:21:50","date_gmt":"2024-12-06T07:21:50","guid":{"rendered":"https:\/\/toprisesafety.com\/?post_type=product&#038;p=10088"},"modified":"2024-12-06T07:21:50","modified_gmt":"2024-12-06T07:21:50","slug":"skull-mask","status":"publish","type":"product","link":"https:\/\/toprisesafety.com\/es\/producto\/skull-mask\/","title":{"rendered":"M\u00e1scara de calavera"},"content":{"rendered":"<h2><strong><b>M\u00e1scara de calavera <\/b><\/strong><\/h2>\n<table>\n<tbody>\n<tr>\n<td width=\"284\">ART NO.<\/td>\n<td width=\"329\">SG25<\/td>\n<\/tr>\n<tr>\n<td width=\"284\">Material<\/td>\n<td width=\"329\">Montura de PP + lente de PC<\/td>\n<\/tr>\n<tr>\n<td width=\"284\">Talla<\/td>\n<td width=\"329\">Tama\u00f1o adulto est\u00e1ndar, anchura 185 mm \u00d7 altura 180 mm<\/td>\n<\/tr>\n<tr>\n<td width=\"284\">Color<\/td>\n<td width=\"329\">Negro<\/p>\n<p>&nbsp;<\/td>\n<\/tr>\n<tr>\n<td width=\"284\">Embalaje<\/td>\n<td width=\"329\">Bolsa de polietileno, tarjeta de cabeza, caja bl\u00edster, caja de color, etc.<\/td>\n<\/tr>\n<tr>\n<td width=\"284\">Caracter\u00edsticas<\/td>\n<td width=\"329\">A prueba de viento, polvo, arena, rayos UV, etc.<\/td>\n<\/tr>\n<tr>\n<td width=\"284\">Aplicaciones<\/td>\n<td width=\"329\">Equipamiento t\u00e1ctico, atrezo de pel\u00edculas, deportes al aire libre, ocio diario, etc.<\/td>\n<\/tr>\n<\/tbody>\n<\/table>","protected":false},"excerpt":{"rendered":"<p>N\u00ba Referencia: SG27<\/p>\n<p>Material: Montura de PP + lente de PC<\/p>\n<p>Tama\u00f1o: tama\u00f1o est\u00e1ndar para adultos, ancho 200 mm \u00d7 alto 185 mm<\/p>\n<p>Color: Montura negra, diferentes colores de lente a elegir.<\/p>\n<p>Paquete personalizado<\/p>\n<p>MOQ: 1000PCS<\/p>","protected":false},"featured_media":10089,"template":"","meta":{"_acf_changed":false},"product_brand":[],"product_cat":[15],"product_tag":[],"class_list":{"0":"post-10088","1":"product","2":"type-product","3":"status-publish","4":"has-post-thumbnail","6":"product_cat-toprise-new-products","8":"first","9":"instock","10":"shipping-taxable","11":"product-type-simple"},"acf":[],"_links":{"self":[{"href":"https:\/\/toprisesafety.com\/es\/wp-json\/wp\/v2\/product\/10088","targetHints":{"allow":["GET"]}}],"collection":[{"href":"https:\/\/toprisesafety.com\/es\/wp-json\/wp\/v2\/product"}],"about":[{"href":"https:\/\/toprisesafety.com\/es\/wp-json\/wp\/v2\/types\/product"}],"wp:featuredmedia":[{"embeddable":true,"href":"https:\/\/toprisesafety.com\/es\/wp-json\/wp\/v2\/media\/10089"}],"wp:attachment":[{"href":"https:\/\/toprisesafety.com\/es\/wp-json\/wp\/v2\/media?parent=10088"}],"wp:term":[{"taxonomy":"product_brand","embeddable":true,"href":"https:\/\/toprisesafety.com\/es\/wp-json\/wp\/v2\/product_brand?post=10088"},{"taxonomy":"product_cat","embeddable":true,"href":"https:\/\/toprisesafety.com\/es\/wp-json\/wp\/v2\/product_cat?post=10088"},{"taxonomy":"product_tag","embeddable":true,"href":"https:\/\/toprisesafety.com\/es\/wp-json\/wp\/v2\/product_tag?post=10088"}],"curies":[{"name":"wp","href":"https:\/\/api.w.org\/{rel}","templated":true}]}}