{"id":10081,"date":"2024-12-06T07:19:35","date_gmt":"2024-12-06T07:19:35","guid":{"rendered":"https:\/\/toprisesafety.com\/?post_type=product&#038;p=10081"},"modified":"2025-03-17T03:59:24","modified_gmt":"2025-03-17T03:59:24","slug":"skull-face-mask","status":"publish","type":"product","link":"https:\/\/toprisesafety.com\/es\/producto\/skull-face-mask\/","title":{"rendered":"M\u00e1scara de calavera"},"content":{"rendered":"<h2><strong><b>M\u00e1scara de calavera <\/b><\/strong><\/h2>\n<table>\n<tbody>\n<tr>\n<td width=\"284\">ART NO.<\/td>\n<td width=\"329\">SG25<\/td>\n<\/tr>\n<tr>\n<td width=\"284\">Material<\/td>\n<td width=\"329\">PC+TPU<\/td>\n<\/tr>\n<tr>\n<td width=\"284\">Talla<\/td>\n<td width=\"329\">Tama\u00f1o adulto est\u00e1ndar, anchura 185 mm \u00d7 altura 180 mm<\/td>\n<\/tr>\n<tr>\n<td width=\"284\">Color<\/td>\n<td width=\"329\">Negro<\/p>\n<p>&nbsp;<\/td>\n<\/tr>\n<tr>\n<td width=\"284\">Embalaje<\/td>\n<td width=\"329\">Bolsa de polietileno, tarjeta de cabeza, caja bl\u00edster, caja de color, etc.<\/td>\n<\/tr>\n<tr>\n<td width=\"284\">Caracter\u00edsticas<\/td>\n<td width=\"329\">A prueba de viento, polvo, arena, rayos UV, etc.<\/td>\n<\/tr>\n<tr>\n<td width=\"284\">Aplicaciones<\/td>\n<td width=\"329\">Senderismo, ciclismo, conducci\u00f3n, pesca y otras actividades al aire libre.<\/td>\n<\/tr>\n<\/tbody>\n<\/table>\n<p>TOPRISE admite varios estilos de personalizaci\u00f3n de gafas de seguridad; haga clic para <a href=\"https:\/\/toprisesafety.com\/es\/categoria-producto\/personal-protective-equipment\/eye-protection\/safety-goggles\/\">ver m\u00e1s modelos de gafas de protecci\u00f3n<\/a>.<\/p>\n<p>Si no encuentra las gafas de protecci\u00f3n necesarias, <a href=\"https:\/\/toprisesafety.com\/es\/contact-us\/\">Contacto<\/a>; apoyamos la personalizaci\u00f3n especial.<\/p>","protected":false},"excerpt":{"rendered":"<p>N\u00ba Referencia: SG26<\/p>\n<p>Material: PC+TPU<\/p>\n<p>Tama\u00f1o: tama\u00f1o est\u00e1ndar para adultos, 185 mm de ancho \u00d7 180 mm de alto<\/p>\n<p>Color: Montura negra, diferentes colores de lente a elegir.<\/p>\n<p>Paquete personalizado<\/p>\n<p>MOQ: 1000PCS<\/p>","protected":false},"featured_media":10082,"template":"","meta":{"_acf_changed":false},"product_brand":[],"product_cat":[357,358],"product_tag":[],"class_list":{"0":"post-10081","1":"product","2":"type-product","3":"status-publish","4":"has-post-thumbnail","6":"product_cat-eye-protection","7":"product_cat-safety-goggles","9":"first","10":"instock","11":"shipping-taxable","12":"product-type-simple"},"acf":[],"_links":{"self":[{"href":"https:\/\/toprisesafety.com\/es\/wp-json\/wp\/v2\/product\/10081"}],"collection":[{"href":"https:\/\/toprisesafety.com\/es\/wp-json\/wp\/v2\/product"}],"about":[{"href":"https:\/\/toprisesafety.com\/es\/wp-json\/wp\/v2\/types\/product"}],"wp:featuredmedia":[{"embeddable":true,"href":"https:\/\/toprisesafety.com\/es\/wp-json\/wp\/v2\/media\/10082"}],"wp:attachment":[{"href":"https:\/\/toprisesafety.com\/es\/wp-json\/wp\/v2\/media?parent=10081"}],"wp:term":[{"taxonomy":"product_brand","embeddable":true,"href":"https:\/\/toprisesafety.com\/es\/wp-json\/wp\/v2\/product_brand?post=10081"},{"taxonomy":"product_cat","embeddable":true,"href":"https:\/\/toprisesafety.com\/es\/wp-json\/wp\/v2\/product_cat?post=10081"},{"taxonomy":"product_tag","embeddable":true,"href":"https:\/\/toprisesafety.com\/es\/wp-json\/wp\/v2\/product_tag?post=10081"}],"curies":[{"name":"wp","href":"https:\/\/api.w.org\/{rel}","templated":true}]}}