{"id":71,"date":"2023-03-28T14:24:58","date_gmt":"2023-03-28T14:24:58","guid":{"rendered":"https:\/\/toprisesafety.com\/about-us\/"},"modified":"2025-10-29T03:50:19","modified_gmt":"2025-10-29T03:50:19","slug":"about-us","status":"publish","type":"page","link":"https:\/\/toprisesafety.com\/es\/about-us\/","title":{"rendered":"Qui\u00e9nes somos"},"content":{"rendered":"<div data-elementor-type=\"wp-page\" data-elementor-id=\"71\" class=\"elementor elementor-71\" data-elementor-post-type=\"page\">\n\t\t\t\t<div class=\"elementor-element elementor-element-33539935 e-flex e-con-boxed e-con e-parent\" data-id=\"33539935\" data-element_type=\"container\" data-settings=\"{&quot;background_background&quot;:&quot;classic&quot;,&quot;shape_divider_bottom&quot;:&quot;arrow&quot;}\">\n\t\t\t\t\t<div class=\"e-con-inner\">\n\t\t\t\t<div class=\"elementor-shape elementor-shape-bottom\" aria-hidden=\"true\" data-negative=\"false\">\n\t\t\t<svg xmlns=\"http:\/\/www.w3.org\/2000\/svg\" viewbox=\"0 0 700 10\" preserveaspectratio=\"none\">\n\t<path class=\"elementor-shape-fill\" d=\"M350,10L340,0h20L350,10z\"\/>\n<\/svg>\t\t<\/div>\n\t\t\t\t<div class=\"elementor-element elementor-element-db32916 elementor-widget__width-initial elementor-widget elementor-widget-text-editor\" data-id=\"db32916\" data-element_type=\"widget\" data-widget_type=\"text-editor.default\">\n\t\t\t\t<div class=\"elementor-widget-container\">\n\t\t\t\t\t\t\t\t\t<h1><a href=\"https:\/\/toprisesafety.com\/es\/\"><span style=\"color: #3366ff;\">\u00bfQui\u00e9n es Toprisesafetey.com?\u00a0<\/span><\/a><\/h1><p><span style=\"color: #ffffff;\">Toprisesafety.com se fund\u00f3 en 2009, y llevamos m\u00e1s de 15 a\u00f1os en el negocio de los equipos de protecci\u00f3n individual, los productos de seguridad vial, los productos FRP y los art\u00edculos de exterior. <\/span><\/p>\t\t\t\t\t\t\t\t<\/div>\n\t\t\t\t<\/div>\n\t\t\t\t\t<\/div>\n\t\t\t\t<\/div>\n\t\t<div class=\"elementor-element elementor-element-2ec5c26e e-flex e-con-boxed e-con e-parent\" data-id=\"2ec5c26e\" data-element_type=\"container\">\n\t\t\t\t\t<div class=\"e-con-inner\">\n\t\t\t\t<div class=\"elementor-element elementor-element-78d72c6a elementor-widget elementor-widget-heading\" data-id=\"78d72c6a\" data-element_type=\"widget\" data-widget_type=\"heading.default\">\n\t\t\t\t<div class=\"elementor-widget-container\">\n\t\t\t\t\t<h2 class=\"elementor-heading-title elementor-size-default\">NINGBO TOPRISE SECURITY PRODUCTS CO.,LTD<\/h2>\t\t\t\t<\/div>\n\t\t\t\t<\/div>\n\t\t\t\t<div class=\"elementor-element elementor-element-49fa9ae9 elementor-widget elementor-widget-text-editor\" data-id=\"49fa9ae9\" data-element_type=\"widget\" data-widget_type=\"text-editor.default\">\n\t\t\t\t<div class=\"elementor-widget-container\">\n\t\t\t\t\t\t\t\t\t<p><strong>Ningbo Toprise<\/strong> se ha comprometido a convertirse en l\u00edder mundial en <strong><b>soluciones integradas de seguridad y espacio p\u00fablico<\/b><\/strong>con \"Seguridad, Durabilidad, Personalizaci\u00f3n y Multiescenario\" como filosof\u00eda central. Nuestros servicios abarcan diversos campos, como la industria, la construcci\u00f3n urbana, el paisajismo y las instalaciones p\u00fablicas.<\/p><p>Nuestra cartera de productos abarca cuatro categor\u00edas principales:<\/p><p><strong><b>Equipos de protecci\u00f3n individual (EPI)<\/b><\/strong>: Desde protecci\u00f3n para la cabeza, los ojos, la cara, los o\u00eddos y las v\u00edas respiratorias hasta protecci\u00f3n para las manos, los pies y el cuerpo y ropa de seguridad, ofrecemos soluciones de seguridad completas para una amplia gama de entornos de trabajo.<\/p><p><strong><b>Productos de seguridad vial<\/b><\/strong>: Incluye ropa de advertencia, cinta de advertencia, vallas de seguridad, l\u00e1mparas de advertencia, conos de tr\u00e1fico y tri\u00e1ngulos de advertencia reflectantes, que ayudan a garantizar la seguridad en las zonas de tr\u00e1fico y construcci\u00f3n.<\/p><p><strong><b>Instalaciones p\u00fablicas al aire libre<\/b><\/strong>: Bancos de exterior, cubos de basura met\u00e1licos o de madera, lonas y cubiertas impermeables, sof\u00e1s de exterior, p\u00e9rgolas de aluminio, mobiliario de ocio y esculturas de acero inoxidable: una combinaci\u00f3n de funcionalidad y est\u00e9tica para realzar los espacios p\u00fablicos.<\/p><p><strong><b>Productos FRP<\/b><\/strong>: Incluidos bancos, jardineras, esculturas y \u00e1rboles artificiales de fibra de vidrio, con propiedades ligeras, de alta resistencia, resistentes a la intemperie y altamente personalizables para una amplia gama de aplicaciones art\u00edsticas y comerciales.<\/p><p>Con <strong><b>capacidad de dise\u00f1o personalizado, estricto control de calidad de la producci\u00f3n y servicios globales de log\u00edstica e instalaci\u00f3n<\/b><\/strong>Pero no nos limitamos a ofrecer productos: proporcionamos soluciones integrales a medida, desde la concepci\u00f3n hasta la finalizaci\u00f3n. Ya se trate de garantizar la seguridad, optimizar los espacios p\u00fablicos o crear un valor art\u00edstico y cultural duradero, mantenemos los m\u00e1s altos est\u00e1ndares para ganarnos la confianza de clientes de todo el mundo.<\/p>\t\t\t\t\t\t\t\t<\/div>\n\t\t\t\t<\/div>\n\t\t\t\t\t<\/div>\n\t\t\t\t<\/div>\n\t\t<div class=\"elementor-element elementor-element-f15ed69 e-flex e-con-boxed e-con e-parent\" data-id=\"f15ed69\" data-element_type=\"container\">\n\t\t\t\t\t<div class=\"e-con-inner\">\n\t\t\t\t\t<\/div>\n\t\t\t\t<\/div>\n\t\t<div class=\"elementor-element elementor-element-29be7ad8 e-con-full e-flex e-con e-parent\" data-id=\"29be7ad8\" data-element_type=\"container\" data-settings=\"{&quot;background_background&quot;:&quot;classic&quot;}\">\n\t\t<div class=\"elementor-element elementor-element-6dc2b06c e-con-full e-flex e-con e-child\" data-id=\"6dc2b06c\" data-element_type=\"container\">\n\t\t\t\t<div class=\"elementor-element elementor-element-44eacff elementor-widget elementor-widget-heading\" data-id=\"44eacff\" data-element_type=\"widget\" data-widget_type=\"heading.default\">\n\t\t\t\t<div class=\"elementor-widget-container\">\n\t\t\t\t\t<h2 class=\"elementor-heading-title elementor-size-default\">Servicios en los que podemos ayudarle:<\/h2>\t\t\t\t<\/div>\n\t\t\t\t<\/div>\n\t\t\t\t<div class=\"elementor-element elementor-element-600432bc elementor-widget elementor-widget-text-editor\" data-id=\"600432bc\" data-element_type=\"widget\" data-widget_type=\"text-editor.default\">\n\t\t\t\t<div class=\"elementor-widget-container\">\n\t\t\t\t\t\t\t\t\t<ul><li data-start=\"72\" data-end=\"186\"><p data-start=\"75\" data-end=\"186\"><strong data-start=\"75\" data-end=\"100\">Dise\u00f1o de productos a medida<\/strong>: Soluciones y dise\u00f1os a medida basados en las necesidades del cliente y los escenarios de aplicaci\u00f3n.<\/p><\/li><li data-start=\"187\" data-end=\"298\"><p data-start=\"190\" data-end=\"298\"><strong data-start=\"190\" data-end=\"217\">Modelado y renderizado 3D<\/strong>: Proporcione dise\u00f1os en 3D y vistas previas de renderizado para su confirmaci\u00f3n antes de la producci\u00f3n.<\/p><\/li><li data-start=\"299\" data-end=\"443\"><p data-start=\"302\" data-end=\"443\"><strong data-start=\"302\" data-end=\"341\">Ventanilla \u00fanica de contrataci\u00f3n multicategor\u00eda<\/strong>: Cubre toda la gama de EPI, productos de seguridad vial, instalaciones p\u00fablicas exteriores y productos FRP.<\/p><\/li><li data-start=\"444\" data-end=\"584\"><p data-start=\"447\" data-end=\"584\"><strong data-start=\"447\" data-end=\"485\">Recomendaciones sobre materiales y procesos<\/strong>: Sugerir los materiales y procesos de fabricaci\u00f3n m\u00e1s adecuados en funci\u00f3n del uso y el entorno.<\/p><\/li><li data-start=\"585\" data-end=\"719\"><p data-start=\"588\" data-end=\"719\"><strong data-start=\"588\" data-end=\"617\">Estricta inspecci\u00f3n de calidad<\/strong>: Control de calidad en todo el proceso, desde las materias primas hasta los productos acabados, para garantizar una calidad constante.<\/p><\/li><li data-start=\"720\" data-end=\"849\"><p data-start=\"723\" data-end=\"849\"><strong data-start=\"723\" data-end=\"774\">Log\u00edstica internacional y entrega puerta a puerta<\/strong>: Ofrecer soluciones de env\u00edo globales para reducir la carga de trabajo de coordinaci\u00f3n del cliente.<\/p><\/li><li data-start=\"850\" data-end=\"950\"><p data-start=\"853\" data-end=\"950\"><strong data-start=\"853\" data-end=\"885\">Gu\u00eda de instalaci\u00f3n remota<\/strong>: Proporcione instrucciones de instalaci\u00f3n mediante v\u00eddeo o documentaci\u00f3n.<\/p><\/li><li data-start=\"951\" data-end=\"1058\"><p data-start=\"954\" data-end=\"1058\"><strong data-start=\"954\" data-end=\"998\">Servicio posventa y asesoramiento sobre mantenimiento<\/strong>: Ofrecer asistencia t\u00e9cnica y planes de mantenimiento a largo plazo.<\/p><\/li><li data-start=\"1059\" data-end=\"1152\" data-is-last-node=\"\"><p data-start=\"1062\" data-end=\"1152\" data-is-last-node=\"\"><strong data-start=\"1062\" data-end=\"1085\">Cooperaci\u00f3n OEM\/ODM<\/strong>: Apoyar el etiquetado privado y las asociaciones de dise\u00f1o y desarrollo.<\/p><\/li><\/ul>\t\t\t\t\t\t\t\t<\/div>\n\t\t\t\t<\/div>\n\t\t\t\t<\/div>\n\t\t<div class=\"elementor-element elementor-element-31134ed1 e-con-full e-flex e-con e-child\" data-id=\"31134ed1\" data-element_type=\"container\" data-settings=\"{&quot;background_background&quot;:&quot;classic&quot;}\">\n\t\t\t\t<div class=\"elementor-element elementor-element-3633db4 elementor-widget elementor-widget-image\" data-id=\"3633db4\" data-element_type=\"widget\" data-widget_type=\"image.default\">\n\t\t\t\t<div class=\"elementor-widget-container\">\n\t\t\t\t\t\t\t\t\t\t\t\t\t\t\t<img fetchpriority=\"high\" decoding=\"async\" width=\"800\" height=\"517\" src=\"https:\/\/toprisesafety.com\/wp-content\/uploads\/2024\/08\/TOPRISE-COMPANY-PHOTOS.jpg\" class=\"attachment-large size-large wp-image-6275\" alt=\"\" srcset=\"https:\/\/toprisesafety.com\/wp-content\/uploads\/2024\/08\/TOPRISE-COMPANY-PHOTOS.jpg 1016w, https:\/\/toprisesafety.com\/wp-content\/uploads\/2024\/08\/TOPRISE-COMPANY-PHOTOS-300x194.jpg 300w, https:\/\/toprisesafety.com\/wp-content\/uploads\/2024\/08\/TOPRISE-COMPANY-PHOTOS-768x496.jpg 768w, https:\/\/toprisesafety.com\/wp-content\/uploads\/2024\/08\/TOPRISE-COMPANY-PHOTOS-600x387.jpg 600w\" sizes=\"(max-width: 800px) 100vw, 800px\" \/>\t\t\t\t\t\t\t\t\t\t\t\t\t\t\t<\/div>\n\t\t\t\t<\/div>\n\t\t\t\t<\/div>\n\t\t\t\t<\/div>\n\t\t<div class=\"elementor-element elementor-element-5b88c2f1 e-flex e-con-boxed e-con e-parent\" data-id=\"5b88c2f1\" data-element_type=\"container\" data-settings=\"{&quot;background_background&quot;:&quot;gradient&quot;}\">\n\t\t\t\t\t<div class=\"e-con-inner\">\n\t\t<div class=\"elementor-element elementor-element-125b2931 e-con-full e-flex e-con e-child\" data-id=\"125b2931\" data-element_type=\"container\">\n\t\t\t\t<div class=\"elementor-element elementor-element-5d33679 elementor-widget elementor-widget-video\" data-id=\"5d33679\" data-element_type=\"widget\" data-settings=\"{&quot;youtube_url&quot;:&quot;https:\\\/\\\/youtu.be\\\/ThJsHLqOQQw&quot;,&quot;video_type&quot;:&quot;youtube&quot;,&quot;controls&quot;:&quot;yes&quot;}\" data-widget_type=\"video.default\">\n\t\t\t\t<div class=\"elementor-widget-container\">\n\t\t\t\t\t\t\t<div class=\"elementor-wrapper elementor-open-inline\">\n\t\t\t<div class=\"elementor-video\"><\/div>\t\t<\/div>\n\t\t\t\t\t\t<\/div>\n\t\t\t\t<\/div>\n\t\t\t\t<\/div>\n\t\t<div class=\"elementor-element elementor-element-f4ef7b3 e-con-full e-flex e-con e-child\" data-id=\"f4ef7b3\" data-element_type=\"container\">\n\t\t\t\t<div class=\"elementor-element elementor-element-63a62b49 elementor-widget elementor-widget-heading\" data-id=\"63a62b49\" data-element_type=\"widget\" data-widget_type=\"heading.default\">\n\t\t\t\t<div class=\"elementor-widget-container\">\n\t\t\t\t\t<h2 class=\"elementor-heading-title elementor-size-default\">\u00bfQu\u00e9 producimos?<\/h2>\t\t\t\t<\/div>\n\t\t\t\t<\/div>\n\t\t\t\t<div class=\"elementor-element elementor-element-110f76e0 elementor-widget elementor-widget-text-editor\" data-id=\"110f76e0\" data-element_type=\"widget\" data-widget_type=\"text-editor.default\">\n\t\t\t\t<div class=\"elementor-widget-container\">\n\t\t\t\t\t\t\t\t\t<p data-pm-slice=\"1 1 []\"><strong>Ningbo TOPRISE<\/strong> es un fabricante profesional especializado en la producci\u00f3n de <strong>equipos de protecci\u00f3n individual (EPI),<\/strong> <strong>productos de seguridad vial, instalaciones p\u00fablicas exteriores, productos de acero inoxidable y FRP<\/strong><\/p><ul><li data-start=\"106\" data-end=\"296\"><p data-start=\"109\" data-end=\"150\"><strong data-start=\"109\" data-end=\"148\">Equipos de protecci\u00f3n individual (EPI)<\/strong><\/p><ul data-start=\"154\" data-end=\"296\"><li data-start=\"154\" data-end=\"202\"><p data-start=\"156\" data-end=\"202\">Cabeza, ojos, cara, o\u00eddos, protecci\u00f3n respiratoria<\/p><\/li><li data-start=\"206\" data-end=\"241\"><p data-start=\"208\" data-end=\"241\">Protecci\u00f3n de manos, pies y cuerpo<\/p><\/li><li data-start=\"245\" data-end=\"296\"><p data-start=\"247\" data-end=\"296\">Ropa de seguridad para la industria y la construcci\u00f3n<\/p><\/li><\/ul><\/li><li data-start=\"298\" data-end=\"455\"><p data-start=\"301\" data-end=\"327\"><strong data-start=\"301\" data-end=\"325\">Productos de seguridad vial<\/strong><\/p><ul data-start=\"331\" data-end=\"455\"><li data-start=\"331\" data-end=\"389\"><p data-start=\"333\" data-end=\"389\">Chalecos de seguridad, cintas de advertencia, conos de tr\u00e1fico, barricadas<\/p><\/li><li data-start=\"393\" data-end=\"455\"><p data-start=\"395\" data-end=\"455\">Se\u00f1ales reflectantes, luces de advertencia, equipos de control del tr\u00e1fico<\/p><\/li><\/ul><\/li><li data-start=\"457\" data-end=\"605\"><p data-start=\"460\" data-end=\"491\"><strong data-start=\"460\" data-end=\"489\">Instalaciones p\u00fablicas al aire libre<\/strong><\/p><ul data-start=\"495\" data-end=\"605\"><li data-start=\"495\" data-end=\"539\"><p data-start=\"497\" data-end=\"539\">Bancos de exterior, papeleras de metal\/madera<\/p><\/li><li data-start=\"543\" data-end=\"605\"><p data-start=\"545\" data-end=\"605\">Lonas impermeables, cubiertas, mobiliario de ocio, p\u00e9rgolas<\/p><\/li><\/ul><\/li><li data-start=\"607\" data-end=\"769\"><p data-start=\"610\" data-end=\"646\"><strong data-start=\"610\" data-end=\"644\">Productos de acero inoxidable y FRP<\/strong><\/p><ul data-start=\"650\" data-end=\"769\"><li data-start=\"650\" data-end=\"703\"><p data-start=\"652\" data-end=\"703\">Esculturas de acero inoxidable, instalaciones al aire libre<\/p><\/li><li data-start=\"707\" data-end=\"769\"><p data-start=\"709\" data-end=\"769\">Bancos de fibra de vidrio, jardineras, esculturas, \u00e1rboles artificiales<\/p><\/li><\/ul><\/li><\/ul>\t\t\t\t\t\t\t\t<\/div>\n\t\t\t\t<\/div>\n\t\t\t\t<\/div>\n\t\t\t\t\t<\/div>\n\t\t\t\t<\/div>\n\t\t<div class=\"elementor-element elementor-element-0250a8e e-flex e-con-boxed e-con e-parent\" data-id=\"0250a8e\" data-element_type=\"container\">\n\t\t\t\t\t<div class=\"e-con-inner\">\n\t\t\t\t<div class=\"elementor-element elementor-element-8381f24 elementor-widget elementor-widget-heading\" data-id=\"8381f24\" data-element_type=\"widget\" data-widget_type=\"heading.default\">\n\t\t\t\t<div class=\"elementor-widget-container\">\n\t\t\t\t\t<h2 class=\"elementor-heading-title elementor-size-default\">M\u00e1s de 15 a\u00f1os de experiencia exportando nuestros productos a todo el mundo<\/h2>\t\t\t\t<\/div>\n\t\t\t\t<\/div>\n\t\t\t\t<div class=\"elementor-element elementor-element-f8f21e7 elementor-widget elementor-widget-text-editor\" data-id=\"f8f21e7\" data-element_type=\"widget\" data-widget_type=\"text-editor.default\">\n\t\t\t\t<div class=\"elementor-widget-container\">\n\t\t\t\t\t\t\t\t\t<p><strong>Toprise<\/strong> es un proveedor mundial de soluciones integradas de seguridad y espacio p\u00fablico, dedicado a suministrar productos y servicios de alta calidad que combinan funcionalidad, durabilidad y est\u00e9tica. <br \/>Fundada en 2009, hemos pasado de ser un peque\u00f1o fabricante a un socio de confianza para clientes de m\u00e1s de 30 pa\u00edses de todo el mundo.<br \/><br \/>Nuestra cartera de productos abarca <strong>Equipos de protecci\u00f3n individual (EPI), productos de seguridad vial, instalaciones p\u00fablicas al aire libre y productos a medida de acero inoxidable y PRFV<\/strong>. <br \/>Ofrecemos soluciones integrales, desde el dise\u00f1o conceptual, la selecci\u00f3n de materiales y la producci\u00f3n hasta la log\u00edstica global y la asistencia posventa.<br \/><br \/>Con unas instalaciones de fabricaci\u00f3n de \u00faltima generaci\u00f3n y un cualificado equipo de I+D, nos encargamos tanto de proyectos est\u00e1ndar como altamente personalizados, satisfaciendo las necesidades de industrias, municipios, espacios comerciales e instalaciones art\u00edsticas. <br \/>Nuestro estricto proceso de control de calidad, respaldado por certificaciones como [ISO\/CE\/SGS], garantiza que cada producto cumple las normas internacionales.<br \/><br \/>La misi\u00f3n de Toprise es crear entornos m\u00e1s seguros, mejores y m\u00e1s bellos. <br \/>Valoramos la innovaci\u00f3n, la fiabilidad y las asociaciones a largo plazo, colaborando estrechamente con los clientes para ofrecer soluciones a medida que superen sus expectativas.<br \/><br \/>Hemos exportado nuestros productos a m\u00e1s de 30 pa\u00edses de \u00c1frica, Norteam\u00e9rica, Sudam\u00e9rica, Oriente Medio y Europa, construyendo una s\u00f3lida presencia mundial.<\/p>\t\t\t\t\t\t\t\t<\/div>\n\t\t\t\t<\/div>\n\t\t<div class=\"elementor-element elementor-element-7e1a652 e-grid e-con-full e-con e-child\" data-id=\"7e1a652\" data-element_type=\"container\">\n\t\t\t\t<div class=\"elementor-element elementor-element-e2c54fa elementor-widget elementor-widget-text-editor\" data-id=\"e2c54fa\" data-element_type=\"widget\" data-widget_type=\"text-editor.default\">\n\t\t\t\t<div class=\"elementor-widget-container\">\n\t\t\t\t\t\t\t\t\t<p><strong><u>EPI\u00a0<\/u><\/strong><strong><u>Productos:<\/u><\/strong><\/p><ul><li data-start=\"79\" data-end=\"98\"><p data-start=\"81\" data-end=\"98\">Protecci\u00f3n de la cabeza<\/p><\/li><li data-start=\"102\" data-end=\"127\"><p data-start=\"104\" data-end=\"127\">Protecci\u00f3n ocular y facial<\/p><\/li><li data-start=\"131\" data-end=\"153\"><p data-start=\"133\" data-end=\"153\">Protecci\u00f3n auditiva<\/p><\/li><li data-start=\"157\" data-end=\"183\"><p data-start=\"159\" data-end=\"183\">Protecci\u00f3n respiratoria<\/p><\/li><li data-start=\"187\" data-end=\"206\"><p data-start=\"189\" data-end=\"206\">Protecci\u00f3n de las manos<\/p><\/li><li data-start=\"210\" data-end=\"229\"><p data-start=\"212\" data-end=\"229\">Protecci\u00f3n de los pies<\/p><\/li><li data-start=\"233\" data-end=\"266\"><p data-start=\"235\" data-end=\"266\">Protecci\u00f3n corporal y ropa de seguridad<\/p><\/li><\/ul><p>\u00a0<\/p>\t\t\t\t\t\t\t\t<\/div>\n\t\t\t\t<\/div>\n\t\t\t\t<div class=\"elementor-element elementor-element-40ac4e6 elementor-widget elementor-widget-text-editor\" data-id=\"40ac4e6\" data-element_type=\"widget\" data-widget_type=\"text-editor.default\">\n\t\t\t\t<div class=\"elementor-widget-container\">\n\t\t\t\t\t\t\t\t\t<p><strong><u><b>Productos de seguridad vial:<\/b><\/u><\/strong><\/p><ul><li data-start=\"301\" data-end=\"328\"><p data-start=\"303\" data-end=\"328\">Chalecos y ropa de seguridad<\/p><\/li><li data-start=\"332\" data-end=\"357\"><p data-start=\"334\" data-end=\"357\">Cintas y conos de advertencia<\/p><\/li><li data-start=\"361\" data-end=\"394\"><p data-start=\"363\" data-end=\"394\">Barricadas y barreras de tr\u00e1fico<\/p><\/li><li data-start=\"398\" data-end=\"418\"><p data-start=\"400\" data-end=\"418\">Se\u00f1ales reflectantes<\/p><\/li><li data-start=\"422\" data-end=\"448\"><p data-start=\"424\" data-end=\"448\">L\u00e1mparas y luces de advertencia<\/p><\/li><\/ul>\t\t\t\t\t\t\t\t<\/div>\n\t\t\t\t<\/div>\n\t\t\t\t<div class=\"elementor-element elementor-element-80bd508 elementor-widget elementor-widget-text-editor\" data-id=\"80bd508\" data-element_type=\"widget\" data-widget_type=\"text-editor.default\">\n\t\t\t\t<div class=\"elementor-widget-container\">\n\t\t\t\t\t\t\t\t\t<p><strong><u><b>Instalaciones p\u00fablicas al aire libre<\/b><\/u><\/strong><\/p><ul><li data-start=\"488\" data-end=\"507\"><p data-start=\"490\" data-end=\"507\">Bancos de exterior<\/p><\/li><li data-start=\"511\" data-end=\"538\"><p data-start=\"513\" data-end=\"538\">Papeleras de metal\/madera<\/p><\/li><li data-start=\"542\" data-end=\"576\"><p data-start=\"544\" data-end=\"576\">Lonas y cubiertas impermeables<\/p><\/li><li data-start=\"580\" data-end=\"617\"><p data-start=\"582\" data-end=\"617\">Sof\u00e1s y muebles de exterior<\/p><\/li><li data-start=\"621\" data-end=\"651\"><p data-start=\"623\" data-end=\"651\">P\u00e9rgolas de lamas de aluminio<\/p><\/li><\/ul>\t\t\t\t\t\t\t\t<\/div>\n\t\t\t\t<\/div>\n\t\t\t\t<div class=\"elementor-element elementor-element-68ca41f elementor-widget elementor-widget-text-editor\" data-id=\"68ca41f\" data-element_type=\"widget\" data-widget_type=\"text-editor.default\">\n\t\t\t\t<div class=\"elementor-widget-container\">\n\t\t\t\t\t\t\t\t\t<p><span style=\"text-decoration: underline;\"><strong>Productos de acero inoxidable y FRP<\/strong><\/span><\/p><ul><li data-start=\"696\" data-end=\"726\"><p data-start=\"698\" data-end=\"726\">Esculturas de acero inoxidable<\/p><\/li><li data-start=\"730\" data-end=\"755\"><p data-start=\"732\" data-end=\"755\">Esculturas de fibra de vidrio<\/p><\/li><li data-start=\"759\" data-end=\"792\"><p data-start=\"761\" data-end=\"792\">Bancos y jardineras de fibra de vidrio<\/p><\/li><li data-start=\"796\" data-end=\"816\"><p data-start=\"798\" data-end=\"816\">\u00c1rboles artificiales<\/p><\/li><\/ul>\t\t\t\t\t\t\t\t<\/div>\n\t\t\t\t<\/div>\n\t\t\t\t<\/div>\n\t\t\t\t\t<\/div>\n\t\t\t\t<\/div>\n\t\t<div class=\"elementor-element elementor-element-362e5ef e-flex e-con-boxed e-con e-parent\" data-id=\"362e5ef\" data-element_type=\"container\">\n\t\t\t\t\t<div class=\"e-con-inner\">\n\t\t\t\t<div class=\"elementor-element elementor-element-36107aa elementor-widget elementor-widget-heading\" data-id=\"36107aa\" data-element_type=\"widget\" data-widget_type=\"heading.default\">\n\t\t\t\t<div class=\"elementor-widget-container\">\n\t\t\t\t\t<h2 class=\"elementor-heading-title elementor-size-default\">Ventajas de elegir NINGBO TOPRISE<\/h2>\t\t\t\t<\/div>\n\t\t\t\t<\/div>\n\t\t\t\t\t<\/div>\n\t\t\t\t<\/div>\n\t\t<div class=\"elementor-element elementor-element-bcc7b74 e-flex e-con-boxed e-con e-parent\" data-id=\"bcc7b74\" data-element_type=\"container\">\n\t\t\t\t\t<div class=\"e-con-inner\">\n\t\t\t\t<div class=\"elementor-element elementor-element-81b20d1 elementor-widget elementor-widget-text-editor\" data-id=\"81b20d1\" data-element_type=\"widget\" data-widget_type=\"text-editor.default\">\n\t\t\t\t<div class=\"elementor-widget-container\">\n\t\t\t\t\t\t\t\t\t<p data-start=\"76\" data-end=\"263\"><strong data-start=\"76\" data-end=\"111\">\ud83c\udfed Amplia experiencia en el sector<\/strong><br data-start=\"111\" data-end=\"114\" \/>A\u00f1os de experiencia en protecci\u00f3n de la seguridad, seguridad vial, instalaciones p\u00fablicas y esculturas personalizadas, con una s\u00f3lida capacidad de dise\u00f1o y fabricaci\u00f3n.<\/p><p data-start=\"265\" data-end=\"409\"><strong data-start=\"265\" data-end=\"303\">\ud83c\udfa8 Gran capacidad de personalizaci\u00f3n<\/strong><br data-start=\"303\" data-end=\"306\" \/>Desde dibujos y fotos hasta conceptos creativos, ofrecemos soluciones a medida para distintos escenarios.<\/p><p data-start=\"411\" data-end=\"573\"><strong data-start=\"411\" data-end=\"449\">\ud83d\udce6 Amplia cartera de productos<\/strong><br data-start=\"449\" data-end=\"452\" \/>Suministro integral de EPI, equipos de seguridad vial, instalaciones p\u00fablicas exteriores y productos personalizados de acero inoxidable y PRFV.<\/p><p data-start=\"575\" data-end=\"711\"><strong data-start=\"575\" data-end=\"607\">\u2705 Riguroso control de calidad<\/strong><br data-start=\"607\" data-end=\"610\" \/>Inspecci\u00f3n de todo el proceso para garantizar que cada producto cumple las normas internacionales (ISO, CE, SGS, etc.).<\/p><p data-start=\"713\" data-end=\"852\"><strong data-start=\"713\" data-end=\"739\">\ud83c\udf0d Alcance mundial del mercado<\/strong><br data-start=\"739\" data-end=\"742\" \/>Productos exportados a m\u00e1s de 30 pa\u00edses de \u00c1frica, Norteam\u00e9rica, Sudam\u00e9rica, Oriente Pr\u00f3ximo y Europa.<\/p><p data-start=\"854\" data-end=\"978\"><strong data-start=\"854\" data-end=\"894\">\ud83d\udcac Comunicaci\u00f3n y servicio eficaces<\/strong><br data-start=\"894\" data-end=\"897\" \/>Equipo profesional de exportaci\u00f3n con respuesta r\u00e1pida para garantizar una ejecuci\u00f3n fluida del proyecto.<\/p><p data-start=\"980\" data-end=\"1111\"><strong data-start=\"980\" data-end=\"1016\">\ud83d\ude9a Entrega y log\u00edstica flexibles<\/strong><br data-start=\"1016\" data-end=\"1019\" \/>Env\u00edos internacionales y entregas puerta a puerta para minimizar la carga de trabajo de coordinaci\u00f3n del cliente.<\/p><p data-start=\"1113\" data-end=\"1233\"><strong data-start=\"1113\" data-end=\"1149\">\ud83d\udd27 Asistencia posventa a largo plazo<\/strong><br data-start=\"1149\" data-end=\"1152\" \/>Orientaci\u00f3n para la instalaci\u00f3n, asesoramiento para el mantenimiento y asistencia t\u00e9cnica continua.<\/p>\t\t\t\t\t\t\t\t<\/div>\n\t\t\t\t<\/div>\n\t\t\t\t\t<\/div>\n\t\t\t\t<\/div>\n\t\t\t\t<\/div>","protected":false},"excerpt":{"rendered":"<p>Who is Toprisesafetey.com?\u00a0 Toprisesafety.com was founded in 2009, and we have been in the personal protective equipment, road safety products, FRP products and outdoor goods business for more than 15 years. NINGBO TOPRISE SECURITY PRODUCTS CO.,LTD Ningbo Toprise is committed to becoming a global leader in safety and public space integrated solutions, with \u201cSafety, Durability, [&hellip;]<\/p>","protected":false},"author":1,"featured_media":13034,"parent":0,"menu_order":0,"comment_status":"closed","ping_status":"closed","template":"","meta":{"_acf_changed":false,"footnotes":""},"class_list":["post-71","page","type-page","status-publish","has-post-thumbnail","hentry"],"acf":[],"_links":{"self":[{"href":"https:\/\/toprisesafety.com\/es\/wp-json\/wp\/v2\/pages\/71"}],"collection":[{"href":"https:\/\/toprisesafety.com\/es\/wp-json\/wp\/v2\/pages"}],"about":[{"href":"https:\/\/toprisesafety.com\/es\/wp-json\/wp\/v2\/types\/page"}],"author":[{"embeddable":true,"href":"https:\/\/toprisesafety.com\/es\/wp-json\/wp\/v2\/users\/1"}],"replies":[{"embeddable":true,"href":"https:\/\/toprisesafety.com\/es\/wp-json\/wp\/v2\/comments?post=71"}],"version-history":[{"count":184,"href":"https:\/\/toprisesafety.com\/es\/wp-json\/wp\/v2\/pages\/71\/revisions"}],"predecessor-version":[{"id":15557,"href":"https:\/\/toprisesafety.com\/es\/wp-json\/wp\/v2\/pages\/71\/revisions\/15557"}],"wp:featuredmedia":[{"embeddable":true,"href":"https:\/\/toprisesafety.com\/es\/wp-json\/wp\/v2\/media\/13034"}],"wp:attachment":[{"href":"https:\/\/toprisesafety.com\/es\/wp-json\/wp\/v2\/media?parent=71"}],"curies":[{"name":"wp","href":"https:\/\/api.w.org\/{rel}","templated":true}]}}