{"id":9840,"date":"2024-12-02T08:17:49","date_gmt":"2024-12-02T08:17:49","guid":{"rendered":"https:\/\/toprisesafety.com\/?post_type=product&#038;p=9840"},"modified":"2024-12-02T08:17:49","modified_gmt":"2024-12-02T08:17:49","slug":"road-cycling-goggles","status":"publish","type":"product","link":"https:\/\/toprisesafety.com\/de\/product\/road-cycling-goggles\/","title":{"rendered":"Rennradbrille"},"content":{"rendered":"<h2><strong><b>R<\/b><\/strong><strong><b>oad <\/b><\/strong><strong><b>C<\/b><\/strong><strong><b>ycling <\/b><\/strong><strong><b>G<\/b><\/strong><strong><b>oggles<\/b><\/strong><\/h2>\n<table>\n<tbody>\n<tr>\n<td width=\"284\">ART NO.<\/td>\n<td width=\"329\">SG20<\/td>\n<\/tr>\n<tr>\n<td width=\"284\">Material<\/td>\n<td width=\"329\">TPU-Rahmen + PC-Glas<\/td>\n<\/tr>\n<tr>\n<td width=\"284\">Gr\u00f6\u00dfe<\/td>\n<td width=\"329\">Standardgr\u00f6\u00dfe f\u00fcr Erwachsene<\/td>\n<\/tr>\n<tr>\n<td width=\"284\">Farbe<\/td>\n<td width=\"329\">Verschiedene Farben zur Auswahl<\/td>\n<\/tr>\n<tr>\n<td width=\"284\">Verpacken<\/td>\n<td width=\"329\">Polybeutel, Kopfkarte, Blisterbox, Farbbox usw.<\/td>\n<\/tr>\n<tr>\n<td width=\"284\">Anmeldung<\/td>\n<td width=\"329\">Skifahren, Motorradfahren, Radfahren, Autofahren, Boarden und andere Outdoor-Sportarten<\/td>\n<\/tr>\n<\/tbody>\n<\/table>","protected":false},"excerpt":{"rendered":"<p>Art No.: SG20<\/p>\n<p>Material: TPU-Rahmen + PC-Glas<\/p>\n<p>Farbe: verschiedene Farben zur Auswahl<\/p>\n<p>Unterst\u00fctzung kundenspezifischer Pakete<\/p>\n<p>MOQ: 1000PCS, Sonderfarbe 3000PCS<\/p>","protected":false},"featured_media":9841,"template":"","meta":{"_acf_changed":false},"product_brand":[],"product_cat":[15],"product_tag":[],"class_list":{"0":"post-9840","1":"product","2":"type-product","3":"status-publish","4":"has-post-thumbnail","6":"product_cat-toprise-new-products","8":"first","9":"instock","10":"shipping-taxable","11":"product-type-simple"},"acf":[],"_links":{"self":[{"href":"https:\/\/toprisesafety.com\/de\/wp-json\/wp\/v2\/product\/9840"}],"collection":[{"href":"https:\/\/toprisesafety.com\/de\/wp-json\/wp\/v2\/product"}],"about":[{"href":"https:\/\/toprisesafety.com\/de\/wp-json\/wp\/v2\/types\/product"}],"wp:featuredmedia":[{"embeddable":true,"href":"https:\/\/toprisesafety.com\/de\/wp-json\/wp\/v2\/media\/9841"}],"wp:attachment":[{"href":"https:\/\/toprisesafety.com\/de\/wp-json\/wp\/v2\/media?parent=9840"}],"wp:term":[{"taxonomy":"product_brand","embeddable":true,"href":"https:\/\/toprisesafety.com\/de\/wp-json\/wp\/v2\/product_brand?post=9840"},{"taxonomy":"product_cat","embeddable":true,"href":"https:\/\/toprisesafety.com\/de\/wp-json\/wp\/v2\/product_cat?post=9840"},{"taxonomy":"product_tag","embeddable":true,"href":"https:\/\/toprisesafety.com\/de\/wp-json\/wp\/v2\/product_tag?post=9840"}],"curies":[{"name":"wp","href":"https:\/\/api.w.org\/{rel}","templated":true}]}}