{"id":9834,"date":"2024-12-02T08:15:17","date_gmt":"2024-12-02T08:15:17","guid":{"rendered":"https:\/\/toprisesafety.com\/?post_type=product&#038;p=9834"},"modified":"2025-03-17T04:02:44","modified_gmt":"2025-03-17T04:02:44","slug":"motorcycle-riding-goggles","status":"publish","type":"product","link":"https:\/\/toprisesafety.com\/de\/product\/motorcycle-riding-goggles\/","title":{"rendered":"Motorradfahrerbrille"},"content":{"rendered":"<h2><strong><b>Motorradfahrerbrille<\/b><\/strong><\/h2>\n<table>\n<tbody>\n<tr>\n<td width=\"284\">ART NO.<\/td>\n<td width=\"329\">SG19<\/td>\n<\/tr>\n<tr>\n<td width=\"284\">Material<\/td>\n<td width=\"329\">TPU-Rahmen + PC-Glas<\/td>\n<\/tr>\n<tr>\n<td width=\"284\">Gr\u00f6\u00dfe<\/td>\n<td width=\"329\">Standardgr\u00f6\u00dfe f\u00fcr Erwachsene<\/td>\n<\/tr>\n<tr>\n<td width=\"284\">Farbe<\/td>\n<td width=\"329\">Verschiedene Farben zur Auswahl<\/td>\n<\/tr>\n<tr>\n<td width=\"284\">Verpacken<\/td>\n<td width=\"329\">Polybeutel, Kopfkarte, Blisterbox, Farbbox usw.<\/td>\n<\/tr>\n<tr>\n<td width=\"284\">Anmeldung<\/td>\n<td width=\"329\">Skifahren, Motorradfahren, Radfahren, Autofahren, Boarden und andere Outdoor-Sportarten<\/td>\n<\/tr>\n<\/tbody>\n<\/table>\n<p>TOPRISE unterst\u00fctzt verschiedene Arten der Anpassung von Schutzbrillen; klicken Sie hier, um <a href=\"https:\/\/toprisesafety.com\/de\/product-category\/personal-protective-equipment\/eye-protection\/safety-goggles\/\">Weitere Modelle von Schutzbrillen anzeigen<\/a>.<\/p>\n<p>Wenn Sie die erforderliche Schutzbrille nicht finden, <a href=\"https:\/\/toprisesafety.com\/de\/contact-us\/\">Kontaktieren Sie uns<\/a>; wir unterst\u00fctzen spezielle Anpassungen.<\/p>","protected":false},"excerpt":{"rendered":"<p>Art-Nr.: SG19<\/p>\n<p>Material: TPU-Rahmen + PC-Glas<\/p>\n<p>Farbe: verschiedene Farben zur Auswahl<\/p>\n<p>Unterst\u00fctzung kundenspezifischer Pakete<\/p>\n<p>MOQ: 1000PCS, Sonderfarbe 3000PCS<\/p>","protected":false},"featured_media":9835,"template":"","meta":{"_acf_changed":false},"product_brand":[],"product_cat":[357,358],"product_tag":[],"class_list":{"0":"post-9834","1":"product","2":"type-product","3":"status-publish","4":"has-post-thumbnail","6":"product_cat-eye-protection","7":"product_cat-safety-goggles","9":"first","10":"instock","11":"shipping-taxable","12":"product-type-simple"},"acf":[],"_links":{"self":[{"href":"https:\/\/toprisesafety.com\/de\/wp-json\/wp\/v2\/product\/9834"}],"collection":[{"href":"https:\/\/toprisesafety.com\/de\/wp-json\/wp\/v2\/product"}],"about":[{"href":"https:\/\/toprisesafety.com\/de\/wp-json\/wp\/v2\/types\/product"}],"wp:featuredmedia":[{"embeddable":true,"href":"https:\/\/toprisesafety.com\/de\/wp-json\/wp\/v2\/media\/9835"}],"wp:attachment":[{"href":"https:\/\/toprisesafety.com\/de\/wp-json\/wp\/v2\/media?parent=9834"}],"wp:term":[{"taxonomy":"product_brand","embeddable":true,"href":"https:\/\/toprisesafety.com\/de\/wp-json\/wp\/v2\/product_brand?post=9834"},{"taxonomy":"product_cat","embeddable":true,"href":"https:\/\/toprisesafety.com\/de\/wp-json\/wp\/v2\/product_cat?post=9834"},{"taxonomy":"product_tag","embeddable":true,"href":"https:\/\/toprisesafety.com\/de\/wp-json\/wp\/v2\/product_tag?post=9834"}],"curies":[{"name":"wp","href":"https:\/\/api.w.org\/{rel}","templated":true}]}}