{"id":9651,"date":"2024-11-28T05:41:26","date_gmt":"2024-11-28T05:41:26","guid":{"rendered":"https:\/\/toprisesafety.com\/?post_type=product&#038;p=9651"},"modified":"2025-03-14T07:04:43","modified_gmt":"2025-03-14T07:04:43","slug":"anti-uv-safety-glasses","status":"publish","type":"product","link":"https:\/\/toprisesafety.com\/de\/product\/anti-uv-safety-glasses\/","title":{"rendered":"Anti UV Schutzbrille"},"content":{"rendered":"<h2><strong><b>A<\/b><\/strong><strong><b>nti <\/b><\/strong><strong><b>UV<\/b><\/strong><strong><b>\u00a0<\/b><\/strong><strong><b>S<\/b><\/strong><strong><b>afety <\/b><\/strong><strong><b>G<\/b><\/strong><strong><b>M\u00e4dels<\/b><\/strong><\/h2>\n<table>\n<tbody>\n<tr>\n<td width=\"284\">ART NO.<\/td>\n<td width=\"284\">SG08<\/td>\n<\/tr>\n<tr>\n<td width=\"284\">Material<\/td>\n<td width=\"284\">PC-Glas und -Beine, Nasenpolster aus weichem Gummi<\/td>\n<\/tr>\n<tr>\n<td width=\"284\">Funktion<\/td>\n<td width=\"284\">Anti-UV, Anti-Kratz, Anti-Beschlag f\u00fcr die Wahl<\/td>\n<\/tr>\n<tr>\n<td width=\"284\">Gr\u00f6\u00dfe<\/td>\n<td width=\"284\">Standardgr\u00f6\u00dfe f\u00fcr Erwachsene<\/td>\n<\/tr>\n<tr>\n<td width=\"284\">Farbe<\/td>\n<td width=\"284\">Klar, dunkelgrau, gelb, blau, gelbbraun<\/td>\n<\/tr>\n<tr>\n<td width=\"284\">Verpacken<\/td>\n<td width=\"284\">Polybeutel, Kopfkarte, Blisterbox, Farbbox usw.<\/td>\n<\/tr>\n<tr>\n<td width=\"284\">Anmeldung<\/td>\n<td width=\"284\">Bauwesen, Industrie, Bergbau, Landwirtschaft, Reiten, Labor, Milit\u00e4r, \u00d6l usw.<\/td>\n<\/tr>\n<\/tbody>\n<\/table>\n<p>TOPRISE unterst\u00fctzt verschiedene Arten der Anpassung von Sicherheits- und Schwei\u00dferbrillen; klicken Sie auf <a href=\"https:\/\/toprisesafety.com\/de\/product-category\/personal-protective-equipment\/eye-protection\/safety-glasses\/\">weitere Modelle von Schutzbrillen und Schwei\u00dferbrillen ansehen<\/a>.<\/p>\n<p>Wenn Sie Ihre ben\u00f6tigte Schutzbrille oder Schwei\u00dferbrille nicht finden k\u00f6nnen, <a href=\"https:\/\/toprisesafety.com\/de\/contact-us\/\">Kontaktieren Sie uns<\/a>; wir unterst\u00fctzen spezielle Anpassungen.<\/p>\n<p>&nbsp;<\/p>","protected":false},"excerpt":{"rendered":"<p>Art-Nr.: SG13<\/p>\n<p>Material: PC-Glas und -F\u00fc\u00dfe, Nasenauflage aus weichem Gummi<\/p>\n<p>Farbe: Klar, dunkelgrau, gelb, blau usw.<\/p>\n<p>Merkmal: Anti-UV, Anti-Kratzer, Anti-Beschlag f\u00fcr Wahl<\/p>\n<p>Unterst\u00fctzung kundenspezifischer Pakete<\/p>\n<p>MOQ: 1200PCS, Sonderfarbe 3600PCS<\/p>","protected":false},"featured_media":9653,"template":"","meta":{"_acf_changed":false},"product_brand":[],"product_cat":[360,357],"product_tag":[],"class_list":{"0":"post-9651","1":"product","2":"type-product","3":"status-publish","4":"has-post-thumbnail","6":"product_cat-safety-glasses","7":"product_cat-eye-protection","9":"first","10":"instock","11":"shipping-taxable","12":"product-type-simple"},"acf":[],"_links":{"self":[{"href":"https:\/\/toprisesafety.com\/de\/wp-json\/wp\/v2\/product\/9651"}],"collection":[{"href":"https:\/\/toprisesafety.com\/de\/wp-json\/wp\/v2\/product"}],"about":[{"href":"https:\/\/toprisesafety.com\/de\/wp-json\/wp\/v2\/types\/product"}],"wp:featuredmedia":[{"embeddable":true,"href":"https:\/\/toprisesafety.com\/de\/wp-json\/wp\/v2\/media\/9653"}],"wp:attachment":[{"href":"https:\/\/toprisesafety.com\/de\/wp-json\/wp\/v2\/media?parent=9651"}],"wp:term":[{"taxonomy":"product_brand","embeddable":true,"href":"https:\/\/toprisesafety.com\/de\/wp-json\/wp\/v2\/product_brand?post=9651"},{"taxonomy":"product_cat","embeddable":true,"href":"https:\/\/toprisesafety.com\/de\/wp-json\/wp\/v2\/product_cat?post=9651"},{"taxonomy":"product_tag","embeddable":true,"href":"https:\/\/toprisesafety.com\/de\/wp-json\/wp\/v2\/product_tag?post=9651"}],"curies":[{"name":"wp","href":"https:\/\/api.w.org\/{rel}","templated":true}]}}