{"id":9214,"date":"2024-11-12T07:24:04","date_gmt":"2024-11-12T07:24:04","guid":{"rendered":"https:\/\/toprisesafety.com\/?post_type=product&#038;p=9214"},"modified":"2025-03-24T04:41:12","modified_gmt":"2025-03-24T04:41:12","slug":"solar-eclipse-welding-mask","status":"publish","type":"product","link":"https:\/\/toprisesafety.com\/de\/product\/solar-eclipse-welding-mask\/","title":{"rendered":"Solar Eclipse Schwei\u00dferschutzmaske"},"content":{"rendered":"<h2><strong><b>Solar Eclipse Schwei\u00dferschutzmaske<\/b><\/strong><\/h2>\n<table>\n<tbody>\n<tr>\n<td width=\"284\">ART NO.<\/td>\n<td width=\"284\">WMA08<\/td>\n<\/tr>\n<tr>\n<td width=\"284\">Aktiver Sichtbereich<\/td>\n<td width=\"284\">108\u00d750MM<\/td>\n<\/tr>\n<tr>\n<td width=\"284\">Licht-Schatten<\/td>\n<td width=\"284\">DIN3<\/td>\n<\/tr>\n<tr>\n<td width=\"284\">Dunkler Farbton<\/td>\n<td width=\"284\">DIN9-13<\/td>\n<\/tr>\n<tr>\n<td width=\"284\">Einstellung des Dunkelzustands<\/td>\n<td width=\"284\">NO<\/td>\n<\/tr>\n<tr>\n<td width=\"284\">SenSitivity-Einstellung<\/td>\n<td width=\"284\">NO<\/td>\n<\/tr>\n<tr>\n<td width=\"284\">Umschaltzeit<\/td>\n<td width=\"284\">1\/25000S<\/td>\n<\/tr>\n<tr>\n<td width=\"284\">Verz\u00f6gerungszeit<\/td>\n<td width=\"284\">0,01ms<\/td>\n<\/tr>\n<tr>\n<td width=\"284\">Stromversorgung<\/td>\n<td width=\"284\">Solarversorgung<\/td>\n<\/tr>\n<tr>\n<td width=\"284\">Gewicht<\/td>\n<td width=\"284\">300G\/PC<\/td>\n<\/tr>\n<tr>\n<td width=\"284\">Verpacken<\/td>\n<td width=\"284\">Jedes St\u00fcck pro Opp Bag Verpackung, 20PCS\/CTN<\/td>\n<\/tr>\n<tr>\n<td width=\"284\">Gr\u00f6\u00dfe des Kartons<\/td>\n<td width=\"284\">50\u00d733\u00d765CM<\/td>\n<\/tr>\n<tr>\n<td width=\"284\">N\/G.W<\/td>\n<td width=\"284\">6\/7KGS<\/td>\n<\/tr>\n<tr>\n<td width=\"284\">OEM-Dienst<\/td>\n<td width=\"284\">Ja<\/td>\n<\/tr>\n<\/tbody>\n<\/table>\n<p>TOPRISE unterst\u00fctzt verschiedene Arten der Anpassung von Schwei\u00dfmasken und Schwei\u00dfhelmen; klicken Sie hier, um<a href=\"https:\/\/toprisesafety.com\/de\/product-category\/personal-protective-equipment\/face-protection\/welding-helmet\/\"> weitere Modelle von Schwei\u00dfmasken und Schwei\u00dfhelmen ansehen.<\/a><\/p>\n<p>Wenn Sie Ihre ben\u00f6tigten Schwei\u00dfmasken und Schwei\u00dfhelme nicht finden, <a href=\"https:\/\/toprisesafety.com\/de\/contact-us\/\">Kontaktieren Sie uns<\/a>; wir unterst\u00fctzen spezielle Anpassungen.<\/p>","protected":false},"excerpt":{"rendered":"<p>Art.Nr. : WMA09<\/p>\n<p>Material: PP<\/p>\n<p>Farbe: Schwarz<\/p>\n<p>Aktive Betrachtungsfl\u00e4che: 108\u00d750MM<\/p>\n<p>Dunkler Farbton: Din 9-13<\/p>\n<p>Haben auch normale Desigh-Schwei\u00dfmaske zur Auswahl.<\/p>\n<p>MOQ: 60PCS<\/p>","protected":false},"featured_media":9216,"template":"","meta":{"_acf_changed":false},"product_brand":[],"product_cat":[361,363,362],"product_tag":[],"class_list":{"0":"post-9214","1":"product","2":"type-product","3":"status-publish","4":"has-post-thumbnail","6":"product_cat-face-protection","7":"product_cat-auto-welding-helmet","8":"product_cat-welding-helmet","10":"first","11":"instock","12":"shipping-taxable","13":"product-type-simple"},"acf":[],"_links":{"self":[{"href":"https:\/\/toprisesafety.com\/de\/wp-json\/wp\/v2\/product\/9214"}],"collection":[{"href":"https:\/\/toprisesafety.com\/de\/wp-json\/wp\/v2\/product"}],"about":[{"href":"https:\/\/toprisesafety.com\/de\/wp-json\/wp\/v2\/types\/product"}],"wp:featuredmedia":[{"embeddable":true,"href":"https:\/\/toprisesafety.com\/de\/wp-json\/wp\/v2\/media\/9216"}],"wp:attachment":[{"href":"https:\/\/toprisesafety.com\/de\/wp-json\/wp\/v2\/media?parent=9214"}],"wp:term":[{"taxonomy":"product_brand","embeddable":true,"href":"https:\/\/toprisesafety.com\/de\/wp-json\/wp\/v2\/product_brand?post=9214"},{"taxonomy":"product_cat","embeddable":true,"href":"https:\/\/toprisesafety.com\/de\/wp-json\/wp\/v2\/product_cat?post=9214"},{"taxonomy":"product_tag","embeddable":true,"href":"https:\/\/toprisesafety.com\/de\/wp-json\/wp\/v2\/product_tag?post=9214"}],"curies":[{"name":"wp","href":"https:\/\/api.w.org\/{rel}","templated":true}]}}