{"id":9198,"date":"2024-11-12T06:38:31","date_gmt":"2024-11-12T06:38:31","guid":{"rendered":"https:\/\/toprisesafety.com\/?post_type=product&#038;p=9198"},"modified":"2025-03-24T04:43:04","modified_gmt":"2025-03-24T04:43:04","slug":"welding-mask-auto-darkening","status":"publish","type":"product","link":"https:\/\/toprisesafety.com\/de\/product\/welding-mask-auto-darkening\/","title":{"rendered":"Schwei\u00dferschutzmaske mit automatischer Verdunkelung"},"content":{"rendered":"<h2><strong><b>Schwei\u00dferschutzmaske mit automatischer Verdunkelung<\/b><\/strong><\/h2>\n<table>\n<tbody>\n<tr>\n<td width=\"284\">ART NO.<\/td>\n<td width=\"284\">WMA05<\/td>\n<\/tr>\n<tr>\n<td width=\"284\">Filter Gr\u00f6\u00dfe<\/td>\n<td width=\"284\">107\u00d750\u00d75MM<\/td>\n<\/tr>\n<tr>\n<td width=\"284\">Aktiver Sichtbereich<\/td>\n<td width=\"284\">90\u00d730MM<\/td>\n<\/tr>\n<tr>\n<td width=\"284\">Licht-Schatten<\/td>\n<td width=\"284\">DIN4<\/td>\n<\/tr>\n<tr>\n<td width=\"284\">Dunkler Farbton<\/td>\n<td width=\"284\">DIN3-11<\/td>\n<\/tr>\n<tr>\n<td width=\"284\">Einstellung des Dunkelzustands<\/td>\n<td width=\"284\">NO<\/td>\n<\/tr>\n<tr>\n<td width=\"284\">SenSitivity-Einstellung<\/td>\n<td width=\"284\">NO<\/td>\n<\/tr>\n<tr>\n<td width=\"284\">Umschaltzeit<\/td>\n<td width=\"284\">1\/15000S<\/td>\n<\/tr>\n<tr>\n<td width=\"284\">Verz\u00f6gerungszeit<\/td>\n<td width=\"284\">0.2s<\/td>\n<\/tr>\n<tr>\n<td width=\"284\">Stromversorgung<\/td>\n<td width=\"284\">Lithium-Batterie &amp; Solarversorgung<\/td>\n<\/tr>\n<tr>\n<td width=\"284\">Verwandte Kapazit\u00e4t der Lithium-Batterie<\/td>\n<td width=\"284\">60mAh<\/td>\n<\/tr>\n<tr>\n<td width=\"284\">Betriebsgradaginst UVB<\/td>\n<td width=\"284\">DIN16<\/td>\n<\/tr>\n<tr>\n<td width=\"284\">Lampe<\/td>\n<td width=\"284\">Mit oder ohne Lampe zur Auswahl<\/td>\n<\/tr>\n<tr>\n<td width=\"284\">Gewicht<\/td>\n<td width=\"284\">275G\/PC<\/td>\n<\/tr>\n<tr>\n<td width=\"284\">Verpacken<\/td>\n<td width=\"284\">Jeder pc pro opp Beutel, 30PCS\/CTN<\/td>\n<\/tr>\n<tr>\n<td width=\"284\">Gr\u00f6\u00dfe des Kartons<\/td>\n<td width=\"284\">50\u00d733\u00d765CM<\/td>\n<\/tr>\n<\/tbody>\n<\/table>\n<p>TOPRISE unterst\u00fctzt verschiedene Arten der Anpassung von Schwei\u00dfmasken und Schwei\u00dfhelmen; klicken Sie hier, um<a href=\"https:\/\/toprisesafety.com\/de\/product-category\/personal-protective-equipment\/face-protection\/welding-helmet\/\"> weitere Modelle von Schwei\u00dfmasken und Schwei\u00dfhelmen ansehen.<\/a><\/p>\n<p>Wenn Sie Ihre ben\u00f6tigten Schwei\u00dfmasken und Schwei\u00dfhelme nicht finden, <a href=\"https:\/\/toprisesafety.com\/de\/contact-us\/\">Kontaktieren Sie uns<\/a>; wir unterst\u00fctzen spezielle Anpassungen.<\/p>","protected":false},"excerpt":{"rendered":"<p>Art.Nr. : WMA05<\/p>\n<p>Material: PP<\/p>\n<p>Farbe: Schwarz<\/p>\n<p>Aktive Betrachtungsfl\u00e4che: 90\u00d730MM<\/p>\n<p>Dunkler Farbton: Din 3-11<\/p>\n<p>Wahlweise mit Lampe oder ohne Lampe an der Vorderseite<\/p>\n<p>MOQ: 60PCS<\/p>","protected":false},"featured_media":9199,"template":"","meta":{"_acf_changed":false},"product_brand":[],"product_cat":[361,363,362],"product_tag":[],"class_list":{"0":"post-9198","1":"product","2":"type-product","3":"status-publish","4":"has-post-thumbnail","6":"product_cat-face-protection","7":"product_cat-auto-welding-helmet","8":"product_cat-welding-helmet","10":"first","11":"instock","12":"shipping-taxable","13":"product-type-simple"},"acf":[],"_links":{"self":[{"href":"https:\/\/toprisesafety.com\/de\/wp-json\/wp\/v2\/product\/9198"}],"collection":[{"href":"https:\/\/toprisesafety.com\/de\/wp-json\/wp\/v2\/product"}],"about":[{"href":"https:\/\/toprisesafety.com\/de\/wp-json\/wp\/v2\/types\/product"}],"wp:featuredmedia":[{"embeddable":true,"href":"https:\/\/toprisesafety.com\/de\/wp-json\/wp\/v2\/media\/9199"}],"wp:attachment":[{"href":"https:\/\/toprisesafety.com\/de\/wp-json\/wp\/v2\/media?parent=9198"}],"wp:term":[{"taxonomy":"product_brand","embeddable":true,"href":"https:\/\/toprisesafety.com\/de\/wp-json\/wp\/v2\/product_brand?post=9198"},{"taxonomy":"product_cat","embeddable":true,"href":"https:\/\/toprisesafety.com\/de\/wp-json\/wp\/v2\/product_cat?post=9198"},{"taxonomy":"product_tag","embeddable":true,"href":"https:\/\/toprisesafety.com\/de\/wp-json\/wp\/v2\/product_tag?post=9198"}],"curies":[{"name":"wp","href":"https:\/\/api.w.org\/{rel}","templated":true}]}}