{"id":9188,"date":"2024-11-12T06:27:59","date_gmt":"2024-11-12T06:27:59","guid":{"rendered":"https:\/\/toprisesafety.com\/?post_type=product&#038;p=9188"},"modified":"2025-03-24T04:43:49","modified_gmt":"2025-03-24T04:43:49","slug":"auto-dark-welding-mask","status":"publish","type":"product","link":"https:\/\/toprisesafety.com\/de\/product\/auto-dark-welding-mask\/","title":{"rendered":"Auto Dark Schwei\u00dferschutzmaske"},"content":{"rendered":"<h2><strong><b>Auto Dark Schwei\u00dferschutzmaske<\/b><\/strong><\/h2>\n<p><iframe title=\"Auto dunkel Schwei\u00dfen Maske China Herstellung Toprise\" width=\"800\" height=\"450\" src=\"https:\/\/www.youtube.com\/embed\/wgprTePUpKE?feature=oembed\" frameborder=\"0\" allow=\"accelerometer; autoplay; clipboard-write; encrypted-media; gyroscope; picture-in-picture; web-share\" referrerpolicy=\"strict-origin-when-cross-origin\" allowfullscreen><\/iframe><\/p>\n<table>\n<tbody>\n<tr>\n<td width=\"284\">ART NO.<\/td>\n<td width=\"284\">WMA05<\/td>\n<\/tr>\n<tr>\n<td width=\"284\">Filter Gr\u00f6\u00dfe<\/td>\n<td width=\"284\">110\u00d790\u00d710MM<\/td>\n<\/tr>\n<tr>\n<td width=\"284\">Aktiver Sichtbereich<\/td>\n<td width=\"284\">92\u00d742MM<\/td>\n<\/tr>\n<tr>\n<td width=\"284\">Licht-Schatten<\/td>\n<td width=\"284\">DIN4<\/td>\n<\/tr>\n<tr>\n<td width=\"284\">Dunkler Farbton<\/td>\n<td width=\"284\">DIN9-13<\/td>\n<\/tr>\n<tr>\n<td width=\"284\">Einstellung des Dunkelzustands<\/td>\n<td width=\"284\">Externe Anpassung<\/td>\n<\/tr>\n<tr>\n<td width=\"284\">SenSitivity-Einstellung<\/td>\n<td width=\"284\">Interne Anpassung<\/td>\n<\/tr>\n<tr>\n<td width=\"284\">Umschaltzeit<\/td>\n<td width=\"284\">1\/15000S<\/td>\n<\/tr>\n<tr>\n<td width=\"284\">Verz\u00f6gerungszeit<\/td>\n<td width=\"284\">0.1-12s<\/td>\n<\/tr>\n<tr>\n<td width=\"284\">Stromversorgung<\/td>\n<td width=\"284\">Lithium-Batterie &amp; Solarversorgung<\/td>\n<\/tr>\n<tr>\n<td width=\"284\">Verwandte Kapazit\u00e4t der Lithium-Batterie<\/td>\n<td width=\"284\">60mAh<\/td>\n<\/tr>\n<tr>\n<td width=\"284\">Betriebsgradaginst UVB<\/td>\n<td width=\"284\">DIN16<\/td>\n<\/tr>\n<tr>\n<td width=\"284\">Gewicht<\/td>\n<td width=\"284\">445G\/PC<\/td>\n<\/tr>\n<tr>\n<td width=\"284\">Bulk-Verpackung<\/td>\n<td width=\"284\">Gro\u00dfpackung, 20PCS pro Karton, 50\u00d733\u00d765CM<\/td>\n<\/tr>\n<tr>\n<td width=\"284\">Farbe Box Verpackung<\/td>\n<td width=\"284\">Farbige Schachtel, 6PCS pro Karton, 80\u00d747\u00d741CM<\/td>\n<\/tr>\n<\/tbody>\n<\/table>\n<p>TOPRISE unterst\u00fctzt verschiedene Arten der Anpassung von Schwei\u00dfmasken und Schwei\u00dfhelmen; klicken Sie hier, um<a href=\"https:\/\/toprisesafety.com\/de\/product-category\/personal-protective-equipment\/face-protection\/welding-helmet\/\"> weitere Modelle von Schwei\u00dfmasken und Schwei\u00dfhelmen ansehen.<\/a><\/p>\n<p>Wenn Sie Ihre ben\u00f6tigten Schwei\u00dfmasken und Schwei\u00dfhelme nicht finden, <a href=\"https:\/\/toprisesafety.com\/de\/contact-us\/\">Kontaktieren Sie uns<\/a>; wir unterst\u00fctzen spezielle Anpassungen.<\/p>","protected":false},"excerpt":{"rendered":"<p>Art.Nr. : WMA05<\/p>\n<p>Material: PP<\/p>\n<p>Farbe: Schwarz<\/p>\n<p>Active Viewing\u00a0area: 92*42MM<\/p>\n<p>Dunkler Farbton: Din 9-13<\/p>\n<p>MOQ: 40PCS<\/p>","protected":false},"featured_media":9191,"template":"","meta":{"_acf_changed":false},"product_brand":[],"product_cat":[361,363,362],"product_tag":[],"class_list":{"0":"post-9188","1":"product","2":"type-product","3":"status-publish","4":"has-post-thumbnail","6":"product_cat-face-protection","7":"product_cat-auto-welding-helmet","8":"product_cat-welding-helmet","10":"first","11":"instock","12":"shipping-taxable","13":"product-type-simple"},"acf":[],"_links":{"self":[{"href":"https:\/\/toprisesafety.com\/de\/wp-json\/wp\/v2\/product\/9188"}],"collection":[{"href":"https:\/\/toprisesafety.com\/de\/wp-json\/wp\/v2\/product"}],"about":[{"href":"https:\/\/toprisesafety.com\/de\/wp-json\/wp\/v2\/types\/product"}],"wp:featuredmedia":[{"embeddable":true,"href":"https:\/\/toprisesafety.com\/de\/wp-json\/wp\/v2\/media\/9191"}],"wp:attachment":[{"href":"https:\/\/toprisesafety.com\/de\/wp-json\/wp\/v2\/media?parent=9188"}],"wp:term":[{"taxonomy":"product_brand","embeddable":true,"href":"https:\/\/toprisesafety.com\/de\/wp-json\/wp\/v2\/product_brand?post=9188"},{"taxonomy":"product_cat","embeddable":true,"href":"https:\/\/toprisesafety.com\/de\/wp-json\/wp\/v2\/product_cat?post=9188"},{"taxonomy":"product_tag","embeddable":true,"href":"https:\/\/toprisesafety.com\/de\/wp-json\/wp\/v2\/product_tag?post=9188"}],"curies":[{"name":"wp","href":"https:\/\/api.w.org\/{rel}","templated":true}]}}