{"id":9159,"date":"2024-11-12T02:10:44","date_gmt":"2024-11-12T02:10:44","guid":{"rendered":"https:\/\/toprisesafety.com\/?post_type=product&#038;p=9159"},"modified":"2025-03-24T04:45:08","modified_gmt":"2025-03-24T04:45:08","slug":"personalised-welding-mask","status":"publish","type":"product","link":"https:\/\/toprisesafety.com\/de\/product\/personalised-welding-mask\/","title":{"rendered":"Personalisierte Schwei\u00dfer-Maske"},"content":{"rendered":"<h2>Personalisierte Schwei\u00dfer-Maske<\/h2>\n<table>\n<tbody>\n<tr>\n<td width=\"284\">ART NO.<\/td>\n<td width=\"284\">WM10<\/td>\n<\/tr>\n<tr>\n<td width=\"284\">Material<\/td>\n<td width=\"284\">PC<\/td>\n<\/tr>\n<tr>\n<td width=\"284\">Farbton Nr.<\/td>\n<td width=\"284\">#7 schwarz (#7-#14 zur Auswahl)<\/td>\n<\/tr>\n<tr>\n<td width=\"284\">Gr\u00f6\u00dfe des Produkts<\/td>\n<td width=\"284\">18.8\u00d717.8CM<\/td>\n<\/tr>\n<tr>\n<td width=\"284\">Karton Menge<\/td>\n<td width=\"284\">1PC pro neutrale Farbe Box Verpackung, 25PCS pro Karton<\/td>\n<\/tr>\n<tr>\n<td width=\"284\">Gr\u00f6\u00dfe des Kartons<\/td>\n<td width=\"284\">50\u00d740\u00d740CM<\/td>\n<\/tr>\n<tr>\n<td width=\"284\">N\/G.W<\/td>\n<td width=\"284\">6.04\/6.5KGS<\/td>\n<\/tr>\n<tr>\n<td width=\"284\">Anmeldung<\/td>\n<td width=\"284\">Schutz, Schwei\u00dfen, Schneiden, Technik<\/td>\n<\/tr>\n<\/tbody>\n<\/table>\n<p>TOPRISE unterst\u00fctzt verschiedene Arten der Anpassung von Schwei\u00dfmasken und Schwei\u00dfhelmen; klicken Sie hier, um<a href=\"https:\/\/toprisesafety.com\/de\/product-category\/personal-protective-equipment\/face-protection\/welding-helmet\/\"> weitere Modelle von Schwei\u00dfmasken und Schwei\u00dfhelmen ansehen.<\/a><\/p>\n<p>Wenn Sie Ihre ben\u00f6tigten Schwei\u00dfmasken und Schwei\u00dfhelme nicht finden, <a href=\"https:\/\/toprisesafety.com\/de\/contact-us\/\">Kontaktieren Sie uns<\/a>; wir unterst\u00fctzen spezielle Anpassungen.<\/p>","protected":false},"excerpt":{"rendered":"<p>Art.Nr.: WM10<\/p>\n<p>Material: PC<\/p>\n<p>Farbe: Schwarz<\/p>\n<p>Farbton Nr.: #7<\/p>\n<p>MOQ: 500PCS( Wenn Sie den Farbton benutzerdefinierte Nr., m\u00fcssen MOQ 1000 St\u00fcck)<\/p>","protected":false},"featured_media":9160,"template":"","meta":{"_acf_changed":false},"product_brand":[],"product_cat":[361,364,362],"product_tag":[],"class_list":{"0":"post-9159","1":"product","2":"type-product","3":"status-publish","4":"has-post-thumbnail","6":"product_cat-face-protection","7":"product_cat-normal-welding-helmet","8":"product_cat-welding-helmet","10":"first","11":"instock","12":"shipping-taxable","13":"product-type-simple"},"acf":[],"_links":{"self":[{"href":"https:\/\/toprisesafety.com\/de\/wp-json\/wp\/v2\/product\/9159","targetHints":{"allow":["GET"]}}],"collection":[{"href":"https:\/\/toprisesafety.com\/de\/wp-json\/wp\/v2\/product"}],"about":[{"href":"https:\/\/toprisesafety.com\/de\/wp-json\/wp\/v2\/types\/product"}],"wp:featuredmedia":[{"embeddable":true,"href":"https:\/\/toprisesafety.com\/de\/wp-json\/wp\/v2\/media\/9160"}],"wp:attachment":[{"href":"https:\/\/toprisesafety.com\/de\/wp-json\/wp\/v2\/media?parent=9159"}],"wp:term":[{"taxonomy":"product_brand","embeddable":true,"href":"https:\/\/toprisesafety.com\/de\/wp-json\/wp\/v2\/product_brand?post=9159"},{"taxonomy":"product_cat","embeddable":true,"href":"https:\/\/toprisesafety.com\/de\/wp-json\/wp\/v2\/product_cat?post=9159"},{"taxonomy":"product_tag","embeddable":true,"href":"https:\/\/toprisesafety.com\/de\/wp-json\/wp\/v2\/product_tag?post=9159"}],"curies":[{"name":"wp","href":"https:\/\/api.w.org\/{rel}","templated":true}]}}