{"id":9148,"date":"2024-11-12T01:59:27","date_gmt":"2024-11-12T01:59:27","guid":{"rendered":"https:\/\/toprisesafety.com\/?post_type=product&#038;p=9148"},"modified":"2025-03-24T04:46:14","modified_gmt":"2025-03-24T04:46:14","slug":"auto-dimming-welding-mask","status":"publish","type":"product","link":"https:\/\/toprisesafety.com\/de\/product\/auto-dimming-welding-mask\/","title":{"rendered":"Automatisch dimmende Schwei\u00dfmaske"},"content":{"rendered":"<h2>Automatisch dimmende Schwei\u00dfmaske<\/h2>\n<table>\n<tbody>\n<tr>\n<td width=\"284\">ART NO.<\/td>\n<td width=\"284\">WM11<\/td>\n<\/tr>\n<tr>\n<td width=\"284\">Material<\/td>\n<td width=\"284\">Rindspaltleder<\/td>\n<\/tr>\n<tr>\n<td width=\"284\">Farbton Nr.<\/td>\n<td width=\"284\">#9-#13 automatisch<\/td>\n<\/tr>\n<tr>\n<td width=\"284\">Gr\u00f6\u00dfe des Produkts<\/td>\n<td width=\"284\">21\u00d725CM<\/td>\n<\/tr>\n<tr>\n<td width=\"284\">Karton Menge<\/td>\n<td width=\"284\">1PC pro neutrale Farbe Box, 40PCS pro Karton<\/td>\n<\/tr>\n<tr>\n<td width=\"284\">Gr\u00f6\u00dfe des Kartons<\/td>\n<td width=\"284\">57.5\u00d746\u00d756.5CM<\/td>\n<\/tr>\n<tr>\n<td width=\"284\">N\/G.W<\/td>\n<td width=\"284\">11\/11.5KGS<\/td>\n<\/tr>\n<tr>\n<td width=\"284\">Anmeldung<\/td>\n<td width=\"284\">Schutz, Schwei\u00dfen, Schneiden, Technik<\/td>\n<\/tr>\n<\/tbody>\n<\/table>\n<p>TOPRISE unterst\u00fctzt verschiedene Arten der Anpassung von Schwei\u00dfmasken und Schwei\u00dfhelmen; klicken Sie hier, um<a href=\"https:\/\/toprisesafety.com\/de\/product-category\/personal-protective-equipment\/face-protection\/welding-helmet\/\"> weitere Modelle von Schwei\u00dfmasken und Schwei\u00dfhelmen ansehen.<\/a><\/p>\n<p>Wenn Sie Ihre ben\u00f6tigten Schwei\u00dfmasken und Schwei\u00dfhelme nicht finden, <a href=\"https:\/\/toprisesafety.com\/de\/contact-us\/\">Kontaktieren Sie uns<\/a>; wir unterst\u00fctzen spezielle Anpassungen.<\/p>","protected":false},"excerpt":{"rendered":"<p>Art-Nr.: WM11<\/p>\n<p>Material: Rindspaltleder<\/p>\n<p>Farbe: orange wie auf dem Bild.<\/p>\n<p>Farbton Nr.: #9-13 verstellbar<\/p>\n<p>Energieversorgung: Solarenergie<\/p>\n<p>MOQ: 500PCS<\/p>","protected":false},"featured_media":9149,"template":"","meta":{"_acf_changed":false},"product_brand":[],"product_cat":[361,363,362],"product_tag":[],"class_list":{"0":"post-9148","1":"product","2":"type-product","3":"status-publish","4":"has-post-thumbnail","6":"product_cat-face-protection","7":"product_cat-auto-welding-helmet","8":"product_cat-welding-helmet","10":"first","11":"instock","12":"shipping-taxable","13":"product-type-simple"},"acf":[],"_links":{"self":[{"href":"https:\/\/toprisesafety.com\/de\/wp-json\/wp\/v2\/product\/9148"}],"collection":[{"href":"https:\/\/toprisesafety.com\/de\/wp-json\/wp\/v2\/product"}],"about":[{"href":"https:\/\/toprisesafety.com\/de\/wp-json\/wp\/v2\/types\/product"}],"wp:featuredmedia":[{"embeddable":true,"href":"https:\/\/toprisesafety.com\/de\/wp-json\/wp\/v2\/media\/9149"}],"wp:attachment":[{"href":"https:\/\/toprisesafety.com\/de\/wp-json\/wp\/v2\/media?parent=9148"}],"wp:term":[{"taxonomy":"product_brand","embeddable":true,"href":"https:\/\/toprisesafety.com\/de\/wp-json\/wp\/v2\/product_brand?post=9148"},{"taxonomy":"product_cat","embeddable":true,"href":"https:\/\/toprisesafety.com\/de\/wp-json\/wp\/v2\/product_cat?post=9148"},{"taxonomy":"product_tag","embeddable":true,"href":"https:\/\/toprisesafety.com\/de\/wp-json\/wp\/v2\/product_tag?post=9148"}],"curies":[{"name":"wp","href":"https:\/\/api.w.org\/{rel}","templated":true}]}}