{"id":6121,"date":"2018-02-22T03:03:51","date_gmt":"2018-02-22T03:03:51","guid":{"rendered":"https:\/\/toprisesafety.com\/product\/black-pe-tarpaulin-for-trampoline\/"},"modified":"2024-11-11T08:10:56","modified_gmt":"2024-11-11T08:10:56","slug":"black-pe-tarpaulin-for-trampoline","status":"publish","type":"product","link":"https:\/\/toprisesafety.com\/de\/product\/black-pe-tarpaulin-for-trampoline\/","title":{"rendered":"Schwarze PE-Plane f\u00fcr Trampolin"},"content":{"rendered":"<p><b>BLACK PE TARPAULIN FOR TRAMPOLINE\u00a0<\/b><\/p>\n<p><strong>ART NO.: PET-B<\/strong><\/p>\n<p>Our black PE tarpaulin for trampoline is made of 100% pure PE material ,PE tarpaulin\u00a0have three layers which the middle is the woven fabric with PE film laminated on both sides .have light weight,\u00a0 high strength, novel appearance,\u00a0 colorful,self-cleaning anti-fouling, anti-aging,\u00a0 color fastness, long life, high anti \u2013tearing strength and anti-peeling\u00a0 and other characteristics.<\/p>\n<h2>BLACK PE TARPAULIN FOR TRAMPOLINE detail descriptions:<\/h2>\n<table width=\"836\">\n<tbody>\n<tr>\n<td width=\"103\">Produkt<\/td>\n<td colspan=\"2\" width=\"826\">BLACK PE TARPAULIN FOR TRAMPOLINE<\/td>\n<\/tr>\n<tr>\n<td width=\"103\">Material<\/td>\n<td colspan=\"2\" width=\"826\">HDPE+LDPE<\/td>\n<\/tr>\n<tr>\n<td width=\"103\">Gewicht<\/td>\n<td colspan=\"2\" width=\"826\">40GSM-400GSM<\/td>\n<\/tr>\n<tr>\n<td width=\"103\">Breite<\/td>\n<td colspan=\"2\" width=\"826\">2 Meter oder 4 Meter ohne Verbindung. Erh\u00e4ltlich f\u00fcr breitere Gewebe durch Hei\u00dfsiegelung, je nach Anforderung des Kunden.<\/td>\n<\/tr>\n<tr>\n<td width=\"103\">L\u00e4nge<\/td>\n<td colspan=\"2\" width=\"826\">Kann beliebig lang sein<\/td>\n<\/tr>\n<tr>\n<td width=\"103\">Gr\u00f6\u00dfe (Meter)<\/td>\n<td colspan=\"2\" width=\"826\">2*3m, 3*4m, 3*5m, 4*5m, 4*6m, 5*8m, 6*8m, 6*10m, 2.5*3.6m, 3.6*5.4m, 5.4*7.2m, 7.2*9m, 10*50m oder je nach Kundenwunsch.<\/td>\n<\/tr>\n<tr>\n<td width=\"103\">Herstellung<\/td>\n<td colspan=\"2\" width=\"826\">According customers&#8217;requirement<\/td>\n<\/tr>\n<tr>\n<td width=\"103\">Besondere Behandlung<\/td>\n<td colspan=\"2\" width=\"826\">feuerhemmend\/ UV-Schutz\/ rahmenhemmend<\/td>\n<\/tr>\n<tr>\n<td width=\"103\">Eigenschaften<\/td>\n<td colspan=\"2\" width=\"826\">Verschiedene Gr\u00f6\u00dfen und Farben sind erh\u00e4ltlich; rei\u00dffeste Superhaltbarkeit minimiert Bruch bei Transport und Lagerung; wasserfest und abwaschbar: verhindert Verschmutzung oder Besch\u00e4digung durch Regen oder Feuchtigkeit; doppelt wasserdichte Oberfl\u00e4chen. Verst\u00e4rkte Ecke; UV-best\u00e4ndig<\/td>\n<\/tr>\n<tr>\n<td width=\"103\">Farbe<\/td>\n<td colspan=\"2\" width=\"826\">Gr\u00fcn, wei\u00df, blau, silber, blau-wei\u00df, blau-silber, blau-orange usw. je nach Kundenwunsch<\/td>\n<\/tr>\n<tr>\n<td width=\"103\">Verpacken<\/td>\n<td width=\"808\">1 St\u00fcck pro Opp-Beutel oder nach Anforderung des Kunden.<\/td>\n<\/tr>\n<\/tbody>\n<\/table>\n<p>&nbsp;<\/p>\n<h2><strong>BLACK PE TARPAULIN FOR TRAMPOLINE PRODUCTION PROGRESS<\/strong><img fetchpriority=\"high\" decoding=\"async\" class=\"alignnone size-full wp-image-551\" src=\"https:\/\/toprisesafety.com\/wp-content\/uploads\/2024\/08\/pe-tarpaulin-process-.png\" alt=\"\" width=\"738\" height=\"594\" \/><\/h2>\n<ul>\n<li style=\"list-style-type: none;\">\n<ul>\n<li><strong>RAW-MATERIAL<\/strong><\/li>\n<\/ul>\n<\/li>\n<\/ul>\n<ul>\n<li style=\"list-style-type: none;\">\n<ul>\n<li><strong>GARNPRODUKTIONSLINIE<\/strong><\/li>\n<\/ul>\n<\/li>\n<\/ul>\n<ul>\n<li style=\"list-style-type: none;\">\n<ul>\n<li><strong>WEBMASCHINENLINIE<\/strong><\/li>\n<\/ul>\n<\/li>\n<\/ul>\n<ul>\n<li style=\"list-style-type: none;\">\n<ul>\n<li><strong>BESCHICHTUNGSLINIE<\/strong><\/li>\n<\/ul>\n<\/li>\n<\/ul>\n<ul>\n<li style=\"list-style-type: none;\">\n<ul>\n<li><strong>SCHWEISSLEITUNG<\/strong><\/li>\n<\/ul>\n<\/li>\n<\/ul>\n<p><strong>Application for Black PE tarpaulin for trampoline:\u00a0<\/strong><\/p>\n<p><img decoding=\"async\" class=\"alignnone size-full wp-image-542\" src=\"https:\/\/toprisesafety.com\/wp-content\/uploads\/2024\/08\/black-pe-.jpg\" alt=\"\" width=\"500\" height=\"500\" \/><\/p>\n<p><a href=\"https:\/\/toprisesafety.com\/de\/product\/pe-tarpaulin\/\">https:\/\/toprisesafety.com\/product\/pe-tarpaulin\/<\/a><\/p>","protected":false},"excerpt":{"rendered":"<p><strong>Schwarze PE-Plane f\u00fcr Trampolin<\/strong><\/p>\n<p><strong>Gr\u00f6\u00dfe<\/strong>: nach Kundenwunsch<\/p>\n<p><strong>Farbe<\/strong>: Black<\/p>\n<p><strong>Material<\/strong>: PE<\/p>","protected":false},"featured_media":6122,"template":"","meta":{"_acf_changed":false},"product_brand":[],"product_cat":[319],"product_tag":[316],"class_list":{"0":"post-6121","1":"product","2":"type-product","3":"status-publish","4":"has-post-thumbnail","6":"product_cat-tarpaulin","7":"product_tag-black-pe-tarpaulin-for-trampoline","9":"first","10":"instock","11":"product-type-simple"},"acf":[],"_links":{"self":[{"href":"https:\/\/toprisesafety.com\/de\/wp-json\/wp\/v2\/product\/6121","targetHints":{"allow":["GET"]}}],"collection":[{"href":"https:\/\/toprisesafety.com\/de\/wp-json\/wp\/v2\/product"}],"about":[{"href":"https:\/\/toprisesafety.com\/de\/wp-json\/wp\/v2\/types\/product"}],"wp:featuredmedia":[{"embeddable":true,"href":"https:\/\/toprisesafety.com\/de\/wp-json\/wp\/v2\/media\/6122"}],"wp:attachment":[{"href":"https:\/\/toprisesafety.com\/de\/wp-json\/wp\/v2\/media?parent=6121"}],"wp:term":[{"taxonomy":"product_brand","embeddable":true,"href":"https:\/\/toprisesafety.com\/de\/wp-json\/wp\/v2\/product_brand?post=6121"},{"taxonomy":"product_cat","embeddable":true,"href":"https:\/\/toprisesafety.com\/de\/wp-json\/wp\/v2\/product_cat?post=6121"},{"taxonomy":"product_tag","embeddable":true,"href":"https:\/\/toprisesafety.com\/de\/wp-json\/wp\/v2\/product_tag?post=6121"}],"curies":[{"name":"wp","href":"https:\/\/api.w.org\/{rel}","templated":true}]}}