{"id":6110,"date":"2018-02-22T03:42:04","date_gmt":"2018-02-22T03:42:04","guid":{"rendered":"https:\/\/toprisesafety.com\/product\/pe-tarpaulin-rolls\/"},"modified":"2024-11-11T08:10:45","modified_gmt":"2024-11-11T08:10:45","slug":"pe-tarpaulin-rolls","status":"publish","type":"product","link":"https:\/\/toprisesafety.com\/de\/product\/pe-tarpaulin-rolls\/","title":{"rendered":"PE-Plane in Rollen"},"content":{"rendered":"<p><strong>PE-Plane in Rollen\u00a0<\/strong><br \/>\nUnsere schwarze PE-Plane in Rollen sind aus 100% neuen PE-Material, PE-Plane haben drei Schichten, die die Mitte ist das Gewebe mit PE-Folie auf beiden Seiten laminiert.haben geringes Gewicht, hohe Festigkeit, neuartige Aussehen, bunt, selbstreinigende Anti-Fouling, Anti-Aging, Farbechtheit, lange Lebensdauer, hohe Anti-Rei\u00dffestigkeit und Anti-Peeling und andere Eigenschaften.<\/p>\n<table border=\"1\" align=\"center\">\n<tbody>\n<tr>\n<td valign=\"center\"><span data-spm-anchor-id=\"a2700.details.pronpeci14.i0.43582a2cqElvlH\">Produkt<\/span><\/td>\n<td valign=\"center\">PE-Plane in Rollen<\/td>\n<\/tr>\n<tr>\n<td valign=\"center\">Material<\/td>\n<td valign=\"center\">HDPE+ LDPE<\/td>\n<\/tr>\n<tr>\n<td valign=\"center\">Farbe<\/td>\n<td valign=\"center\">Doppeltes Wei\u00df, doppeltes Blau, doppeltes Silber, doppeltes Schwarz, Schwarz\/Wei\u00df, Blau\/Wei\u00df, Camouflage oder nach Kundenw\u00fcnschen<\/td>\n<\/tr>\n<tr>\n<td valign=\"center\">Breite<\/td>\n<td valign=\"center\">Gew\u00f6hnlich 2,1 Meter, 2,44 Meter, 3,6 Meter, 4 Meter, andere Breiten sind verf\u00fcgbar und k\u00f6nnen nach Kundenwunsch gefertigt werden.<\/td>\n<\/tr>\n<tr>\n<td valign=\"center\">L\u00e4nge<\/td>\n<td valign=\"center\">Gem\u00e4\u00df den Anforderungen des Kunden<\/td>\n<\/tr>\n<tr>\n<td valign=\"center\">Masche<\/td>\n<td valign=\"center\">5*5-18*18<\/td>\n<\/tr>\n<tr>\n<td valign=\"center\">Denier<\/td>\n<td valign=\"center\">650D bis 2000D<\/td>\n<\/tr>\n<tr>\n<td valign=\"center\">GSM<\/td>\n<td valign=\"center\">&nbsp;<\/p>\n<p data-spm-anchor-id=\"a2700.details.pronpeci14.i3.43582a2cqElvlH\">40-400gsm<\/p>\n<p>&nbsp;<\/td>\n<\/tr>\n<tr>\n<td valign=\"center\">Behandlung<\/td>\n<td valign=\"center\"><span data-spm-anchor-id=\"a2700.details.pronpeci14.i4.43582a2cqElvlH\">1.<\/span>feuerhemmend\/ UV-Schutz\/ rahmenhemmend<\/p>\n<p>2. Druck: Max.3 Farben<\/td>\n<\/tr>\n<tr>\n<td valign=\"center\">Surface Dealing<\/td>\n<td valign=\"center\">LDPE beidseitig laminiert<\/td>\n<\/tr>\n<tr>\n<td valign=\"center\">Anmeldung<\/td>\n<td valign=\"center\">Weit verbreitet f\u00fcr LKW-Vordach, Schiff, Abdeckung und Fracht Lagerung oder Transport in Mineral Fabriken und H\u00e4fen, kann auch als Zelte im Freien, Reisen und Kalamit\u00e4ten verwendet werden, ist die Plane zu decken und sch\u00fctzen die Waren im Freien.<\/td>\n<\/tr>\n<tr>\n<td rowspan=\"3\" valign=\"center\">Zeichen<\/td>\n<td valign=\"center\">1. Bindungsfest, druckfest.<\/td>\n<\/tr>\n<tr>\n<td valign=\"center\">2. Wasserdicht, sonnenbest\u00e4ndig, Anti-Aging, rei\u00dffest.<\/td>\n<\/tr>\n<tr>\n<td valign=\"center\">3. Frostschutzmittel, korrosionsbest\u00e4ndig.<\/td>\n<\/tr>\n<tr>\n<td valign=\"center\">Verpackung<\/td>\n<td valign=\"center\">In der Rolle<\/td>\n<\/tr>\n<tr>\n<td valign=\"center\">MOQ<\/td>\n<td valign=\"center\">5 Tonnen<\/td>\n<\/tr>\n<\/tbody>\n<\/table>\n<p>&nbsp;<\/p>\n<h2><strong>PE-PLANE IN ROLLEN PRODUKTIONSFORTSCHRITT<\/strong><img fetchpriority=\"high\" decoding=\"async\" class=\"alignnone size-full wp-image-551\" src=\"https:\/\/toprisesafety.com\/wp-content\/uploads\/2024\/08\/pe-tarpaulin-process-.png\" alt=\"\" width=\"738\" height=\"594\" \/><\/h2>\n<ol>\n<li style=\"list-style-type: none;\">\n<ol>\n<li>RAW-MATERIAL<\/li>\n<\/ol>\n<\/li>\n<\/ol>\n<ol>\n<li style=\"list-style-type: none;\">\n<ol>\n<li>GARNPRODUKTIONSLINIE<\/li>\n<\/ol>\n<\/li>\n<\/ol>\n<ol>\n<li style=\"list-style-type: none;\">\n<ol>\n<li>WEBMASCHINENLINIE<\/li>\n<\/ol>\n<\/li>\n<\/ol>\n<ol>\n<li style=\"list-style-type: none;\">\n<ol>\n<li>BESCHICHTUNGSLINIE<\/li>\n<\/ol>\n<\/li>\n<\/ol>\n<ol>\n<li style=\"list-style-type: none;\">\n<ol>\n<li>SCHWEISSLEITUNG<\/li>\n<\/ol>\n<\/li>\n<\/ol>\n<p><strong>ANWENDUNGSBEREICHE:<\/strong><\/p>\n<ul>\n<li style=\"list-style-type: none;\">\n<ul>\n<li>Allgemeine Deckung, Bau- und Maschinenausr\u00fcstungsdeckung<\/li>\n<\/ul>\n<\/li>\n<\/ul>\n<ul>\n<li style=\"list-style-type: none;\">\n<ul>\n<li>Abgedeckt werden offen gelagerte Waren, Lastwagen, Autos, Boote usw.<\/li>\n<\/ul>\n<\/li>\n<\/ul>\n<ul>\n<li style=\"list-style-type: none;\">\n<ul>\n<li>Abdeckungen f\u00fcr Swimmingpools und Gartenm\u00f6bel usw.<\/li>\n<\/ul>\n<\/li>\n<\/ul>\n<ul>\n<li style=\"list-style-type: none;\">\n<ul>\n<li>Auskleidungsmaterialien f\u00fcr Lagertanks und Beh\u00e4lter<\/li>\n<\/ul>\n<\/li>\n<\/ul>\n<ul>\n<li style=\"list-style-type: none;\">\n<ul>\n<li>Auskleidungsmaterial f\u00fcr Bew\u00e4sserungskan\u00e4le und Getreidesilos<\/li>\n<\/ul>\n<\/li>\n<\/ul>\n<ul>\n<li style=\"list-style-type: none;\">\n<ul>\n<li>Industrieabdeckungen, Zehner, Picknickmatten usw.<\/li>\n<\/ul>\n<\/li>\n<\/ul>\n<p><img decoding=\"async\" class=\"alignnone size-full wp-image-566\" src=\"https:\/\/toprisesafety.com\/wp-content\/uploads\/2024\/08\/3-1.jpg\" alt=\"\" width=\"750\" height=\"534\" \/><\/p>\n<p><img decoding=\"async\" class=\"alignnone size-full wp-image-567\" src=\"https:\/\/toprisesafety.com\/wp-content\/uploads\/2024\/08\/PACKING.jpg\" alt=\"\" width=\"755\" height=\"627\" \/><\/p>\n<p><a href=\".https:\/\/toprisesafety.com\/product\/black-pe-tarpaulin-for-trampoline\/\">https:\/\/toprisesafety.com\/product\/black-pe-tarpaulin-for-trampoline\/<\/a><\/p>\n<p><a href=\"https:\/\/toprisesafety.com\/de\/product\/pe-tarpaulin\/\">https:\/\/toprisesafety.com\/product\/pe-tarpaulin\/<\/a><\/p>","protected":false},"excerpt":{"rendered":"<p><strong>PE-Plane in Rollen<\/strong><\/p>\n<p><strong>Material<\/strong>: 100% neu PE<\/p>\n<p><strong>Farbe<\/strong>: Gr\u00fcn, blau, gelb, orange, gelb, blau, orange, usw.<\/p>\n<p><strong>MOQ<\/strong>: 5 TONNE<\/p>\n<p><strong>Gr\u00f6\u00dfe<\/strong>: nach Kundenwunsch<\/p>\n<p><strong>Gewicht<\/strong>: 40-400G\/SQM<\/p>","protected":false},"featured_media":6114,"template":"","meta":{"_acf_changed":false},"product_brand":[],"product_cat":[319],"product_tag":[315],"class_list":{"0":"post-6110","1":"product","2":"type-product","3":"status-publish","4":"has-post-thumbnail","6":"product_cat-tarpaulin","7":"product_tag-pe-tarpaulin-in-rolls","9":"first","10":"instock","11":"product-type-simple"},"acf":[],"_links":{"self":[{"href":"https:\/\/toprisesafety.com\/de\/wp-json\/wp\/v2\/product\/6110","targetHints":{"allow":["GET"]}}],"collection":[{"href":"https:\/\/toprisesafety.com\/de\/wp-json\/wp\/v2\/product"}],"about":[{"href":"https:\/\/toprisesafety.com\/de\/wp-json\/wp\/v2\/types\/product"}],"wp:featuredmedia":[{"embeddable":true,"href":"https:\/\/toprisesafety.com\/de\/wp-json\/wp\/v2\/media\/6114"}],"wp:attachment":[{"href":"https:\/\/toprisesafety.com\/de\/wp-json\/wp\/v2\/media?parent=6110"}],"wp:term":[{"taxonomy":"product_brand","embeddable":true,"href":"https:\/\/toprisesafety.com\/de\/wp-json\/wp\/v2\/product_brand?post=6110"},{"taxonomy":"product_cat","embeddable":true,"href":"https:\/\/toprisesafety.com\/de\/wp-json\/wp\/v2\/product_cat?post=6110"},{"taxonomy":"product_tag","embeddable":true,"href":"https:\/\/toprisesafety.com\/de\/wp-json\/wp\/v2\/product_tag?post=6110"}],"curies":[{"name":"wp","href":"https:\/\/api.w.org\/{rel}","templated":true}]}}