{"id":6105,"date":"2018-02-23T04:17:25","date_gmt":"2018-02-23T04:17:25","guid":{"rendered":"https:\/\/toprisesafety.com\/product\/v-type-safety-helmet-ce-ansi-standard\/"},"modified":"2025-03-14T06:15:46","modified_gmt":"2025-03-14T06:15:46","slug":"safety-helmet-classification-type","status":"publish","type":"product","link":"https:\/\/toprisesafety.com\/de\/product\/safety-helmet-classification-type\/","title":{"rendered":"Klassifizierung der Schutzhelme"},"content":{"rendered":"<h2><a href=\"https:\/\/toprisesafety.com\/de\/product-category\/personal-protective-equipment\/head-protection\/safety-helmet\/\">Klassifizierung der Schutzhelme<\/a><\/h2>\n<table>\n<tbody>\n<tr>\n<td width=\"257\">Art Nr.<\/td>\n<td width=\"257\">SH06-P( PE) ;SH06-A (ABS)<\/td>\n<\/tr>\n<tr>\n<td width=\"257\">Marke<\/td>\n<td width=\"257\">Unterst\u00fctzung der Eigenmarke des Kunden<\/td>\n<\/tr>\n<tr>\n<td width=\"257\">Material<\/td>\n<td width=\"257\">PE\/ABS<\/td>\n<\/tr>\n<tr>\n<td width=\"257\">Gewicht<\/td>\n<td width=\"257\">PE:327G\/PC; ABS: 400G\/PC<\/td>\n<\/tr>\n<tr>\n<td width=\"257\">Auskleidung<\/td>\n<td width=\"257\">Vier-Punkt-Aufh\u00e4ngung mit Stofffutter und Ratschen- oder Pin-Point-R\u00fccken f\u00fcr hohen Tragekomfort<\/td>\n<\/tr>\n<tr>\n<td width=\"257\">Kinnriemen<\/td>\n<td width=\"257\">Einschlie\u00dflich<\/td>\n<\/tr>\n<tr>\n<td width=\"257\">Farbe<\/td>\n<td width=\"257\">Wei\u00df, gelb, blau, gr\u00fcn, orange, rot usw.<\/td>\n<\/tr>\n<tr>\n<td width=\"257\">Qualit\u00e4tsstandard<\/td>\n<td width=\"257\">CE EN397\/ ANSI Z89.1<\/td>\n<\/tr>\n<tr>\n<td width=\"257\">MOQ<\/td>\n<td width=\"257\">500PCS\/Farbe, 1000PCS\/Bestellung<\/td>\n<\/tr>\n<tr>\n<td width=\"257\">Verpacken<\/td>\n<td width=\"257\">1PC\/Poly-Beutel, 50PCS\/CTN<\/td>\n<\/tr>\n<tr>\n<td width=\"257\">Gr\u00f6\u00dfe des Kartons<\/td>\n<td width=\"257\">52*46*60CM<\/td>\n<\/tr>\n<tr>\n<td width=\"257\">Anmeldung<\/td>\n<td width=\"257\">Bau, Bergbau, Landwirtschaft, Industrie, \u00d6l usw.<\/td>\n<\/tr>\n<\/tbody>\n<\/table>\n<p>&nbsp;<\/p>\n<p>TOPRISE unterst\u00fctzt verschiedene Arten der Anpassung von Sicherheitshelmen; klicken Sie hier, um <a href=\"https:\/\/toprisesafety.com\/de\/product-category\/personal-protective-equipment\/head-protection\/safety-helmet\/\">weitere Modelle von Schutzhelmen ansehen.<\/a><\/p>\n<p>Wenn Sie Ihre vorgeschriebenen Schutzhelme nicht finden, <a href=\"https:\/\/toprisesafety.com\/de\/contact-us\/\">Kontaktieren Sie uns<\/a>; wir unterst\u00fctzen spezielle Anpassungen.<\/p>\n<p>&nbsp;<\/p>","protected":false},"excerpt":{"rendered":"<p>Art-Nr.: SH06-P( PE) ;SH06-A (ABS)<\/p>\n<p>Material: PE oder ABS<\/p>\n<p>Farbe: Rot\/Wei\u00df\/Blau\/Gr\u00fcn\/Orange etc.<\/p>\n<p>Gewicht: PE327G\/PC ; ABS: 400G\/PC<\/p>\n<p>Verpackung: 1PC\/Poly-Beutel, 50PCS\/CTN<\/p>\n<p>Logo: Druck oder Aufkleber usw.<\/p>","protected":false},"featured_media":6108,"template":"","meta":{"_acf_changed":false},"product_brand":[],"product_cat":[366,367],"product_tag":[],"class_list":{"0":"post-6105","1":"product","2":"type-product","3":"status-publish","4":"has-post-thumbnail","6":"product_cat-head-protection","7":"product_cat-safety-helmet","9":"first","10":"instock","11":"product-type-simple"},"acf":[],"_links":{"self":[{"href":"https:\/\/toprisesafety.com\/de\/wp-json\/wp\/v2\/product\/6105"}],"collection":[{"href":"https:\/\/toprisesafety.com\/de\/wp-json\/wp\/v2\/product"}],"about":[{"href":"https:\/\/toprisesafety.com\/de\/wp-json\/wp\/v2\/types\/product"}],"wp:featuredmedia":[{"embeddable":true,"href":"https:\/\/toprisesafety.com\/de\/wp-json\/wp\/v2\/media\/6108"}],"wp:attachment":[{"href":"https:\/\/toprisesafety.com\/de\/wp-json\/wp\/v2\/media?parent=6105"}],"wp:term":[{"taxonomy":"product_brand","embeddable":true,"href":"https:\/\/toprisesafety.com\/de\/wp-json\/wp\/v2\/product_brand?post=6105"},{"taxonomy":"product_cat","embeddable":true,"href":"https:\/\/toprisesafety.com\/de\/wp-json\/wp\/v2\/product_cat?post=6105"},{"taxonomy":"product_tag","embeddable":true,"href":"https:\/\/toprisesafety.com\/de\/wp-json\/wp\/v2\/product_tag?post=6105"}],"curies":[{"name":"wp","href":"https:\/\/api.w.org\/{rel}","templated":true}]}}