{"id":6100,"date":"2018-02-23T05:12:38","date_gmt":"2018-02-23T05:12:38","guid":{"rendered":"https:\/\/toprisesafety.com\/product\/new-breathable-safety-helmet-pe-abs\/"},"modified":"2025-03-14T06:14:47","modified_gmt":"2025-03-14T06:14:47","slug":"new-breathable-hard-helmet","status":"publish","type":"product","link":"https:\/\/toprisesafety.com\/de\/product\/new-breathable-hard-helmet\/","title":{"rendered":"Neuer atmungsaktiver Schutzhelm"},"content":{"rendered":"<h2><a href=\"https:\/\/toprisesafety.com\/de\/product-category\/personal-protective-equipment\/head-protection\/safety-helmet\/\">Neuer atmungsaktiver Schutzhelm<\/a><\/h2>\n<ul>\n<li style=\"list-style-type: none;\"><\/li>\n<\/ul>\n<table>\n<tbody>\n<tr>\n<td width=\"257\">Art Nr.<\/td>\n<td width=\"257\">SH04-P(PE); SH04-A(ABS)<\/td>\n<\/tr>\n<tr>\n<td width=\"257\">Marke<\/td>\n<td width=\"257\">Unterst\u00fctzung der Eigenmarke des Kunden<\/td>\n<\/tr>\n<tr>\n<td width=\"257\">Material<\/td>\n<td width=\"257\">PE\/ABS<\/td>\n<\/tr>\n<tr>\n<td width=\"257\">Gewicht<\/td>\n<td width=\"257\">PE:385G\/PC, ABS: 430G\/PC<\/td>\n<\/tr>\n<tr>\n<td width=\"257\">Auskleidung<\/td>\n<td width=\"257\">Vier-Punkt-Aufh\u00e4ngung mit Stofffutter und Ratschenr\u00fccken f\u00fcr hohen Tragekomfort<\/td>\n<\/tr>\n<tr>\n<td width=\"257\">Kinnriemen<\/td>\n<td width=\"257\">Einschlie\u00dflich<\/td>\n<\/tr>\n<tr>\n<td width=\"257\">Farbe<\/td>\n<td width=\"257\">Wei\u00df, gelb, blau, gr\u00fcn, orange, rot usw.<\/td>\n<\/tr>\n<tr>\n<td width=\"257\">Qualit\u00e4tsstandard<\/td>\n<td width=\"257\">CE EN397<\/td>\n<\/tr>\n<tr>\n<td width=\"257\">MOQ<\/td>\n<td width=\"257\">500PCS\/Farbe, 1000PCS\/Bestellung<\/td>\n<\/tr>\n<tr>\n<td width=\"257\">Verpacken<\/td>\n<td width=\"257\">1PC\/Poly-Beutel, 50PCS\/CTN<\/td>\n<\/tr>\n<tr>\n<td width=\"257\">Gr\u00f6\u00dfe des Kartons<\/td>\n<td width=\"257\">52*46*60CM<\/td>\n<\/tr>\n<tr>\n<td width=\"257\">Anmeldung<\/td>\n<td width=\"257\">Bau, Bergbau, Landwirtschaft, Industrie, \u00d6l usw.<\/td>\n<\/tr>\n<\/tbody>\n<\/table>\n<p>TOPRISE unterst\u00fctzt verschiedene Arten der Anpassung von Sicherheitshelmen; klicken Sie hier, um <a href=\"https:\/\/toprisesafety.com\/de\/product-category\/personal-protective-equipment\/head-protection\/safety-helmet\/\">weitere Modelle von Schutzhelmen ansehen.<\/a><\/p>\n<p>Wenn Sie Ihre vorgeschriebenen Schutzhelme nicht finden, <a href=\"https:\/\/toprisesafety.com\/de\/contact-us\/\">Kontaktieren Sie uns<\/a>; wir unterst\u00fctzen spezielle Anpassungen.<\/p>\n<p>&nbsp;<\/p>","protected":false},"excerpt":{"rendered":"<p><strong>Art Nr.:<\/strong>SH04-P(PE); SH04-A(ABS)<\/p>\n<p><strong>Material<\/strong>: PE oder ABS<\/p>\n<p><strong>Farbe<\/strong>: Rot\/Wei\u00df\/Blau\/Gr\u00fcn\/Orange usw.<\/p>\n<p><strong>Gewicht<\/strong>:PE 385G\/PC ; ABS: 430G\/PC<\/p>\n<p><strong>Verpacken<\/strong>: 1PC\/Poly-Beutel, 50PCS\/CTN<\/p>\n<p><strong>Logo<\/strong>: Druck oder Aufkleber usw.<\/p>","protected":false},"featured_media":6101,"template":"","meta":{"_acf_changed":false},"product_brand":[],"product_cat":[366,367],"product_tag":[312],"class_list":{"0":"post-6100","1":"product","2":"type-product","3":"status-publish","4":"has-post-thumbnail","6":"product_cat-head-protection","7":"product_cat-safety-helmet","8":"product_tag-new-breathable-safety-helmet","10":"first","11":"instock","12":"product-type-simple"},"acf":[],"_links":{"self":[{"href":"https:\/\/toprisesafety.com\/de\/wp-json\/wp\/v2\/product\/6100"}],"collection":[{"href":"https:\/\/toprisesafety.com\/de\/wp-json\/wp\/v2\/product"}],"about":[{"href":"https:\/\/toprisesafety.com\/de\/wp-json\/wp\/v2\/types\/product"}],"wp:featuredmedia":[{"embeddable":true,"href":"https:\/\/toprisesafety.com\/de\/wp-json\/wp\/v2\/media\/6101"}],"wp:attachment":[{"href":"https:\/\/toprisesafety.com\/de\/wp-json\/wp\/v2\/media?parent=6100"}],"wp:term":[{"taxonomy":"product_brand","embeddable":true,"href":"https:\/\/toprisesafety.com\/de\/wp-json\/wp\/v2\/product_brand?post=6100"},{"taxonomy":"product_cat","embeddable":true,"href":"https:\/\/toprisesafety.com\/de\/wp-json\/wp\/v2\/product_cat?post=6100"},{"taxonomy":"product_tag","embeddable":true,"href":"https:\/\/toprisesafety.com\/de\/wp-json\/wp\/v2\/product_tag?post=6100"}],"curies":[{"name":"wp","href":"https:\/\/api.w.org\/{rel}","templated":true}]}}