{"id":6079,"date":"2018-02-23T12:10:56","date_gmt":"2018-02-23T12:10:56","guid":{"rendered":"https:\/\/toprisesafety.com\/product\/german-style-welding-mask\/"},"modified":"2025-03-24T04:52:39","modified_gmt":"2025-03-24T04:52:39","slug":"welding-masks","status":"publish","type":"product","link":"https:\/\/toprisesafety.com\/de\/product\/welding-masks\/","title":{"rendered":"Schwei\u00dfer-Masken"},"content":{"rendered":"<h2>Schwei\u00dfer-Masken<\/h2>\n<p align=\"left\"><strong>Beschreibung<\/strong>:<\/p>\n<ul>\n<li style=\"list-style-type: none;\">\n<ul>\n<li><span data-spm-anchor-id=\"a2700.details.pronpeci14.i1.11693f93svzaKe\">\u00a0Material:Z\u00e4hes und feuchtigkeitsbest\u00e4ndiges Polypropylen (PP),<\/span><\/li>\n<\/ul>\n<\/li>\n<\/ul>\n<ul>\n<li style=\"list-style-type: none;\">\n<ul>\n<li>Dickeres und haltbareres Geh\u00e4use, beliebtester Typ der benutzerdefinierten Schwei\u00dfmaske<\/li>\n<\/ul>\n<\/li>\n<\/ul>\n<ul>\n<li style=\"list-style-type: none;\">\n<ul>\n<li data-spm-anchor-id=\"a2700.details.pronpeci14.i0.11693f93svzaKe\">Ansichtsfl\u00e4che:108x50mm , Gurtma\u00df:53-63cm<\/li>\n<\/ul>\n<\/li>\n<\/ul>\n<ul>\n<li style=\"list-style-type: none;\">\n<ul>\n<li data-spm-anchor-id=\"a2700.details.pronpeci14.i0.11693f93svzaKe\">Einstellbare Wirbelratsche hinten f\u00fcr bequemes Tragen<\/li>\n<\/ul>\n<\/li>\n<\/ul>\n<ul>\n<li style=\"list-style-type: none;\">\n<ul>\n<li data-spm-anchor-id=\"a2700.details.pronpeci14.i0.11693f93svzaKe\">Schwei\u00dfband f\u00fcr angenehmen Tragekomfort<\/li>\n<\/ul>\n<\/li>\n<\/ul>\n<p><b>Merkmale:<\/b><\/p>\n<ul>\n<li style=\"list-style-type: none;\">\n<ul>\n<li data-spm-anchor-id=\"a2700.details.pronpeci14.i0.1f233fe1eHmcyo\">Augenschutz: Doppelter Lichtfilter, der die sch\u00e4dliche ultraviolette und infrarote Strahlung des Lichtbogens verhindert.<\/li>\n<\/ul>\n<\/li>\n<\/ul>\n<ul>\n<li style=\"list-style-type: none;\">\n<ul>\n<li data-spm-anchor-id=\"a2700.details.pronpeci14.i0.1f233fe1eHmcyo\">Gesichtsschutz: wirksame Verhinderung des Auftretens von Spritzern und sch\u00e4dlichen K\u00f6rper w\u00e4hrend des Betriebs, reduzieren Hautverbrennungen.<\/li>\n<\/ul>\n<\/li>\n<\/ul>\n<ul>\n<li style=\"list-style-type: none;\">\n<ul>\n<li data-spm-anchor-id=\"a2700.details.pronpeci14.i0.1f233fe1eHmcyo\">Atemschutz: Ausrichtung des Luftstroms, wirksame Verringerung der sch\u00e4dlichen Gase und St\u00e4ube, die beim Schwei\u00dfen entstehen, usw., k\u00f6nnen Verletzungen am K\u00f6rper verursachen.<\/li>\n<\/ul>\n<\/li>\n<\/ul>\n<table>\n<tbody>\n<tr>\n<td width=\"284\">Art Nr.<\/td>\n<td width=\"284\">WM02<\/td>\n<\/tr>\n<tr>\n<td width=\"284\">Material<\/td>\n<td width=\"284\">100%neu PP<\/td>\n<\/tr>\n<tr>\n<td width=\"284\">Bereich ansehen<\/td>\n<td width=\"284\">Schwei\u00dferbrille Gr\u00f6\u00dfe 108*50*3mm<\/td>\n<\/tr>\n<tr>\n<td width=\"284\">Farbton Nr.<\/td>\n<td width=\"284\">#11 schwarz (#7-#14 zur Auswahl)<\/td>\n<\/tr>\n<tr>\n<td width=\"284\">Struktur<\/td>\n<td width=\"284\">Whirl-Ratschenr\u00fccken f\u00fcr bequemes Tragen einstellen<\/td>\n<\/tr>\n<tr>\n<td width=\"284\">Gestaltung<\/td>\n<td width=\"284\">Design auff\u00fcllen<\/td>\n<\/tr>\n<tr>\n<td width=\"284\">Verpacken<\/td>\n<td width=\"284\">1PC\/Poly-Beutel, 25PCS\/CTN<\/td>\n<\/tr>\n<tr>\n<td width=\"284\">Gr\u00f6\u00dfe des Kartons<\/td>\n<td width=\"284\">52*45*52CM<\/td>\n<\/tr>\n<tr>\n<td width=\"284\">N\/G.W<\/td>\n<td width=\"284\">11\/12KGS<\/td>\n<\/tr>\n<\/tbody>\n<\/table>\n<p>TOPRISE unterst\u00fctzt verschiedene Arten der Anpassung von Schwei\u00dfmasken und Schwei\u00dfhelmen; klicken Sie hier, um<a href=\"https:\/\/toprisesafety.com\/de\/product-category\/personal-protective-equipment\/face-protection\/welding-helmet\/\"> weitere Modelle von Schwei\u00dfmasken und Schwei\u00dfhelmen ansehen.<\/a><\/p>\n<p>Wenn Sie Ihre ben\u00f6tigten Schwei\u00dfmasken und Schwei\u00dfhelme nicht finden, <a href=\"https:\/\/toprisesafety.com\/de\/contact-us\/\">Kontaktieren Sie uns<\/a>; wir unterst\u00fctzen spezielle Anpassungen.<\/p>","protected":false},"excerpt":{"rendered":"<p>Art.Nr.: WM02<\/p>\n<p>Material: 100% neues PP<\/p>\n<p>Farbe: Schwarz<\/p>\n<p>Farbton Nr.: #11 (#7-#14 zur Auswahl)<\/p>\n<p>MOQ: 500PCS<\/p>","protected":false},"featured_media":9170,"template":"","meta":{"_acf_changed":false},"product_brand":[],"product_cat":[361,362],"product_tag":[297],"class_list":{"0":"post-6079","1":"product","2":"type-product","3":"status-publish","4":"has-post-thumbnail","6":"product_cat-face-protection","7":"product_cat-welding-helmet","8":"product_tag-german-style-welding-mask","10":"first","11":"instock","12":"product-type-simple"},"acf":[],"_links":{"self":[{"href":"https:\/\/toprisesafety.com\/de\/wp-json\/wp\/v2\/product\/6079","targetHints":{"allow":["GET"]}}],"collection":[{"href":"https:\/\/toprisesafety.com\/de\/wp-json\/wp\/v2\/product"}],"about":[{"href":"https:\/\/toprisesafety.com\/de\/wp-json\/wp\/v2\/types\/product"}],"wp:featuredmedia":[{"embeddable":true,"href":"https:\/\/toprisesafety.com\/de\/wp-json\/wp\/v2\/media\/9170"}],"wp:attachment":[{"href":"https:\/\/toprisesafety.com\/de\/wp-json\/wp\/v2\/media?parent=6079"}],"wp:term":[{"taxonomy":"product_brand","embeddable":true,"href":"https:\/\/toprisesafety.com\/de\/wp-json\/wp\/v2\/product_brand?post=6079"},{"taxonomy":"product_cat","embeddable":true,"href":"https:\/\/toprisesafety.com\/de\/wp-json\/wp\/v2\/product_cat?post=6079"},{"taxonomy":"product_tag","embeddable":true,"href":"https:\/\/toprisesafety.com\/de\/wp-json\/wp\/v2\/product_tag?post=6079"}],"curies":[{"name":"wp","href":"https:\/\/api.w.org\/{rel}","templated":true}]}}