{"id":6069,"date":"2018-02-23T12:54:54","date_gmt":"2018-02-23T12:54:54","guid":{"rendered":"https:\/\/toprisesafety.com\/product\/welding-mask-match-helmet\/"},"modified":"2025-03-24T04:49:29","modified_gmt":"2025-03-24T04:49:29","slug":"welding-mask-match-helmet","status":"publish","type":"product","link":"https:\/\/toprisesafety.com\/de\/product\/welding-mask-match-helmet\/","title":{"rendered":"Schwei\u00dferschutzmaske passend zum Helm"},"content":{"rendered":"<h2><strong><span style=\"font-size: 130%;\">Schwei\u00dferschutzmaske passend zum Helm<\/span><\/strong><\/h2>\n<ul>\n<li style=\"list-style-type: none;\">\n<ul>\n<li>Schlagfeste Schale, PP-Material<\/li>\n<\/ul>\n<\/li>\n<\/ul>\n<ul>\n<li style=\"list-style-type: none;\">\n<ul>\n<li><span data-spm-anchor-id=\"a2700.details.pronpeci14.i1.76ef6f9601YwsX\">Gr\u00f6\u00dfe des Anzeigebereichs: 108mm x 50mm<\/span><\/li>\n<\/ul>\n<\/li>\n<\/ul>\n<ul>\n<li style=\"list-style-type: none;\">\n<ul>\n<li>Passend zum Schutzhelm<\/li>\n<\/ul>\n<\/li>\n<\/ul>\n<ul>\n<li style=\"list-style-type: none;\">\n<ul>\n<li>\u00a0Geeignet zum Schwei\u00dfen, Schneiden, Brennschneiden, etc.<\/li>\n<\/ul>\n<\/li>\n<\/ul>\n<ul>\n<li style=\"list-style-type: none;\">\n<ul>\n<li>Anti-UV- und IR-Objektiv angenommen, kann es gesund sch\u00fctzen die Augen des Benutzers.<\/li>\n<\/ul>\n<\/li>\n<\/ul>\n<ul>\n<li style=\"list-style-type: none;\">\n<ul>\n<li data-spm-anchor-id=\"a2700.details.pronpeci14.i0.76ef6f9601YwsX\">Kundenlogo ist durch Hinzuf\u00fcgen eines Aufklebers m\u00f6glich<\/li>\n<\/ul>\n<\/li>\n<\/ul>\n<ul>\n<li style=\"list-style-type: none;\">\n<ul>\n<li data-spm-anchor-id=\"a2700.details.pronpeci14.i0.76ef6f9601YwsX\">Fronttankdesign<\/li>\n<\/ul>\n<\/li>\n<\/ul>\n<ul>\n<li style=\"list-style-type: none;\">\n<ul>\n<li data-spm-anchor-id=\"a2700.details.pronpeci14.i0.76ef6f9601YwsX\">Schneller und einfacher Austausch der Linse:<strong>\u00a0<\/strong>Dank der patentierten Konstruktion k\u00f6nnen Filter- und Abdecklinsen einfach und schnell ein- und ausgebaut werden.<\/li>\n<\/ul>\n<\/li>\n<\/ul>\n<ul>\n<li style=\"list-style-type: none;\">\n<ul>\n<li data-spm-anchor-id=\"a2700.details.pronpeci14.i0.76ef6f9601YwsX\">Einschlie\u00dflich Frontal- und Seitenaufprallschutz.<\/li>\n<\/ul>\n<\/li>\n<\/ul>\n<ul>\n<li style=\"list-style-type: none;\">\n<ul>\n<li data-spm-anchor-id=\"a2700.details.pronpeci14.i0.76ef6f9601YwsX\">Lichtabschw\u00e4chung:<strong>\u00a0<\/strong>Die Schale des Schwei\u00dfhelms kann sch\u00e4dliches Licht w\u00e4hrend des Schwei\u00dfvorgangs abschirmen, und in keiner Position des Schwei\u00dfhelms ist unbeaufsichtigtes Licht sichtbar.<\/li>\n<\/ul>\n<\/li>\n<\/ul>\n<table>\n<tbody>\n<tr>\n<td width=\"284\">Art Nr.<\/td>\n<td width=\"284\">WM06<\/td>\n<\/tr>\n<tr>\n<td width=\"284\">Material<\/td>\n<td width=\"284\">PP<\/td>\n<\/tr>\n<tr>\n<td width=\"284\">Bereich ansehen<\/td>\n<td width=\"284\">Schwei\u00dferbrille Gr\u00f6\u00dfe 108*50*3mm<\/td>\n<\/tr>\n<tr>\n<td width=\"284\">Farbton Nr.<\/td>\n<td width=\"284\">#11 schwarz (#7-#14 zur Auswahl)<\/td>\n<\/tr>\n<tr>\n<td width=\"284\">Struktur<\/td>\n<td width=\"284\">Passend zum Schutzhelm<\/td>\n<\/tr>\n<tr>\n<td width=\"284\">Gestaltung<\/td>\n<td width=\"284\">Design auff\u00fcllen<\/td>\n<\/tr>\n<tr>\n<td width=\"284\">Verpacken<\/td>\n<td width=\"284\">1PC\/Poly-Beutel, 20PCS\/CTN<\/td>\n<\/tr>\n<tr>\n<td width=\"284\">Gr\u00f6\u00dfe des Kartons<\/td>\n<td width=\"284\">49*44*38CM<\/td>\n<\/tr>\n<tr>\n<td width=\"284\">N\/G.W<\/td>\n<td width=\"284\">18\/16KGS<\/td>\n<\/tr>\n<\/tbody>\n<\/table>\n<p>TOPRISE unterst\u00fctzt verschiedene Arten der Anpassung von Schwei\u00dfmasken und Schwei\u00dfhelmen; klicken Sie hier, um<a href=\"https:\/\/toprisesafety.com\/de\/product-category\/personal-protective-equipment\/face-protection\/welding-helmet\/\"> weitere Modelle von Schwei\u00dfmasken und Schwei\u00dfhelmen ansehen.<\/a><\/p>\n<p>Wenn Sie Ihre ben\u00f6tigten Schwei\u00dfmasken und Schwei\u00dfhelme nicht finden, <a href=\"https:\/\/toprisesafety.com\/de\/contact-us\/\">Kontaktieren Sie uns<\/a>; wir unterst\u00fctzen spezielle Anpassungen.<\/p>","protected":false},"excerpt":{"rendered":"<p>Art.Nr.: WM06<\/p>\n<p>Material: PP<\/p>\n<p>Farbe: Schwarz<\/p>\n<p>Farbton Nr.: #11 (#7-#14 zur Auswahl)<\/p>\n<p>MOQ: 500PCS<\/p>","protected":false},"featured_media":6071,"template":"","meta":{"_acf_changed":false},"product_brand":[],"product_cat":[361,364,362],"product_tag":[291],"class_list":{"0":"post-6069","1":"product","2":"type-product","3":"status-publish","4":"has-post-thumbnail","6":"product_cat-face-protection","7":"product_cat-normal-welding-helmet","8":"product_cat-welding-helmet","9":"product_tag-welding-mask-match-with-helmet","11":"first","12":"instock","13":"product-type-simple"},"acf":[],"_links":{"self":[{"href":"https:\/\/toprisesafety.com\/de\/wp-json\/wp\/v2\/product\/6069"}],"collection":[{"href":"https:\/\/toprisesafety.com\/de\/wp-json\/wp\/v2\/product"}],"about":[{"href":"https:\/\/toprisesafety.com\/de\/wp-json\/wp\/v2\/types\/product"}],"wp:featuredmedia":[{"embeddable":true,"href":"https:\/\/toprisesafety.com\/de\/wp-json\/wp\/v2\/media\/6071"}],"wp:attachment":[{"href":"https:\/\/toprisesafety.com\/de\/wp-json\/wp\/v2\/media?parent=6069"}],"wp:term":[{"taxonomy":"product_brand","embeddable":true,"href":"https:\/\/toprisesafety.com\/de\/wp-json\/wp\/v2\/product_brand?post=6069"},{"taxonomy":"product_cat","embeddable":true,"href":"https:\/\/toprisesafety.com\/de\/wp-json\/wp\/v2\/product_cat?post=6069"},{"taxonomy":"product_tag","embeddable":true,"href":"https:\/\/toprisesafety.com\/de\/wp-json\/wp\/v2\/product_tag?post=6069"}],"curies":[{"name":"wp","href":"https:\/\/api.w.org\/{rel}","templated":true}]}}