{"id":6062,"date":"2018-02-24T02:19:12","date_gmt":"2018-02-24T02:19:12","guid":{"rendered":"https:\/\/toprisesafety.com\/product\/new-auto-darkening-welding-mask\/"},"modified":"2025-03-24T04:48:04","modified_gmt":"2025-03-24T04:48:04","slug":"new-auto-darkening-welding-mask","status":"publish","type":"product","link":"https:\/\/toprisesafety.com\/de\/product\/new-auto-darkening-welding-mask\/","title":{"rendered":"Neue Schwei\u00dferschutzmaske mit automatischer Verdunkelung"},"content":{"rendered":"<p><strong><span style=\"font-size: 130%;\">Neue Schwei\u00dferschutzmaske mit automatischer Verdunkelung<\/span><\/strong><\/p>\n<p>Schwei\u00dferschutzmasken sind so konzipiert, dass sie Augen und Gesicht unter normalen Schwei\u00dfbedingungen vor Funken, Spritzern und sch\u00e4dlicher Strahlung sch\u00fctzen. Der automatische Verdunkelungsfilter wechselt automatisch vom hellen in den dunklen Zustand, wenn ein Lichtbogen gez\u00fcndet wird, und kehrt in den hellen Zustand zur\u00fcck, wenn das Schwei\u00dfen endet. Dieser LCD-Automatik-Schwei\u00dfhelm mit hoher Qualit\u00e4t ist aus robusten und haltbaren Materialien gefertigt, die Langlebigkeit und Haltbarkeit Tag f\u00fcr Tag gew\u00e4hrleisten. Mit der massiven Sichtbereich, kann es Ihnen erlauben, Ihre Schwei\u00dfnaht aus allen Perspektiven zu sehen, auch dieser Helm kann beim Schneiden verwenden, Schattenbereich DIN9-13, Dar\u00fcber hinaus ist der Helm als Schutzschild durch nicht Verdunkelung beim Schleifen verwendet.<\/p>\n<h2><strong>Neue Spezifikation f\u00fcr Schwei\u00dferschutzmasken mit automatischer Verdunkelung:<\/strong><\/h2>\n<table>\n<tbody>\n<tr>\n<td width=\"284\">Art Nr.<\/td>\n<td width=\"284\">WMA04<\/td>\n<\/tr>\n<tr>\n<td width=\"284\">Variable Beschattung<\/td>\n<td width=\"284\">Din9-13<\/td>\n<\/tr>\n<tr>\n<td width=\"284\">Einstellung der Dunkelheit<\/td>\n<td width=\"284\">Extern<\/td>\n<\/tr>\n<tr>\n<td width=\"284\">Bereich der Betrachtung<\/td>\n<td width=\"284\">98*44CM<\/td>\n<\/tr>\n<tr>\n<td width=\"284\">Schaltzeit des Schutzhelms Schild<\/td>\n<td width=\"284\">a) Hell bis dunkel: 1\/25.000s.<\/p>\n<p>b) Dunkel zu hell: 0,1~1s.<\/td>\n<\/tr>\n<tr>\n<td width=\"284\">Empfindlichkeit<\/td>\n<td width=\"284\">Niedrig und hoch, stufenlos einstellbar<\/td>\n<\/tr>\n<tr>\n<td width=\"284\">Leichter Zustand<\/td>\n<td width=\"284\">Farbton DIN 4<\/td>\n<\/tr>\n<tr>\n<td width=\"284\">UV\/IR-Schutz<\/td>\n<td width=\"284\">Bis zum Schatten DIN 16 zu jeder Zeit<\/td>\n<\/tr>\n<tr>\n<td width=\"284\">Strom ein\/aus<\/td>\n<td width=\"284\">Automatisch<\/td>\n<\/tr>\n<tr>\n<td width=\"284\">Stromversorgung<\/td>\n<td width=\"284\">Gro\u00dfe Solarzellen, zwei Lithium-Batterien<\/td>\n<\/tr>\n<tr>\n<td width=\"284\">Modus<\/td>\n<td width=\"284\">Schwei\u00dfen\/Schleifen<\/td>\n<\/tr>\n<tr>\n<td width=\"284\">Garantie<\/td>\n<td width=\"284\">2 Jahre<\/td>\n<\/tr>\n<tr>\n<td width=\"284\">Material &amp; Wiegen<\/td>\n<td width=\"284\">PP, 0.48kgs.<\/td>\n<\/tr>\n<tr>\n<td width=\"284\">Feuerbest\u00e4ndigkeit<\/td>\n<td width=\"284\">Ja<\/td>\n<\/tr>\n<tr>\n<td width=\"284\">Dimension<\/td>\n<td width=\"284\">360mm*240mm*230mm<\/td>\n<\/tr>\n<tr>\n<td width=\"284\">Betriebstemperatur<\/td>\n<td width=\"284\">-10\u2103~\uff0b55\u2103<\/td>\n<\/tr>\n<tr>\n<td width=\"284\">Lagertemperatur<\/td>\n<td width=\"284\">-20\u2103~\uff0b70\u2103.<\/td>\n<\/tr>\n<\/tbody>\n<\/table>\n<p>&nbsp;<\/p>\n<div><strong><span style=\"font-size: 200%;\">Werkhalle :<\/span><\/strong><\/div>\n<div><img fetchpriority=\"high\" decoding=\"async\" class=\"alignnone size-full wp-image-737\" src=\"https:\/\/toprisesafety.com\/wp-content\/uploads\/2024\/08\/AUTO-WELDING-HELMET-FACTORY-PHOTOS-.jpg\" alt=\"\" width=\"687\" height=\"687\" \/><\/div>\n<div>\n<p>TOPRISE unterst\u00fctzt verschiedene Arten der Anpassung von Schwei\u00dfmasken und Schwei\u00dfhelmen; klicken Sie hier, um<a href=\"https:\/\/toprisesafety.com\/de\/product-category\/personal-protective-equipment\/face-protection\/welding-helmet\/\"> weitere Modelle von Schwei\u00dfmasken und Schwei\u00dfhelmen ansehen.<\/a><\/p>\n<p>Wenn Sie Ihre ben\u00f6tigten Schwei\u00dfmasken und Schwei\u00dfhelme nicht finden, <a href=\"https:\/\/toprisesafety.com\/de\/contact-us\/\">Kontaktieren Sie uns<\/a>; wir unterst\u00fctzen spezielle Anpassungen.<\/p>\n<\/div>","protected":false},"excerpt":{"rendered":"<p>Art.Nr. : WMA04<\/p>\n<p>Farbe: R\u00fccken<\/p>\n<p>Ansichtsfl\u00e4che: 98*44CM<\/p>\n<p>Variabler Farbton:  DIN9-13<\/p>\n<p>MOQ: 60PCS<\/p>","protected":false},"featured_media":6064,"template":"","meta":{"_acf_changed":false},"product_brand":[],"product_cat":[363,361,362],"product_tag":[287],"class_list":{"0":"post-6062","1":"product","2":"type-product","3":"status-publish","4":"has-post-thumbnail","6":"product_cat-auto-welding-helmet","7":"product_cat-face-protection","8":"product_cat-welding-helmet","9":"product_tag-new-auto-darkening-welding-mask","11":"first","12":"instock","13":"product-type-simple"},"acf":[],"_links":{"self":[{"href":"https:\/\/toprisesafety.com\/de\/wp-json\/wp\/v2\/product\/6062"}],"collection":[{"href":"https:\/\/toprisesafety.com\/de\/wp-json\/wp\/v2\/product"}],"about":[{"href":"https:\/\/toprisesafety.com\/de\/wp-json\/wp\/v2\/types\/product"}],"wp:featuredmedia":[{"embeddable":true,"href":"https:\/\/toprisesafety.com\/de\/wp-json\/wp\/v2\/media\/6064"}],"wp:attachment":[{"href":"https:\/\/toprisesafety.com\/de\/wp-json\/wp\/v2\/media?parent=6062"}],"wp:term":[{"taxonomy":"product_brand","embeddable":true,"href":"https:\/\/toprisesafety.com\/de\/wp-json\/wp\/v2\/product_brand?post=6062"},{"taxonomy":"product_cat","embeddable":true,"href":"https:\/\/toprisesafety.com\/de\/wp-json\/wp\/v2\/product_cat?post=6062"},{"taxonomy":"product_tag","embeddable":true,"href":"https:\/\/toprisesafety.com\/de\/wp-json\/wp\/v2\/product_tag?post=6062"}],"curies":[{"name":"wp","href":"https:\/\/api.w.org\/{rel}","templated":true}]}}