{"id":6051,"date":"2018-02-24T04:01:04","date_gmt":"2018-02-24T04:01:04","guid":{"rendered":"https:\/\/toprisesafety.com\/product\/new-ce-en166-ansi-z871-safety-glasses\/"},"modified":"2025-03-14T07:11:00","modified_gmt":"2025-03-14T07:11:00","slug":"ansi-z87-1-safety-glasses","status":"publish","type":"product","link":"https:\/\/toprisesafety.com\/de\/product\/ansi-z87-1-safety-glasses\/","title":{"rendered":"Ansi Z87.1 Schutzbrille"},"content":{"rendered":"<h2>Ansi Z87.1 Schutzbrille<\/h2>\n<ul>\n<li style=\"list-style-type: none;\">\n<ul>\n<li data-spm-anchor-id=\"a2700.details.pronpeci14.i1.27d3343eMQ2sgq\">Sportmodell, PC-Objektiv und Beine<\/li>\n<\/ul>\n<\/li>\n<\/ul>\n<ul>\n<li style=\"list-style-type: none;\">\n<ul>\n<li>Einteilige Linse, geringes Gewicht<\/li>\n<\/ul>\n<\/li>\n<\/ul>\n<ul>\n<li style=\"list-style-type: none;\">\n<ul>\n<li>Linsenfarbe: Klar, grau, gelb, rot, blau usw. Linsenfarbe zur Auswahl<\/li>\n<\/ul>\n<\/li>\n<\/ul>\n<ul>\n<li style=\"list-style-type: none;\">\n<ul>\n<li>Kratz- und sto\u00dffeste Polycarbonatlinse<\/li>\n<\/ul>\n<\/li>\n<\/ul>\n<ul>\n<li style=\"list-style-type: none;\">\n<ul>\n<li>Anti-Fog beschichtete Gl\u00e4ser f\u00fcr chemische und medizinische Zwecke (optional)<\/li>\n<\/ul>\n<\/li>\n<\/ul>\n<ul>\n<li style=\"list-style-type: none;\">\n<ul>\n<li>UV400-Schutz, entspricht den CE- und ANSI-Normen<\/li>\n<\/ul>\n<\/li>\n<\/ul>\n<ul>\n<li style=\"list-style-type: none;\">\n<ul>\n<li>Bequemer und sicherer Sitz der breiten<\/li>\n<\/ul>\n<\/li>\n<\/ul>\n<p align=\"left\"><strong>Unterschiedliche Farblinsenmerkmale:<\/strong><\/p>\n<ul>\n<li style=\"list-style-type: none;\">\n<ul>\n<li>Grau: Au\u00dfen. 100% UVA&amp;UVB-Schutz<\/li>\n<\/ul>\n<\/li>\n<\/ul>\n<ul>\n<li style=\"list-style-type: none;\">\n<ul>\n<li>Klar: Allgemeine Zwecke<\/li>\n<\/ul>\n<\/li>\n<\/ul>\n<ul>\n<li style=\"list-style-type: none;\">\n<ul>\n<li>Gelb: Nachtfahrten und Piloten. Absorption des blauen Lichts im sichtbaren Bereich, wodurch der Kontrast verst\u00e4rkt wird.<\/li>\n<\/ul>\n<\/li>\n<\/ul>\n<ul>\n<li style=\"list-style-type: none;\">\n<ul>\n<li>Rot: Spezielle UV-Mischung. Laserresistente Strahlen<\/li>\n<\/ul>\n<\/li>\n<\/ul>\n<ul>\n<li style=\"list-style-type: none;\">\n<ul>\n<li>Orange: Weiche Sicht. Filtrieren Sie elektrische Wellenl\u00e4nge und infrarote Strahlung<\/li>\n<\/ul>\n<\/li>\n<\/ul>\n<ul>\n<li style=\"list-style-type: none;\">\n<ul>\n<li>Leicht verspiegelte Beschichtung: bietet Schutz vor starken St\u00f6\u00dfen und sch\u00e4dlichen UV-Strahlen f\u00fcr Innen- und Au\u00dfenanwendungen, ohne dass das Glas gewechselt werden muss.<\/li>\n<\/ul>\n<\/li>\n<\/ul>\n<h2><strong>Ansi Z87.1 Spezifikation f\u00fcr Schutzbrillen:\u00a0<\/strong><\/h2>\n<table>\n<tbody>\n<tr>\n<td width=\"284\">Art Nr.<\/td>\n<td width=\"284\">SG04<\/td>\n<\/tr>\n<tr>\n<td width=\"284\">Material<\/td>\n<td width=\"284\">\u00a0PC Linse &amp; Beine<\/td>\n<\/tr>\n<tr>\n<td width=\"284\">Qualit\u00e4tsstandard<\/td>\n<td width=\"284\">CE EN166 &amp; ANSI Z87.1<\/td>\n<\/tr>\n<tr>\n<td width=\"284\">Funktion<\/td>\n<td width=\"284\">Anti-UV, Anti-Kratz, Anti-Beschlag f\u00fcr die Wahl<\/td>\n<\/tr>\n<tr>\n<td width=\"284\">Gr\u00f6\u00dfe<\/td>\n<td width=\"284\">Standardgr\u00f6\u00dfe f\u00fcr Erwachsene<\/td>\n<\/tr>\n<tr>\n<td width=\"284\">Farbe<\/td>\n<td width=\"284\">Schwarz, Grau, Gelb, Klar, Blau, etc.<\/td>\n<\/tr>\n<tr>\n<td width=\"284\">Verpacken<\/td>\n<td width=\"284\">Polybeutel, Kopfkarte, Blisterbox, Farbbox usw.<\/td>\n<\/tr>\n<tr>\n<td width=\"284\">Anmeldung<\/td>\n<td width=\"284\">Bauwesen, Industrie, Bergbau, Landwirtschaft, Reiten, Labor, Milit\u00e4r, \u00d6l usw.<\/td>\n<\/tr>\n<\/tbody>\n<\/table>\n<p>TOPRISE unterst\u00fctzt verschiedene Arten der Anpassung von Sicherheits- und Schwei\u00dferbrillen; klicken Sie auf <a href=\"https:\/\/toprisesafety.com\/de\/product-category\/personal-protective-equipment\/eye-protection\/safety-glasses\/\">weitere Modelle von Schutzbrillen und Schwei\u00dferbrillen ansehen<\/a>.<\/p>\n<p>Wenn Sie Ihre ben\u00f6tigte Schutzbrille oder Schwei\u00dferbrille nicht finden k\u00f6nnen, <a href=\"https:\/\/toprisesafety.com\/de\/contact-us\/\">Kontaktieren Sie uns<\/a>; wir unterst\u00fctzen spezielle Anpassungen.<\/p>\n<figure id=\"attachment_744\" class=\"wp-caption alignnone\" style=\"width: 720px;\" aria-describedby=\"caption-attachment-744\"><figcaption id=\"caption-attachment-744\" class=\"wp-caption-text\"><\/figcaption><\/figure>","protected":false},"excerpt":{"rendered":"<p>Art.Nr.: SG04<\/p>\n<p>Material: PC Linse und Beine<\/p>\n<p>Farbe: Klar, dunkelgrau, gelb, blau usw.<\/p>\n<p>Merkmal: Anti-UV, Anti-Kratzer, Anti-Beschlag f\u00fcr Wahl<\/p>\n<p>Norm: CE EN166, ANSI Z87.1<\/p>\n<p>MOQ: 1200PCS, Sonderfarbe 3000PCS<\/p>","protected":false},"featured_media":6053,"template":"","meta":{"_acf_changed":false},"product_brand":[],"product_cat":[357,360],"product_tag":[277],"class_list":{"0":"post-6051","1":"product","2":"type-product","3":"status-publish","4":"has-post-thumbnail","6":"product_cat-eye-protection","7":"product_cat-safety-glasses","8":"product_tag-new-ce-en166-ansi-z87-1-safety-glasses","10":"first","11":"instock","12":"product-type-simple"},"acf":[],"_links":{"self":[{"href":"https:\/\/toprisesafety.com\/de\/wp-json\/wp\/v2\/product\/6051"}],"collection":[{"href":"https:\/\/toprisesafety.com\/de\/wp-json\/wp\/v2\/product"}],"about":[{"href":"https:\/\/toprisesafety.com\/de\/wp-json\/wp\/v2\/types\/product"}],"wp:featuredmedia":[{"embeddable":true,"href":"https:\/\/toprisesafety.com\/de\/wp-json\/wp\/v2\/media\/6053"}],"wp:attachment":[{"href":"https:\/\/toprisesafety.com\/de\/wp-json\/wp\/v2\/media?parent=6051"}],"wp:term":[{"taxonomy":"product_brand","embeddable":true,"href":"https:\/\/toprisesafety.com\/de\/wp-json\/wp\/v2\/product_brand?post=6051"},{"taxonomy":"product_cat","embeddable":true,"href":"https:\/\/toprisesafety.com\/de\/wp-json\/wp\/v2\/product_cat?post=6051"},{"taxonomy":"product_tag","embeddable":true,"href":"https:\/\/toprisesafety.com\/de\/wp-json\/wp\/v2\/product_tag?post=6051"}],"curies":[{"name":"wp","href":"https:\/\/api.w.org\/{rel}","templated":true}]}}